{"id":10873,"date":"2021-02-25T16:26:31","date_gmt":"2021-02-25T16:26:31","guid":{"rendered":"https:\/\/padillacarretillaselevadoras.com\/contact\/"},"modified":"2021-03-19T09:51:46","modified_gmt":"2021-03-19T09:51:46","slug":"contact","status":"publish","type":"page","link":"https:\/\/padillacarretillaselevadoras.com\/en\/contact\/","title":{"rendered":"Contact"},"content":{"rendered":"\n\t<section class=\"section\" id=\"section_1018119007\">\n\t\t<div class=\"section-bg fill\" >\n\t\t\t\t\t\t\t\t\t<div class=\"section-bg-overlay absolute fill\"><\/div>\n\t\t\t\n\n\t\t<\/div>\n\n\t\t\n\n\t\t<div class=\"section-content relative\">\n\t\t\t\n<div class=\"row row-large align-center\" style=\"max-width:86%\" id=\"row-1898804750\">\n\n\t<div id=\"col-655234644\" class=\"col medium-10 small-12 large-5\"  >\n\t\t\t\t<div class=\"col-inner text-left\"  data-parallax-fade=\"true\" data-parallax=\"2\">\n\t\t\t\n\t\t\t\n<h1><span style=\"color: #ff8b00\"><strong>CONTACT US!<\/strong><\/span><\/h1>\n\n<div class=\"wpcf7 no-js\" id=\"wpcf7-f14435-o1\" lang=\"en-US\" dir=\"ltr\">\n<div class=\"screen-reader-response\"><p role=\"status\" aria-live=\"polite\" aria-atomic=\"true\"><\/p> <ul><\/ul><\/div>\n<form action=\"\/en\/wp-json\/wp\/v2\/pages\/10873#wpcf7-f14435-o1\" method=\"post\" class=\"wpcf7-form init\" aria-label=\"Contact form\" novalidate=\"novalidate\" data-status=\"init\">\n<div style=\"display: none;\">\n<input type=\"hidden\" name=\"_wpcf7\" value=\"14435\" \/>\n<input type=\"hidden\" name=\"_wpcf7_version\" value=\"5.7.7\" \/>\n<input type=\"hidden\" name=\"_wpcf7_locale\" value=\"en_US\" \/>\n<input type=\"hidden\" name=\"_wpcf7_unit_tag\" value=\"wpcf7-f14435-o1\" \/>\n<input type=\"hidden\" name=\"_wpcf7_container_post\" value=\"0\" \/>\n<input type=\"hidden\" name=\"_wpcf7_posted_data_hash\" value=\"\" \/>\n<\/div>\n<p><link rel=\"stylesheet\" href=\"https:\/\/cdnjs.cloudflare.com\/ajax\/libs\/font-awesome\/5.15.2\/css\/all.min.css\" integrity=\"sha512-HK5fgLBL+xu6dm\/Ii3z4xhlSUyZgTT9tuc\/hSrtw6uzJOvgRr2a9jyxxT1ely+B+xFAmJKVSTbpM\/CuL7qxO8w==\" crossorigin=\"anonymous\" \/>\n<\/p>\n<div id=\"responsive-form\" class=\"clearfix\">\n\t<div class=\"form-row\">\n\t\t<div class=\"column-half \">\n\t\t\t<p><span class=\"style-contact-padilla\">Name<\/span><span class=\"style-contact-padilla-2\">*<\/span><span class=\"wpcf7-form-control-wrap\" data-name=\"first-name\"><input size=\"40\" class=\"wpcf7-form-control wpcf7-text wpcf7-validates-as-required\" aria-required=\"true\" aria-invalid=\"false\" placeholder=\"Name\" value=\"\" type=\"text\" name=\"first-name\" \/><\/span>\n\t\t\t<\/p>\n\t\t<\/div>\n\t\t<div class=\"column-half\">\n\t\t\t<p><span class=\"style-contact-padilla\">Last Name<\/span><span class=\"wpcf7-form-control-wrap\" data-name=\"last-name\"><input size=\"40\" class=\"wpcf7-form-control wpcf7-text wpcf7-validates-as-required\" aria-required=\"true\" aria-invalid=\"false\" placeholder=\"Last-name\" value=\"\" type=\"text\" name=\"last-name\" \/><\/span>\n\t\t\t<\/p>\n\t\t<\/div>\n\t<\/div>\n\t<div class=\"form-row\">\n\t\t<div class=\"column-half \">\n\t\t\t<p><span class=\"style-contact-padilla\">Email<\/span><span class=\"style-contact-padilla-2\">*<\/span><span class=\"wpcf7-form-control-wrap\" data-name=\"your-email\"><input size=\"40\" class=\"wpcf7-form-control wpcf7-text wpcf7-email wpcf7-validates-as-required wpcf7-validates-as-email\" aria-required=\"true\" aria-invalid=\"false\" placeholder=\"youreamil@example.com\" value=\"\" type=\"email\" name=\"your-email\" \/><\/span>\n\t\t\t<\/p>\n\t\t<\/div>\n\t\t<div class=\"column-half\">\n\t\t\t<p><span class=\"style-contact-padilla\">Phone<\/span><span class=\"style-contact-padilla-2\">*<\/span><span class=\"wpcf7-form-control-wrap\" data-name=\"your-phone\"><input size=\"40\" class=\"wpcf7-form-control wpcf7-text wpcf7-validates-as-required\" aria-required=\"true\" aria-invalid=\"false\" placeholder=\"+00 000 000 000\" value=\"\" type=\"text\" name=\"your-phone\" \/><\/span>\n\t\t\t<\/p>\n\t\t<\/div>\n\t<\/div>\n\t<div class=\"form-row\">\n\t\t<div class=\"column-full \">\n\t\t\t<p><span class=\"style-contact-padilla\">Subjet<\/span><span class=\"style-contact-padilla-2\">*<\/span><span class=\"wpcf7-form-control-wrap\" data-name=\"your-subject\"><input size=\"40\" class=\"wpcf7-form-control wpcf7-text wpcf7-validates-as-required\" aria-required=\"true\" aria-invalid=\"false\" placeholder=\"Subjet\" value=\"\" type=\"text\" name=\"your-subject\" \/><\/span>\n\t\t\t<\/p>\n\t\t<\/div>\n\t<\/div>\n\t<div class=\"form-row\">\n\t\t<div class=\"column-full \">\n\t\t\t<p><span class=\"style-contact-padilla\">Message<\/span><span class=\"style-contact-padilla-2\">*<\/span><span class=\"wpcf7-form-control-wrap\" data-name=\"your-message\"><textarea cols=\"40\" rows=\"10\" class=\"wpcf7-form-control wpcf7-textarea\" aria-invalid=\"false\" placeholder=\"Write here...\" name=\"your-message\"><\/textarea><\/span>\n\t\t\t<\/p>\n\t\t<\/div>\n\t<\/div>\n\t<div class=\"form-row\">\n\t\t<div class=\"column-full wrapper-pad\" id=\"checkpadilla\">\n\t\t\t<p><span class=\"wpcf7-form-control-wrap\" data-name=\"acceptance-711\"><span class=\"wpcf7-form-control wpcf7-acceptance\"><span class=\"wpcf7-list-item\"><label><input type=\"checkbox\" name=\"acceptance-711\" value=\"1\" aria-invalid=\"false\" \/><span class=\"wpcf7-list-item-label\"><label for=\"checkpadilla\"><p>I confirm that I have read and accept the <a class=\"terms-and-cond-pad\" href=\"#\">Terms and Conditions.*<\/a><\/p><\/label><\/span><\/label><\/span><\/span><\/span>\n\t\t\t<\/p>\n\t\t<\/div>\n\t\t<div class=\"column-full wrapper-pad second-check-pad\" id=\"checkpadilla\">\n\t\t\t<p><span class=\"wpcf7-form-control-wrap\" data-name=\"acceptance-711\"><span class=\"wpcf7-form-control wpcf7-acceptance\"><span class=\"wpcf7-list-item\"><label><input type=\"checkbox\" name=\"acceptance-711\" value=\"1\" aria-invalid=\"false\" \/><span class=\"wpcf7-list-item-label\"><label for=\"checkpadilla\"><p class=\"p-peque-padilla\">We request your AUTHORISATION to provide you with services related to those requested, and to continue receiving information from us. If you do not authorise us to do so, we will not be able to continue to communicate such information to you.<a class=\"terms-and-cond-pad p-peque-padilla-a\" href=\"#\">Privacy Policy*<\/a><\/p><\/label><\/span><\/label><\/span><\/span><\/span>\n\t\t\t<\/p>\n\t\t<\/div>\n\t\t<div class=\"column-full\">\n\t\t\t<p><input class=\"wpcf7-form-control has-spinner wpcf7-submit\" type=\"submit\" value=\"ENVIAR\" \/>\n\t\t\t<\/p>\n\t\t<\/div>\n\t<\/div>\n<\/div><!--end responsive-form--><input type=\"hidden\" id=\"ct_checkjs_cf7_934815ad542a4a7c5e8a2dfa04fea9f5\" name=\"ct_checkjs_cf7\" value=\"0\" \/><script >setTimeout(function(){var ct_input_name = \"ct_checkjs_cf7_934815ad542a4a7c5e8a2dfa04fea9f5\";if (document.getElementById(ct_input_name) !== null) {var ct_input_value = document.getElementById(ct_input_name).value;document.getElementById(ct_input_name).value = document.getElementById(ct_input_name).value.replace(ct_input_value, 'd32fcc3917fd8d2ea4dcac4cd41148c432414a3d06b0765dd74bb9acff490044');}}, 1000);<\/script><input\n                    class=\"apbct_special_field apbct_email_id__wp_contact_form_7\"\n                    name=\"apbct__email_id__wp_contact_form_7\"\n                    aria-label=\"apbct__label_id__wp_contact_form_7\"\n                    type=\"text\" size=\"30\" maxlength=\"200\" autocomplete=\"off\"\n                    value=\"\"\n                \/><p style=\"display: none !important;\" class=\"akismet-fields-container\" data-prefix=\"_wpcf7_ak_\"><label>&#916;<textarea name=\"_wpcf7_ak_hp_textarea\" cols=\"45\" rows=\"8\" maxlength=\"100\"><\/textarea><\/label><input type=\"hidden\" id=\"ak_js_1\" name=\"_wpcf7_ak_js\" value=\"162\"\/><script>document.getElementById( \"ak_js_1\" ).setAttribute( \"value\", ( new Date() ).getTime() );<\/script><\/p><input type='hidden' class='wpcf7-pum' value='{\"closepopup\":false,\"closedelay\":0,\"openpopup\":false,\"openpopup_id\":0}' \/><div class=\"wpcf7-response-output\" aria-hidden=\"true\"><\/div>\n<\/form>\n<\/div>\n\n\t\t<\/div>\n\t\t\t\t\t<\/div>\n\n\t\n\n\t<div id=\"col-126386962\" class=\"col medium-12 small-12 large-4\"  >\n\t\t\t\t<div class=\"col-inner\"  data-parallax-fade=\"true\" data-parallax=\"-5\">\n\t\t\t\n\t\t\t\n\n  <div class=\"banner has-hover\" id=\"banner-1906023885\">\n          <div class=\"banner-inner fill\">\n        <div class=\"banner-bg fill\" >\n            <img width=\"901\" height=\"950\" src=\"https:\/\/padillacarretillaselevadoras.com\/wp-content\/uploads\/2021\/03\/mapa@padilla-1.jpg\" class=\"bg attachment-large size-large\" alt=\"distribuidora Crown en las Islas Canarias\" loading=\"lazy\" \/>                                    \n                    <\/div>\n\t\t\n        <div class=\"banner-layers container\">\n            <div class=\"fill banner-link\"><\/div>            \n   <div id=\"text-box-1136577015\" class=\"text-box banner-layer x50 md-x50 lg-x50 y50 md-y50 lg-y50 res-text\">\n                                <div class=\"text-box-content text dark\">\n              \n              <div class=\"text-inner text-center\">\n                  \n              <\/div>\n           <\/div>\n                            \n<style>\n#text-box-1136577015 {\n  width: 60%;\n}\n#text-box-1136577015 .text-box-content {\n  font-size: 100%;\n}\n@media (min-width:550px) {\n  #text-box-1136577015 {\n    width: 60%;\n  }\n}\n<\/style>\n    <\/div>\n \n        <\/div>\n      <\/div>\n\n            \n<style>\n#banner-1906023885 {\n  padding-top: 550px;\n}\n<\/style>\n  <\/div>\n\n\n\t\t<\/div>\n\t\t\t\t\t<\/div>\n\n\t\n\n\t<div id=\"col-1366078952\" class=\"col medium-12 small-12 large-3\"  >\n\t\t\t\t<div class=\"col-inner\"  data-parallax-fade=\"true\" data-parallax=\"2\">\n\t\t\t\n\t\t\t\n<p><span style=\"font-size: 2rem;font-weight: 900;letter-spacing: -0.1rem;color: #25262a\">In one click<\/span><\/p>\n<p><span style=\"font-size: 1.2rem;font-weight: 600;color: #25262a\"><strong>Do you have any questions?<\/strong> <\/span><br \/>\n<span style=\"color: #25262a\">If you have any questions, do not hesitate to contact us.<\/span><\/p>\n<p><span style=\"color: #25262a\">We have a customer service phone and e-mail service to answer all the questions that may arise.<\/span><\/p>\n\n\t\t<div class=\"icon-box featured-box icon-box-left text-left\"  >\n\t\t\t\t\t<div class=\"icon-box-img\" style=\"width: 40px\">\n\t\t\t\t<div class=\"icon\">\n\t\t\t\t\t<div class=\"icon-inner\" >\n\t\t\t\t\t\t<img width=\"300\" height=\"300\" src=\"https:\/\/padillacarretillaselevadoras.com\/wp-content\/uploads\/2021\/01\/Mesa-de-trabajo-\u2013-2@2x-300x300.png\" class=\"attachment-medium size-medium\" alt=\"\" loading=\"lazy\" srcset=\"https:\/\/padillacarretillaselevadoras.com\/wp-content\/uploads\/2021\/01\/Mesa-de-trabajo-\u2013-2@2x-300x300.png 300w, https:\/\/padillacarretillaselevadoras.com\/wp-content\/uploads\/2021\/01\/Mesa-de-trabajo-\u2013-2@2x-150x150.png 150w, https:\/\/padillacarretillaselevadoras.com\/wp-content\/uploads\/2021\/01\/Mesa-de-trabajo-\u2013-2@2x-247x247.png 247w, https:\/\/padillacarretillaselevadoras.com\/wp-content\/uploads\/2021\/01\/Mesa-de-trabajo-\u2013-2@2x-100x100.png 100w, https:\/\/padillacarretillaselevadoras.com\/wp-content\/uploads\/2021\/01\/Mesa-de-trabajo-\u2013-2@2x.png 346w\" sizes=\"(max-width: 300px) 100vw, 300px\" \/>\t\t\t\t\t<\/div>\n\t\t\t\t<\/div>\n\t\t\t<\/div>\n\t\t\t\t<div class=\"icon-box-text last-reset\">\n\t\t\t\t\t\t\t\t\t\n<p><span style=\"font-size: 1rem;font-weight: 900;color: #ff8b00\">FIND US!<\/span><br \/>\n<span style=\"font-size: 85%;color: #ff8b00\">Padilla Forklift Trucks 4.0<\/span><span style=\"font-size: 85%;color: #ff8b00\"> Pol.Ind Valle de G\u00fc\u00edmar, Nave 10 Manzana XV, G\u00fc\u00edmar 38509 (Santa Cruz de Tenerife)<\/span><\/p>\n\t\t<\/div>\n\t<\/div>\n\t\n\t\n\n\t\t<div class=\"icon-box featured-box alinear-iconos icon-box-left text-left\"  style=\"margin:15px 0px 0px 0px;\">\n\t\t\t\t\t<div class=\"icon-box-img\" style=\"width: 40px\">\n\t\t\t\t<div class=\"icon\">\n\t\t\t\t\t<div class=\"icon-inner\" >\n\t\t\t\t\t\t<img width=\"300\" height=\"300\" src=\"https:\/\/padillacarretillaselevadoras.com\/wp-content\/uploads\/2021\/01\/Mesa-de-trabajo-\u2013-3@2x-300x300.png\" class=\"attachment-medium size-medium\" alt=\"\" loading=\"lazy\" srcset=\"https:\/\/padillacarretillaselevadoras.com\/wp-content\/uploads\/2021\/01\/Mesa-de-trabajo-\u2013-3@2x-300x300.png 300w, https:\/\/padillacarretillaselevadoras.com\/wp-content\/uploads\/2021\/01\/Mesa-de-trabajo-\u2013-3@2x-150x150.png 150w, https:\/\/padillacarretillaselevadoras.com\/wp-content\/uploads\/2021\/01\/Mesa-de-trabajo-\u2013-3@2x-247x247.png 247w, https:\/\/padillacarretillaselevadoras.com\/wp-content\/uploads\/2021\/01\/Mesa-de-trabajo-\u2013-3@2x-100x100.png 100w, https:\/\/padillacarretillaselevadoras.com\/wp-content\/uploads\/2021\/01\/Mesa-de-trabajo-\u2013-3@2x.png 346w\" sizes=\"(max-width: 300px) 100vw, 300px\" \/>\t\t\t\t\t<\/div>\n\t\t\t\t<\/div>\n\t\t\t<\/div>\n\t\t\t\t<div class=\"icon-box-text last-reset\">\n\t\t\t\t\t\t\t\t\t\n<p><a href=\"mailto:as********@**************************as.com\" data-original-string=\"DDno2JnnBrsgkSGhyyVHtA==e88ebHvUNQIFhCWE+zvflCg4MldnVDBP75G1YqTVrSr5Zzus397IPDrBL\/Jk\/mn2woL\" title=\"This contact has been encoded by Anti-Spam by CleanTalk. Click to decode. To finish the decoding make sure that JavaScript is enabled in your browser.\"><span style=\"font-size: 1rem;font-weight: 900;color: #ff8b00\">CONTACT US!<\/span><\/a><\/p>\n\t\t<\/div>\n\t<\/div>\n\t\n\t\n\n\t\t<div class=\"icon-box featured-box alinear-iconos icon-box-left text-left\"  style=\"margin:14px 0px 0px 0px;\">\n\t\t\t\t\t<div class=\"icon-box-img\" style=\"width: 40px\">\n\t\t\t\t<div class=\"icon\">\n\t\t\t\t\t<div class=\"icon-inner\" >\n\t\t\t\t\t\t<img width=\"300\" height=\"300\" src=\"https:\/\/padillacarretillaselevadoras.com\/wp-content\/uploads\/2021\/01\/Mesa-de-trabajo-\u2013-4@2x-300x300.png\" class=\"attachment-medium size-medium\" alt=\"\" loading=\"lazy\" srcset=\"https:\/\/padillacarretillaselevadoras.com\/wp-content\/uploads\/2021\/01\/Mesa-de-trabajo-\u2013-4@2x-300x300.png 300w, https:\/\/padillacarretillaselevadoras.com\/wp-content\/uploads\/2021\/01\/Mesa-de-trabajo-\u2013-4@2x-150x150.png 150w, https:\/\/padillacarretillaselevadoras.com\/wp-content\/uploads\/2021\/01\/Mesa-de-trabajo-\u2013-4@2x-247x247.png 247w, https:\/\/padillacarretillaselevadoras.com\/wp-content\/uploads\/2021\/01\/Mesa-de-trabajo-\u2013-4@2x-100x100.png 100w, https:\/\/padillacarretillaselevadoras.com\/wp-content\/uploads\/2021\/01\/Mesa-de-trabajo-\u2013-4@2x.png 346w\" sizes=\"(max-width: 300px) 100vw, 300px\" \/>\t\t\t\t\t<\/div>\n\t\t\t\t<\/div>\n\t\t\t<\/div>\n\t\t\t\t<div class=\"icon-box-text last-reset\">\n\t\t\t\t\t\t\t\t\t\n<p><a href=\"tel:+34%20922%20367%20312\"><span style=\"font-size: 1rem;font-weight: 900;color: #ff8b00\">+34 922 367 312<\/span><\/a><\/p>\n\t\t<\/div>\n\t<\/div>\n\t\n\t\n\t\t<\/div>\n\t\t\t\t\n<style>\n#col-1366078952 > .col-inner {\n  padding: 48px 0px 0px 0px;\n}\n<\/style>\n\t<\/div>\n\n\t\n\n\t<div id=\"col-1389829944\" class=\"col medium-12 small-12 large-12\"  >\n\t\t\t\t<div class=\"col-inner\"  >\n\t\t\t\n\t\t\t\n<p><span style=\"font-size: 75%;color: #c0c0c0\">PADILLA CARRETILLAS ELEVADORAS 4.0, SL, with registered office at Pol. Ind. Valle G\u00fc\u00edmar, Nave 10, Manzana XV, 38509 G\u00fc\u00edmar, Santa Cruz de Tenerife, CIF B-76.753.565, and telephone number 922367312: We process your personal data in order to provide you with the requested service consisting of repair of industrial machinery, retail trade minor of forklifts, fuels for the assortment of vehicles and oils, and lubricating greases; forklift rental. Such data will be kept as long as the commercial relationship is maintained or during the years necessary to comply with legal obligations. The data will not be transferred to third parties except in cases where there is a legal obligation, or with your express consent. You have the right to obtain confirmation of whether PADILLA CARRETILLAS ELEVADORAS 4.0, SL is treating your personal data and, therefore, you have the right to access your personal data, rectify inaccurate data or request its deletion when the data is no longer necessary.<\/span><\/p>\n\t\t<\/div>\n\t\t\t\t\t<\/div>\n\n\t\n<\/div>\n\t\t<\/div>\n\n\t\t\n<style>\n#section_1018119007 {\n  padding-top: 85px;\n  padding-bottom: 85px;\n  background-color: rgb(245, 245, 245);\n}\n#section_1018119007 .section-bg-overlay {\n  background-color: rgba(255,255,255,.5);\n}\n<\/style>\n\t<\/section>\n\t\n\n\t<section class=\"section has-parallax\" id=\"section_1154116365\">\n\t\t<div class=\"section-bg fill\" data-parallax-container=\".section\" data-parallax-background data-parallax=\"-6\">\n\t\t\t<img width=\"1200\" height=\"550\" src=\"https:\/\/padillacarretillaselevadoras.com\/wp-content\/uploads\/2021\/01\/carretillas-elevadoras-tenerif-Padilla.jpg\" class=\"bg attachment- size-\" alt=\"\" loading=\"lazy\" \/>\t\t\t\t\t\t<div class=\"section-bg-overlay absolute fill\"><\/div>\n\t\t\t\n\n\t\t<\/div>\n\n\t\t\n\n\t\t<div class=\"section-content relative\">\n\t\t\t\n\t\t<\/div>\n\n\t\t\n<style>\n#section_1154116365 {\n  padding-top: 154px;\n  padding-bottom: 154px;\n  background-color: rgb(0,0,0);\n}\n#section_1154116365 .section-bg-overlay {\n  background-color: rgba(39, 39, 39, 0.779);\n}\n#section_1154116365 .section-bg img {\n  object-position: 0% 40%;\n}\n<\/style>\n\t<\/section>\n\t\n","protected":false},"excerpt":{"rendered":"","protected":false},"author":1,"featured_media":0,"parent":0,"menu_order":0,"comment_status":"closed","ping_status":"closed","template":"page-blank.php","meta":[],"yoast_head":"<!-- This site is optimized with the Yoast SEO plugin v20.6 - https:\/\/yoast.com\/wordpress\/plugins\/seo\/ -->\n<title>Contact - Padilla Carretillas Elevadoras 4.0<\/title>\n<meta name=\"robots\" content=\"index, follow, max-snippet:-1, max-image-preview:large, max-video-preview:-1\" \/>\n<link rel=\"canonical\" href=\"https:\/\/padillacarretillaselevadoras.com\/en\/contact\/\" \/>\n<meta property=\"og:locale\" content=\"en_US\" \/>\n<meta property=\"og:type\" content=\"article\" \/>\n<meta property=\"og:title\" content=\"Contact - Padilla Carretillas Elevadoras 4.0\" \/>\n<meta property=\"og:url\" content=\"https:\/\/padillacarretillaselevadoras.com\/en\/contact\/\" \/>\n<meta property=\"og:site_name\" content=\"Padilla Carretillas Elevadoras 4.0\" \/>\n<meta property=\"article:modified_time\" content=\"2021-03-19T09:51:46+00:00\" \/>\n<meta name=\"twitter:card\" content=\"summary_large_image\" \/>\n<meta name=\"twitter:label1\" content=\"Est. reading time\" \/>\n\t<meta name=\"twitter:data1\" content=\"2 minutes\" \/>\n<script type=\"application\/ld+json\" class=\"yoast-schema-graph\">{\"@context\":\"https:\/\/schema.org\",\"@graph\":[{\"@type\":\"WebPage\",\"@id\":\"https:\/\/padillacarretillaselevadoras.com\/en\/contact\/\",\"url\":\"https:\/\/padillacarretillaselevadoras.com\/en\/contact\/\",\"name\":\"Contact - Padilla Carretillas Elevadoras 4.0\",\"isPartOf\":{\"@id\":\"https:\/\/padillacarretillaselevadoras.com\/#website\"},\"datePublished\":\"2021-02-25T16:26:31+00:00\",\"dateModified\":\"2021-03-19T09:51:46+00:00\",\"breadcrumb\":{\"@id\":\"https:\/\/padillacarretillaselevadoras.com\/en\/contact\/#breadcrumb\"},\"inLanguage\":\"en-US\",\"potentialAction\":[{\"@type\":\"ReadAction\",\"target\":[\"https:\/\/padillacarretillaselevadoras.com\/en\/contact\/\"]}]},{\"@type\":\"BreadcrumbList\",\"@id\":\"https:\/\/padillacarretillaselevadoras.com\/en\/contact\/#breadcrumb\",\"itemListElement\":[{\"@type\":\"ListItem\",\"position\":1,\"name\":\"Portada\",\"item\":\"https:\/\/padillacarretillaselevadoras.com\/en\/\"},{\"@type\":\"ListItem\",\"position\":2,\"name\":\"Contact\"}]},{\"@type\":\"WebSite\",\"@id\":\"https:\/\/padillacarretillaselevadoras.com\/#website\",\"url\":\"https:\/\/padillacarretillaselevadoras.com\/\",\"name\":\"Padilla Carretillas Elevadoras 4.0\",\"description\":\"Carretillas elevadoras en Tenerife\",\"publisher\":{\"@id\":\"https:\/\/padillacarretillaselevadoras.com\/#organization\"},\"potentialAction\":[{\"@type\":\"SearchAction\",\"target\":{\"@type\":\"EntryPoint\",\"urlTemplate\":\"https:\/\/padillacarretillaselevadoras.com\/?s={search_term_string}\"},\"query-input\":\"required name=search_term_string\"}],\"inLanguage\":\"en-US\"},{\"@type\":\"Organization\",\"@id\":\"https:\/\/padillacarretillaselevadoras.com\/#organization\",\"name\":\"Padilla Carretillas Elevadoras 4.0\",\"url\":\"https:\/\/padillacarretillaselevadoras.com\/\",\"logo\":{\"@type\":\"ImageObject\",\"inLanguage\":\"en-US\",\"@id\":\"https:\/\/padillacarretillaselevadoras.com\/#\/schema\/logo\/image\/\",\"url\":\"https:\/\/padillacarretillaselevadoras.com\/wp-content\/uploads\/2018\/01\/logoWeb.png\",\"contentUrl\":\"https:\/\/padillacarretillaselevadoras.com\/wp-content\/uploads\/2018\/01\/logoWeb.png\",\"width\":255,\"height\":76,\"caption\":\"Padilla Carretillas Elevadoras 4.0\"},\"image\":{\"@id\":\"https:\/\/padillacarretillaselevadoras.com\/#\/schema\/logo\/image\/\"}}]}<\/script>\n<!-- \/ Yoast SEO plugin. -->","yoast_head_json":{"title":"Contact - Padilla Carretillas Elevadoras 4.0","robots":{"index":"index","follow":"follow","max-snippet":"max-snippet:-1","max-image-preview":"max-image-preview:large","max-video-preview":"max-video-preview:-1"},"canonical":"https:\/\/padillacarretillaselevadoras.com\/en\/contact\/","og_locale":"en_US","og_type":"article","og_title":"Contact - Padilla Carretillas Elevadoras 4.0","og_url":"https:\/\/padillacarretillaselevadoras.com\/en\/contact\/","og_site_name":"Padilla Carretillas Elevadoras 4.0","article_modified_time":"2021-03-19T09:51:46+00:00","twitter_card":"summary_large_image","twitter_misc":{"Est. reading time":"2 minutes"},"schema":{"@context":"https:\/\/schema.org","@graph":[{"@type":"WebPage","@id":"https:\/\/padillacarretillaselevadoras.com\/en\/contact\/","url":"https:\/\/padillacarretillaselevadoras.com\/en\/contact\/","name":"Contact - Padilla Carretillas Elevadoras 4.0","isPartOf":{"@id":"https:\/\/padillacarretillaselevadoras.com\/#website"},"datePublished":"2021-02-25T16:26:31+00:00","dateModified":"2021-03-19T09:51:46+00:00","breadcrumb":{"@id":"https:\/\/padillacarretillaselevadoras.com\/en\/contact\/#breadcrumb"},"inLanguage":"en-US","potentialAction":[{"@type":"ReadAction","target":["https:\/\/padillacarretillaselevadoras.com\/en\/contact\/"]}]},{"@type":"BreadcrumbList","@id":"https:\/\/padillacarretillaselevadoras.com\/en\/contact\/#breadcrumb","itemListElement":[{"@type":"ListItem","position":1,"name":"Portada","item":"https:\/\/padillacarretillaselevadoras.com\/en\/"},{"@type":"ListItem","position":2,"name":"Contact"}]},{"@type":"WebSite","@id":"https:\/\/padillacarretillaselevadoras.com\/#website","url":"https:\/\/padillacarretillaselevadoras.com\/","name":"Padilla Carretillas Elevadoras 4.0","description":"Carretillas elevadoras en Tenerife","publisher":{"@id":"https:\/\/padillacarretillaselevadoras.com\/#organization"},"potentialAction":[{"@type":"SearchAction","target":{"@type":"EntryPoint","urlTemplate":"https:\/\/padillacarretillaselevadoras.com\/?s={search_term_string}"},"query-input":"required name=search_term_string"}],"inLanguage":"en-US"},{"@type":"Organization","@id":"https:\/\/padillacarretillaselevadoras.com\/#organization","name":"Padilla Carretillas Elevadoras 4.0","url":"https:\/\/padillacarretillaselevadoras.com\/","logo":{"@type":"ImageObject","inLanguage":"en-US","@id":"https:\/\/padillacarretillaselevadoras.com\/#\/schema\/logo\/image\/","url":"https:\/\/padillacarretillaselevadoras.com\/wp-content\/uploads\/2018\/01\/logoWeb.png","contentUrl":"https:\/\/padillacarretillaselevadoras.com\/wp-content\/uploads\/2018\/01\/logoWeb.png","width":255,"height":76,"caption":"Padilla Carretillas Elevadoras 4.0"},"image":{"@id":"https:\/\/padillacarretillaselevadoras.com\/#\/schema\/logo\/image\/"}}]}},"_links":{"self":[{"href":"https:\/\/padillacarretillaselevadoras.com\/en\/wp-json\/wp\/v2\/pages\/10873"}],"collection":[{"href":"https:\/\/padillacarretillaselevadoras.com\/en\/wp-json\/wp\/v2\/pages"}],"about":[{"href":"https:\/\/padillacarretillaselevadoras.com\/en\/wp-json\/wp\/v2\/types\/page"}],"author":[{"embeddable":true,"href":"https:\/\/padillacarretillaselevadoras.com\/en\/wp-json\/wp\/v2\/users\/1"}],"replies":[{"embeddable":true,"href":"https:\/\/padillacarretillaselevadoras.com\/en\/wp-json\/wp\/v2\/comments?post=10873"}],"version-history":[{"count":10,"href":"https:\/\/padillacarretillaselevadoras.com\/en\/wp-json\/wp\/v2\/pages\/10873\/revisions"}],"predecessor-version":[{"id":14436,"href":"https:\/\/padillacarretillaselevadoras.com\/en\/wp-json\/wp\/v2\/pages\/10873\/revisions\/14436"}],"wp:attachment":[{"href":"https:\/\/padillacarretillaselevadoras.com\/en\/wp-json\/wp\/v2\/media?parent=10873"}],"curies":[{"name":"wp","href":"https:\/\/api.w.org\/{rel}","templated":true}]}}