{"id":13975,"date":"2021-03-08T13:13:55","date_gmt":"2021-03-08T13:13:55","guid":{"rendered":"https:\/\/padillacarretillaselevadoras.com\/cookies-policy\/"},"modified":"2021-03-08T13:13:55","modified_gmt":"2021-03-08T13:13:55","slug":"cookies-policy","status":"publish","type":"page","link":"https:\/\/padillacarretillaselevadoras.com\/en\/cookies-policy\/","title":{"rendered":"Cookies Policy"},"content":{"rendered":"<div id=\"clickdatos\">\n<p>On the website https:\/\/padillacarretillaselevadoras.com we use cookies to facilitate the relationship between visitors and our content and to enable us to compile statistics on the visitors we receive.<\/p>\n<p>In compliance with Directive 2009\/136\/EC, implemented in our legislation by the second paragraph of Article 22 of the Law on Information Society Services, following the guidelines of the Spanish Data Protection Agency, we proceed to inform you in detail of the use made of cookies on our website.<\/p>\n<p>Cookies are small files that are recorded in the browser used by each visitor to our website so that the server can remember that user&#8217;s visit at a later date when they access our content again. This information does not reveal your identity or any personal data, nor does it access the content stored on your pc, but it does allow our system to identify you as a specific user who has visited the website before, viewed certain pages, etc. and also allows us to save your personal preferences and technical information such as the visits made or specific pages you visit.<\/p>\n<p>The purpose of cookies is to provide the User with faster access to the selected Services.<\/p>\n<p>If you do not want cookies to be saved in your browser or you prefer to receive information each time a cookie requests to be installed, you can configure your browsing options so that this is done. Most browsers allow cookies to be managed in 3 different ways:<\/p>\n<p>Cookies are always rejected;<br \/>\nThe browser asks if the user wishes to install each cookie;<br \/>\nCookies are always accepted;<\/p>\n<p>Your browser may also include the possibility to select in detail which cookies you want to be installed on your computer. In particular, the user can normally accept one of the following options:<\/p>\n<p>reject cookies from certain domains;<br \/>\nreject cookies from third parties;<br \/>\naccept cookies as non-persistent (they are deleted when the browser is closed);<br \/>\nallow the server to create cookies for a different domain.<\/p>\n<p>To allow, know, block or delete cookies installed on your computer, you can do so by configuring the options of the browser installed on your computer.<\/p>\n<p>You can find information on how to configure the most commonly used browsers in the following locations:<\/p>\n<p>Internet Explorer: Tools -&gt; Internet Options -&gt; Privacy -&gt; Settings. For more information, you can consult Microsoft support or the browser&#8217;s Help.<br \/>\nFirefox: Tools -&gt; Options -&gt; Privacy -&gt; History -&gt; Custom Settings. For more information, you can consult Mozilla support or the browser&#8217;s Help.<br \/>\nChrome: Settings -&gt; Show advanced options -&gt; Privacy -&gt; Content settings. For more information, you can consult Google support or the browser&#8217;s Help.<br \/>\nSafari: Preferences -&gt; Security. For more information, you can consult Apple support or browser Help.<\/p>\n<p>With regard to third-party cookies, i.e. those that are external to our website, we cannot be held responsible for the content and veracity of the privacy policies that they include, so the information we offer is always with reference to the source.<\/p>\n<p>Below we inform you in detail of the cookies that may be installed from our website. Depending on your browsing, all or only some of them may be installed.<\/p>\n<p>Translated with www.DeepL.com\/Translator (free version)<\/p>\n<p>&nbsp;<\/p>\n<div id=\"listadodecookies\">\n<table style=\"border: 1px solid black;\">\n<tbody>\n<tr align=\"center\">\n<td style=\"border: 1px solid black;\">Nombre<\/td>\n<td style=\"border: 1px solid black;\">Categoria<\/td>\n<td style=\"border: 1px solid black;\">Descripci\u00f3n<\/td>\n<td style=\"border: 1px solid black;\">Propiedad<\/td>\n<td style=\"border: 1px solid black;\">Duraci\u00f3n<\/td>\n<\/tr>\n<tr id=\"_ga\" align=\"center\">\n<td style=\"border: 1px solid black;\">_ga<\/td>\n<td style=\"border: 1px solid black;\">An\u00e1lisis<\/td>\n<td style=\"border: 1px solid black;\">Se usa para distinguir a los usuarios.<\/td>\n<td style=\"border: 1px solid black;\">Terceros<\/td>\n<td style=\"border: 1px solid black;\">2 a\u00f1os<\/td>\n<\/tr>\n<tr id=\"_gid\" align=\"center\">\n<td style=\"border: 1px solid black;\">_gid<\/td>\n<td style=\"border: 1px solid black;\">An\u00e1lisis<\/td>\n<td style=\"border: 1px solid black;\">Se usa para distinguir a los usuarios.<\/td>\n<td style=\"border: 1px solid black;\">Terceros<\/td>\n<td style=\"border: 1px solid black;\">24 horas<\/td>\n<\/tr>\n<tr id=\"wordpress_\" align=\"center\">\n<td style=\"border: 1px solid black;\">wordpress_<\/td>\n<td style=\"border: 1px solid black;\">Funcionalidad<\/td>\n<td style=\"border: 1px solid black;\">Se activa durante el login y guarda los detalles de autentificaci\u00f3n.<\/td>\n<td style=\"border: 1px solid black;\">Propia<\/td>\n<td style=\"border: 1px solid black;\">1 a\u00f1o<\/td>\n<\/tr>\n<tr id=\"wordpress_logged_in_\" align=\"center\">\n<td style=\"border: 1px solid black;\">wordpress_logged_in_<\/td>\n<td style=\"border: 1px solid black;\">Funcionalidad<\/td>\n<td style=\"border: 1px solid black;\">Se activa durante el login y guarda los detalles de autentificaci\u00f3n.<\/td>\n<td style=\"border: 1px solid black;\">Propia<\/td>\n<td style=\"border: 1px solid black;\">1 a\u00f1o<\/td>\n<\/tr>\n<tr id=\"wordpress_test_cookie\" align=\"center\">\n<td style=\"border: 1px solid black;\">wordpress_test_cookie<\/td>\n<td style=\"border: 1px solid black;\">Funcionalidad<\/td>\n<td style=\"border: 1px solid black;\">Se activa durante el login y guarda los detalles de autentificaci\u00f3n.<\/td>\n<td style=\"border: 1px solid black;\">Propia<\/td>\n<td style=\"border: 1px solid black;\">1 a\u00f1o<\/td>\n<\/tr>\n<tr id=\"wp-settings-\" align=\"center\">\n<td style=\"border: 1px solid black;\">wp-settings-<\/td>\n<td style=\"border: 1px solid black;\">Funcionalidad<\/td>\n<td style=\"border: 1px solid black;\">Sirve para personalizar la Interfaz de Usuario.<\/td>\n<td style=\"border: 1px solid black;\">Propia<\/td>\n<td style=\"border: 1px solid black;\">1 a\u00f1o<\/td>\n<\/tr>\n<tr id=\"wp-settings-time-\" align=\"center\">\n<td style=\"border: 1px solid black;\">wp-settings-time-<\/td>\n<td style=\"border: 1px solid black;\">Funcionalidad<\/td>\n<td style=\"border: 1px solid black;\">Sirve para personalizar la Interfaz de Usuario.<\/td>\n<td style=\"border: 1px solid black;\">Propia<\/td>\n<td style=\"border: 1px solid black;\">Finalizaci\u00f3n de la sesi\u00f3n<\/td>\n<\/tr>\n<tr id=\"woocommerce_cart_hash\" align=\"center\">\n<td style=\"border: 1px solid black;\">woocommerce_cart_hash<\/td>\n<td style=\"border: 1px solid black;\">An\u00e1lisis<\/td>\n<td style=\"border: 1px solid black;\">Contiene informaci\u00f3n sobre el carrito en su totalidad y ayuda a WooCommerce a saber cu\u00e1ndo cambian los datos del carrito.<\/td>\n<td style=\"border: 1px solid black;\">Propia<\/td>\n<td style=\"border: 1px solid black;\">30 d\u00edas<\/td>\n<\/tr>\n<tr id=\"woocommerce_items_in_cart\" align=\"center\">\n<td style=\"border: 1px solid black;\">woocommerce_items_in_cart<\/td>\n<td style=\"border: 1px solid black;\">Funcionalidad<\/td>\n<td style=\"border: 1px solid black;\">Contiene informaci\u00f3n sobre el carrito en su totalidad y ayuda a WooCommerce a saber cu\u00e1ndo cambian los datos del carrito.<\/td>\n<td style=\"border: 1px solid black;\">Propia<\/td>\n<td style=\"border: 1px solid black;\">30 d\u00edas<\/td>\n<\/tr>\n<tr id=\"wp_woocommerce_session_\" align=\"center\">\n<td style=\"border: 1px solid black;\">wp_woocommerce_session_<\/td>\n<td style=\"border: 1px solid black;\">Funcionalidad<\/td>\n<td style=\"border: 1px solid black;\">Contiene un c\u00f3digo \u00fanico para cada cliente para que sepa d\u00f3nde encontrar los datos del carrito en la base de datos.<\/td>\n<td style=\"border: 1px solid black;\">Propia<\/td>\n<td style=\"border: 1px solid black;\">30 d\u00edas<\/td>\n<\/tr>\n<tr id=\"gadwp_wg_default_dimension\" align=\"center\">\n<td style=\"border: 1px solid black;\">gadwp_wg_default_dimension<\/td>\n<td style=\"border: 1px solid black;\">Funcionalidad<\/td>\n<td style=\"border: 1px solid black;\">Gestiona la gesti\u00f3n del acceso a la web y el despliegue de im\u00e1genes.<\/td>\n<td style=\"border: 1px solid black;\">Propia<\/td>\n<td style=\"border: 1px solid black;\">1 semana<\/td>\n<\/tr>\n<tr id=\"gadwp_wg_default_metric\" align=\"center\">\n<td style=\"border: 1px solid black;\">gadwp_wg_default_metric<\/td>\n<td style=\"border: 1px solid black;\">Funcionalidad<\/td>\n<td style=\"border: 1px solid black;\">Gestiona la gesti\u00f3n del acceso a la web y el despliegue de im\u00e1genes.<\/td>\n<td style=\"border: 1px solid black;\">Propia<\/td>\n<td style=\"border: 1px solid black;\">1 semana<\/td>\n<\/tr>\n<tr id=\"__unam\" align=\"center\">\n<td style=\"border: 1px solid black;\">__unam<\/td>\n<td style=\"border: 1px solid black;\">Funcionalidad<\/td>\n<td style=\"border: 1px solid black;\">Desconocemos el origen de la cookie<\/td>\n<td style=\"border: 1px solid black;\">Terceros<\/td>\n<td style=\"border: 1px solid black;\">Desconocemos el origen de la cookie<\/td>\n<\/tr>\n<\/tbody>\n<\/table>\n<\/div>\n<p>This Cookies Policy may be modified according to legislative or regulatory requirements, or with the aim of adapting this policy to the instructions issued by the Spanish Data Protection Agency, therefore Users are advised to visit it periodically.<\/p>\n<p>When significant changes are made to this Cookies Policy, they will be communicated to Users either through the website or by e-mail to registered Users.<\/p>\n<p>Translated with www.DeepL.com\/Translator (free version)<\/p>\n<\/div>\n","protected":false},"excerpt":{"rendered":"<p>On the website https:\/\/padillacarretillaselevadoras.com we use cookies to facilitate the relationship between visitors and our content and to enable us to compile statistics on the visitors we receive. In compliance with Directive 2009\/136\/EC, implemented in our legislation by the second paragraph of Article 22 of the Law on Information Society Services, following the guidelines of [&#8230;]\n","protected":false},"author":1,"featured_media":0,"parent":0,"menu_order":0,"comment_status":"closed","ping_status":"closed","template":"","meta":[],"yoast_head":"<!-- This site is optimized with the Yoast SEO plugin v20.6 - https:\/\/yoast.com\/wordpress\/plugins\/seo\/ -->\n<title>Cookies Policy - Padilla Carretillas Elevadoras 4.0<\/title>\n<meta name=\"robots\" content=\"index, follow, max-snippet:-1, max-image-preview:large, max-video-preview:-1\" \/>\n<link rel=\"canonical\" href=\"https:\/\/padillacarretillaselevadoras.com\/en\/cookies-policy\/\" \/>\n<meta property=\"og:locale\" content=\"en_US\" \/>\n<meta property=\"og:type\" content=\"article\" \/>\n<meta property=\"og:title\" content=\"Cookies Policy - Padilla Carretillas Elevadoras 4.0\" \/>\n<meta property=\"og:description\" content=\"On the website https:\/\/padillacarretillaselevadoras.com we use cookies to facilitate the relationship between visitors and our content and to enable us to compile statistics on the visitors we receive. In compliance with Directive 2009\/136\/EC, implemented in our legislation by the second paragraph of Article 22 of the Law on Information Society Services, following the guidelines of [...]\" \/>\n<meta property=\"og:url\" content=\"https:\/\/padillacarretillaselevadoras.com\/en\/cookies-policy\/\" \/>\n<meta property=\"og:site_name\" content=\"Padilla Carretillas Elevadoras 4.0\" \/>\n<meta name=\"twitter:card\" content=\"summary_large_image\" \/>\n<meta name=\"twitter:label1\" content=\"Est. reading time\" \/>\n\t<meta name=\"twitter:data1\" content=\"4 minutes\" \/>\n<script type=\"application\/ld+json\" class=\"yoast-schema-graph\">{\"@context\":\"https:\/\/schema.org\",\"@graph\":[{\"@type\":\"WebPage\",\"@id\":\"https:\/\/padillacarretillaselevadoras.com\/en\/cookies-policy\/\",\"url\":\"https:\/\/padillacarretillaselevadoras.com\/en\/cookies-policy\/\",\"name\":\"Cookies Policy - Padilla Carretillas Elevadoras 4.0\",\"isPartOf\":{\"@id\":\"https:\/\/padillacarretillaselevadoras.com\/#website\"},\"datePublished\":\"2021-03-08T13:13:55+00:00\",\"dateModified\":\"2021-03-08T13:13:55+00:00\",\"breadcrumb\":{\"@id\":\"https:\/\/padillacarretillaselevadoras.com\/en\/cookies-policy\/#breadcrumb\"},\"inLanguage\":\"en-US\",\"potentialAction\":[{\"@type\":\"ReadAction\",\"target\":[\"https:\/\/padillacarretillaselevadoras.com\/en\/cookies-policy\/\"]}]},{\"@type\":\"BreadcrumbList\",\"@id\":\"https:\/\/padillacarretillaselevadoras.com\/en\/cookies-policy\/#breadcrumb\",\"itemListElement\":[{\"@type\":\"ListItem\",\"position\":1,\"name\":\"Portada\",\"item\":\"https:\/\/padillacarretillaselevadoras.com\/en\/\"},{\"@type\":\"ListItem\",\"position\":2,\"name\":\"Cookies Policy\"}]},{\"@type\":\"WebSite\",\"@id\":\"https:\/\/padillacarretillaselevadoras.com\/#website\",\"url\":\"https:\/\/padillacarretillaselevadoras.com\/\",\"name\":\"Padilla Carretillas Elevadoras 4.0\",\"description\":\"Carretillas elevadoras en Tenerife\",\"publisher\":{\"@id\":\"https:\/\/padillacarretillaselevadoras.com\/#organization\"},\"potentialAction\":[{\"@type\":\"SearchAction\",\"target\":{\"@type\":\"EntryPoint\",\"urlTemplate\":\"https:\/\/padillacarretillaselevadoras.com\/?s={search_term_string}\"},\"query-input\":\"required name=search_term_string\"}],\"inLanguage\":\"en-US\"},{\"@type\":\"Organization\",\"@id\":\"https:\/\/padillacarretillaselevadoras.com\/#organization\",\"name\":\"Padilla Carretillas Elevadoras 4.0\",\"url\":\"https:\/\/padillacarretillaselevadoras.com\/\",\"logo\":{\"@type\":\"ImageObject\",\"inLanguage\":\"en-US\",\"@id\":\"https:\/\/padillacarretillaselevadoras.com\/#\/schema\/logo\/image\/\",\"url\":\"https:\/\/padillacarretillaselevadoras.com\/wp-content\/uploads\/2018\/01\/logoWeb.png\",\"contentUrl\":\"https:\/\/padillacarretillaselevadoras.com\/wp-content\/uploads\/2018\/01\/logoWeb.png\",\"width\":255,\"height\":76,\"caption\":\"Padilla Carretillas Elevadoras 4.0\"},\"image\":{\"@id\":\"https:\/\/padillacarretillaselevadoras.com\/#\/schema\/logo\/image\/\"}}]}<\/script>\n<!-- \/ Yoast SEO plugin. -->","yoast_head_json":{"title":"Cookies Policy - Padilla Carretillas Elevadoras 4.0","robots":{"index":"index","follow":"follow","max-snippet":"max-snippet:-1","max-image-preview":"max-image-preview:large","max-video-preview":"max-video-preview:-1"},"canonical":"https:\/\/padillacarretillaselevadoras.com\/en\/cookies-policy\/","og_locale":"en_US","og_type":"article","og_title":"Cookies Policy - Padilla Carretillas Elevadoras 4.0","og_description":"On the website https:\/\/padillacarretillaselevadoras.com we use cookies to facilitate the relationship between visitors and our content and to enable us to compile statistics on the visitors we receive. In compliance with Directive 2009\/136\/EC, implemented in our legislation by the second paragraph of Article 22 of the Law on Information Society Services, following the guidelines of [...]","og_url":"https:\/\/padillacarretillaselevadoras.com\/en\/cookies-policy\/","og_site_name":"Padilla Carretillas Elevadoras 4.0","twitter_card":"summary_large_image","twitter_misc":{"Est. reading time":"4 minutes"},"schema":{"@context":"https:\/\/schema.org","@graph":[{"@type":"WebPage","@id":"https:\/\/padillacarretillaselevadoras.com\/en\/cookies-policy\/","url":"https:\/\/padillacarretillaselevadoras.com\/en\/cookies-policy\/","name":"Cookies Policy - Padilla Carretillas Elevadoras 4.0","isPartOf":{"@id":"https:\/\/padillacarretillaselevadoras.com\/#website"},"datePublished":"2021-03-08T13:13:55+00:00","dateModified":"2021-03-08T13:13:55+00:00","breadcrumb":{"@id":"https:\/\/padillacarretillaselevadoras.com\/en\/cookies-policy\/#breadcrumb"},"inLanguage":"en-US","potentialAction":[{"@type":"ReadAction","target":["https:\/\/padillacarretillaselevadoras.com\/en\/cookies-policy\/"]}]},{"@type":"BreadcrumbList","@id":"https:\/\/padillacarretillaselevadoras.com\/en\/cookies-policy\/#breadcrumb","itemListElement":[{"@type":"ListItem","position":1,"name":"Portada","item":"https:\/\/padillacarretillaselevadoras.com\/en\/"},{"@type":"ListItem","position":2,"name":"Cookies Policy"}]},{"@type":"WebSite","@id":"https:\/\/padillacarretillaselevadoras.com\/#website","url":"https:\/\/padillacarretillaselevadoras.com\/","name":"Padilla Carretillas Elevadoras 4.0","description":"Carretillas elevadoras en Tenerife","publisher":{"@id":"https:\/\/padillacarretillaselevadoras.com\/#organization"},"potentialAction":[{"@type":"SearchAction","target":{"@type":"EntryPoint","urlTemplate":"https:\/\/padillacarretillaselevadoras.com\/?s={search_term_string}"},"query-input":"required name=search_term_string"}],"inLanguage":"en-US"},{"@type":"Organization","@id":"https:\/\/padillacarretillaselevadoras.com\/#organization","name":"Padilla Carretillas Elevadoras 4.0","url":"https:\/\/padillacarretillaselevadoras.com\/","logo":{"@type":"ImageObject","inLanguage":"en-US","@id":"https:\/\/padillacarretillaselevadoras.com\/#\/schema\/logo\/image\/","url":"https:\/\/padillacarretillaselevadoras.com\/wp-content\/uploads\/2018\/01\/logoWeb.png","contentUrl":"https:\/\/padillacarretillaselevadoras.com\/wp-content\/uploads\/2018\/01\/logoWeb.png","width":255,"height":76,"caption":"Padilla Carretillas Elevadoras 4.0"},"image":{"@id":"https:\/\/padillacarretillaselevadoras.com\/#\/schema\/logo\/image\/"}}]}},"_links":{"self":[{"href":"https:\/\/padillacarretillaselevadoras.com\/en\/wp-json\/wp\/v2\/pages\/13975"}],"collection":[{"href":"https:\/\/padillacarretillaselevadoras.com\/en\/wp-json\/wp\/v2\/pages"}],"about":[{"href":"https:\/\/padillacarretillaselevadoras.com\/en\/wp-json\/wp\/v2\/types\/page"}],"author":[{"embeddable":true,"href":"https:\/\/padillacarretillaselevadoras.com\/en\/wp-json\/wp\/v2\/users\/1"}],"replies":[{"embeddable":true,"href":"https:\/\/padillacarretillaselevadoras.com\/en\/wp-json\/wp\/v2\/comments?post=13975"}],"version-history":[{"count":0,"href":"https:\/\/padillacarretillaselevadoras.com\/en\/wp-json\/wp\/v2\/pages\/13975\/revisions"}],"wp:attachment":[{"href":"https:\/\/padillacarretillaselevadoras.com\/en\/wp-json\/wp\/v2\/media?parent=13975"}],"curies":[{"name":"wp","href":"https:\/\/api.w.org\/{rel}","templated":true}]}}