{"id":18079,"date":"2021-09-02T07:59:03","date_gmt":"2021-10-05T11:05:04","guid":{"rendered":"https:\/\/padillacarretillaselevadoras.com\/?post_type=product&#038;p=18079"},"modified":"2021-10-05T11:19:32","modified_gmt":"2021-10-05T11:19:32","slug":"m1-arrastrador-electrico","status":"publish","type":"product","link":"https:\/\/padillacarretillaselevadoras.com\/en\/catalogo\/m1-arrastrador-electrico\/","title":{"rendered":"M1 &#8211; Arrastrador el\u00e9ctrico"},"content":{"rendered":"\n\t<section class=\"section\" id=\"section_2106332161\">\n\t\t<div class=\"section-bg fill\" >\n\t\t\t\t\t\t\t\t\t\n\t\t\t\n\n\t\t<\/div>\n\n\t\t\n\n\t\t<div class=\"section-content relative\">\n\t\t\t\n\t\t<\/div>\n\n\t\t\n<style>\n#section_2106332161 {\n  padding-top: 18px;\n  padding-bottom: 18px;\n  margin-bottom: -4px;\n}\n<\/style>\n\t<\/section>\n\t\n\n\n\t<section class=\"section\" id=\"section_627747218\">\n\t\t<div class=\"section-bg fill\" >\n\t\t\t\t\t\t\t\t\t\n\t\t\t\n\n\t\t<\/div>\n\n\t\t\n\n\t\t<div class=\"section-content relative\">\n\t\t\t\n<div class=\"row row-large align-middle align-center\" style=\"max-width:1300px\" id=\"row-416466321\">\n\n\t<div id=\"col-2109306342\" class=\"col medium-10 small-12 large-12\"  >\n\t\t\t\t<div class=\"col-inner\"  >\n\t\t\t\n\t\t\t\n<div class=\"accordion\">\n\t<div id=\"accordion-1352786152\" class=\"accordion-item\">\n\t\t<a id=\"accordion-1352786152-label\" class=\"accordion-title plain\" href=\"#accordion-item-aplicaciones\" aria-expanded=\"false\" aria-controls=\"accordion-1352786152-content\" >\n\t\t\t<button class=\"toggle\" aria-label=\"Toggle\"><i class=\"icon-angle-down\"><\/i><\/button>\n\t\t\t<span>Aplicaciones<\/span>\n\t\t<\/a>\n\t\t<div id=\"accordion-1352786152-content\" class=\"accordion-inner\" aria-labelledby=\"accordion-1352786152-label\" >\n\t\t\t\n\n  \n    <div id=\"gallery-2079922029\" class=\"row large-columns-4 medium-columns-3 small-columns-2 row-masonry\" data-packery-options='{\"itemSelector\": \".col\", \"gutter\": 0, \"presentageWidth\" : true}'>\n\n  <div class=\"gallery-col col\" >\n          <div class=\"col-inner\">\n            <a class=\"image-lightbox lightbox-gallery\" href=\"https:\/\/padillacarretillaselevadoras.com\/wp-content\/uploads\/2021\/09\/a1.jpg\" title=\"\">            <div class=\"box has-hover gallery-box box-overlay dark\">\n              <div class=\"box-image\" >\n                <img width=\"300\" height=\"262\" src=\"https:\/\/padillacarretillaselevadoras.com\/wp-content\/uploads\/2021\/09\/a1-300x262.jpg\" class=\"attachment-medium size-medium\" alt=\"\" loading=\"lazy\" ids=\"16268,16271,16274,16277\" type=\"masonry\" srcset=\"https:\/\/padillacarretillaselevadoras.com\/wp-content\/uploads\/2021\/09\/a1-300x262.jpg 300w, https:\/\/padillacarretillaselevadoras.com\/wp-content\/uploads\/2021\/09\/a1-768x670.jpg 768w, https:\/\/padillacarretillaselevadoras.com\/wp-content\/uploads\/2021\/09\/a1-247x216.jpg 247w, https:\/\/padillacarretillaselevadoras.com\/wp-content\/uploads\/2021\/09\/a1-510x445.jpg 510w, https:\/\/padillacarretillaselevadoras.com\/wp-content\/uploads\/2021\/09\/a1.jpg 800w\" sizes=\"(max-width: 300px) 100vw, 300px\" \/>                                  <div class=\"overlay fill\"\n                      style=\"background-color: rgba(0,0,0,.15)\">\n                  <\/div>\n                                                              <\/div>\n              <div class=\"box-text text-left\" >\n                 <p><\/p>\n              <\/div>\n            <\/div>\n            <\/a>          <\/div>\n         <\/div><div class=\"gallery-col col\" >\n          <div class=\"col-inner\">\n            <a class=\"image-lightbox lightbox-gallery\" href=\"https:\/\/padillacarretillaselevadoras.com\/wp-content\/uploads\/2021\/09\/a2.jpg\" title=\"\">            <div class=\"box has-hover gallery-box box-overlay dark\">\n              <div class=\"box-image\" >\n                <img width=\"300\" height=\"262\" src=\"https:\/\/padillacarretillaselevadoras.com\/wp-content\/uploads\/2021\/09\/a2-300x262.jpg\" class=\"attachment-medium size-medium\" alt=\"\" loading=\"lazy\" ids=\"16268,16271,16274,16277\" type=\"masonry\" srcset=\"https:\/\/padillacarretillaselevadoras.com\/wp-content\/uploads\/2021\/09\/a2-300x262.jpg 300w, https:\/\/padillacarretillaselevadoras.com\/wp-content\/uploads\/2021\/09\/a2-768x670.jpg 768w, https:\/\/padillacarretillaselevadoras.com\/wp-content\/uploads\/2021\/09\/a2-247x216.jpg 247w, https:\/\/padillacarretillaselevadoras.com\/wp-content\/uploads\/2021\/09\/a2-510x445.jpg 510w, https:\/\/padillacarretillaselevadoras.com\/wp-content\/uploads\/2021\/09\/a2.jpg 800w\" sizes=\"(max-width: 300px) 100vw, 300px\" \/>                                  <div class=\"overlay fill\"\n                      style=\"background-color: rgba(0,0,0,.15)\">\n                  <\/div>\n                                                              <\/div>\n              <div class=\"box-text text-left\" >\n                 <p><\/p>\n              <\/div>\n            <\/div>\n            <\/a>          <\/div>\n         <\/div><div class=\"gallery-col col\" >\n          <div class=\"col-inner\">\n            <a class=\"image-lightbox lightbox-gallery\" href=\"https:\/\/padillacarretillaselevadoras.com\/wp-content\/uploads\/2021\/09\/a5.jpg\" title=\"\">            <div class=\"box has-hover gallery-box box-overlay dark\">\n              <div class=\"box-image\" >\n                <img width=\"300\" height=\"262\" src=\"https:\/\/padillacarretillaselevadoras.com\/wp-content\/uploads\/2021\/09\/a5-300x262.jpg\" class=\"attachment-medium size-medium\" alt=\"\" loading=\"lazy\" ids=\"16268,16271,16274,16277\" type=\"masonry\" srcset=\"https:\/\/padillacarretillaselevadoras.com\/wp-content\/uploads\/2021\/09\/a5-300x262.jpg 300w, https:\/\/padillacarretillaselevadoras.com\/wp-content\/uploads\/2021\/09\/a5-768x670.jpg 768w, https:\/\/padillacarretillaselevadoras.com\/wp-content\/uploads\/2021\/09\/a5-247x216.jpg 247w, https:\/\/padillacarretillaselevadoras.com\/wp-content\/uploads\/2021\/09\/a5-510x445.jpg 510w, https:\/\/padillacarretillaselevadoras.com\/wp-content\/uploads\/2021\/09\/a5.jpg 800w\" sizes=\"(max-width: 300px) 100vw, 300px\" \/>                                  <div class=\"overlay fill\"\n                      style=\"background-color: rgba(0,0,0,.15)\">\n                  <\/div>\n                                                              <\/div>\n              <div class=\"box-text text-left\" >\n                 <p><\/p>\n              <\/div>\n            <\/div>\n            <\/a>          <\/div>\n         <\/div><div class=\"gallery-col col\" >\n          <div class=\"col-inner\">\n            <a class=\"image-lightbox lightbox-gallery\" href=\"https:\/\/padillacarretillaselevadoras.com\/wp-content\/uploads\/2021\/09\/a4.jpg\" title=\"\">            <div class=\"box has-hover gallery-box box-overlay dark\">\n              <div class=\"box-image\" >\n                <img width=\"300\" height=\"262\" src=\"https:\/\/padillacarretillaselevadoras.com\/wp-content\/uploads\/2021\/09\/a4-300x262.jpg\" class=\"attachment-medium size-medium\" alt=\"\" loading=\"lazy\" ids=\"16268,16271,16274,16277\" type=\"masonry\" srcset=\"https:\/\/padillacarretillaselevadoras.com\/wp-content\/uploads\/2021\/09\/a4-300x262.jpg 300w, https:\/\/padillacarretillaselevadoras.com\/wp-content\/uploads\/2021\/09\/a4-768x670.jpg 768w, https:\/\/padillacarretillaselevadoras.com\/wp-content\/uploads\/2021\/09\/a4-247x216.jpg 247w, https:\/\/padillacarretillaselevadoras.com\/wp-content\/uploads\/2021\/09\/a4-510x445.jpg 510w, https:\/\/padillacarretillaselevadoras.com\/wp-content\/uploads\/2021\/09\/a4.jpg 800w\" sizes=\"(max-width: 300px) 100vw, 300px\" \/>                                  <div class=\"overlay fill\"\n                      style=\"background-color: rgba(0,0,0,.15)\">\n                  <\/div>\n                                                              <\/div>\n              <div class=\"box-text text-left\" >\n                 <p><\/p>\n              <\/div>\n            <\/div>\n            <\/a>          <\/div>\n         <\/div><\/div>\n\t\t<\/div>\n\t<\/div>\n\t\n<\/div>\n<div class=\"accordion\">\n\t<div id=\"accordion-1296559596\" class=\"accordion-item\">\n\t\t<a id=\"accordion-1296559596-label\" class=\"accordion-title plain\" href=\"#accordion-item-opciones-y-accesorios\" aria-expanded=\"false\" aria-controls=\"accordion-1296559596-content\" >\n\t\t\t<button class=\"toggle\" aria-label=\"Toggle\"><i class=\"icon-angle-down\"><\/i><\/button>\n\t\t\t<span>Opciones y accesorios<\/span>\n\t\t<\/a>\n\t\t<div id=\"accordion-1296559596-content\" class=\"accordion-inner\" aria-labelledby=\"accordion-1296559596-label\" >\n\t\t\t\n\n  \n    <div class=\"row large-columns-4 medium-columns-3 small-columns-2\" >\n  <div class=\"gallery-col col\" >\n          <div class=\"col-inner\">\n            <a class=\"image-lightbox lightbox-gallery\" href=\"https:\/\/padillacarretillaselevadoras.com\/wp-content\/uploads\/2021\/09\/rsop26q2.png\" title=\"\">            <div class=\"box has-hover gallery-box box-normal\">\n              <div class=\"box-image\" >\n                <img width=\"300\" height=\"262\" src=\"https:\/\/padillacarretillaselevadoras.com\/wp-content\/uploads\/2021\/09\/rsop26q2-300x262.png\" class=\"attachment-medium size-medium\" alt=\"\" loading=\"lazy\" ids=\"16131,16280,16283,16286\" style=\"normal\" srcset=\"https:\/\/padillacarretillaselevadoras.com\/wp-content\/uploads\/2021\/09\/rsop26q2-300x262.png 300w, https:\/\/padillacarretillaselevadoras.com\/wp-content\/uploads\/2021\/09\/rsop26q2-247x215.png 247w, https:\/\/padillacarretillaselevadoras.com\/wp-content\/uploads\/2021\/09\/rsop26q2-510x445.png 510w, https:\/\/padillacarretillaselevadoras.com\/wp-content\/uploads\/2021\/09\/rsop26q2.png 600w\" sizes=\"(max-width: 300px) 100vw, 300px\" \/>                                                              <\/div>\n              <div class=\"box-text text-left\" >\n                 <p><\/p>\n              <\/div>\n            <\/div>\n            <\/a>          <\/div>\n         <\/div><div class=\"gallery-col col\" >\n          <div class=\"col-inner\">\n            <a class=\"image-lightbox lightbox-gallery\" href=\"https:\/\/padillacarretillaselevadoras.com\/wp-content\/uploads\/2021\/09\/86dwl967.png\" title=\"\">            <div class=\"box has-hover gallery-box box-normal\">\n              <div class=\"box-image\" >\n                <img width=\"300\" height=\"262\" src=\"https:\/\/padillacarretillaselevadoras.com\/wp-content\/uploads\/2021\/09\/86dwl967-300x262.png\" class=\"attachment-medium size-medium\" alt=\"\" loading=\"lazy\" ids=\"16131,16280,16283,16286\" style=\"normal\" srcset=\"https:\/\/padillacarretillaselevadoras.com\/wp-content\/uploads\/2021\/09\/86dwl967-300x262.png 300w, https:\/\/padillacarretillaselevadoras.com\/wp-content\/uploads\/2021\/09\/86dwl967-768x670.png 768w, https:\/\/padillacarretillaselevadoras.com\/wp-content\/uploads\/2021\/09\/86dwl967-247x216.png 247w, https:\/\/padillacarretillaselevadoras.com\/wp-content\/uploads\/2021\/09\/86dwl967-510x445.png 510w, https:\/\/padillacarretillaselevadoras.com\/wp-content\/uploads\/2021\/09\/86dwl967.png 800w\" sizes=\"(max-width: 300px) 100vw, 300px\" \/>                                                              <\/div>\n              <div class=\"box-text text-left\" >\n                 <p><\/p>\n              <\/div>\n            <\/div>\n            <\/a>          <\/div>\n         <\/div><div class=\"gallery-col col\" >\n          <div class=\"col-inner\">\n            <a class=\"image-lightbox lightbox-gallery\" href=\"https:\/\/padillacarretillaselevadoras.com\/wp-content\/uploads\/2021\/09\/882g1548.png\" title=\"\">            <div class=\"box has-hover gallery-box box-normal\">\n              <div class=\"box-image\" >\n                <img width=\"300\" height=\"262\" src=\"https:\/\/padillacarretillaselevadoras.com\/wp-content\/uploads\/2021\/09\/882g1548-300x262.png\" class=\"attachment-medium size-medium\" alt=\"\" loading=\"lazy\" ids=\"16131,16280,16283,16286\" style=\"normal\" srcset=\"https:\/\/padillacarretillaselevadoras.com\/wp-content\/uploads\/2021\/09\/882g1548-300x262.png 300w, https:\/\/padillacarretillaselevadoras.com\/wp-content\/uploads\/2021\/09\/882g1548-768x670.png 768w, https:\/\/padillacarretillaselevadoras.com\/wp-content\/uploads\/2021\/09\/882g1548-247x216.png 247w, https:\/\/padillacarretillaselevadoras.com\/wp-content\/uploads\/2021\/09\/882g1548-510x445.png 510w, https:\/\/padillacarretillaselevadoras.com\/wp-content\/uploads\/2021\/09\/882g1548.png 800w\" sizes=\"(max-width: 300px) 100vw, 300px\" \/>                                                              <\/div>\n              <div class=\"box-text text-left\" >\n                 <p><\/p>\n              <\/div>\n            <\/div>\n            <\/a>          <\/div>\n         <\/div><div class=\"gallery-col col\" >\n          <div class=\"col-inner\">\n            <a class=\"image-lightbox lightbox-gallery\" href=\"https:\/\/padillacarretillaselevadoras.com\/wp-content\/uploads\/2021\/09\/n7g7v345.png\" title=\"\">            <div class=\"box has-hover gallery-box box-normal\">\n              <div class=\"box-image\" >\n                <img width=\"300\" height=\"262\" src=\"https:\/\/padillacarretillaselevadoras.com\/wp-content\/uploads\/2021\/09\/n7g7v345-300x262.png\" class=\"attachment-medium size-medium\" alt=\"\" loading=\"lazy\" ids=\"16131,16280,16283,16286\" style=\"normal\" srcset=\"https:\/\/padillacarretillaselevadoras.com\/wp-content\/uploads\/2021\/09\/n7g7v345-300x262.png 300w, https:\/\/padillacarretillaselevadoras.com\/wp-content\/uploads\/2021\/09\/n7g7v345-768x670.png 768w, https:\/\/padillacarretillaselevadoras.com\/wp-content\/uploads\/2021\/09\/n7g7v345-247x216.png 247w, https:\/\/padillacarretillaselevadoras.com\/wp-content\/uploads\/2021\/09\/n7g7v345-510x445.png 510w, https:\/\/padillacarretillaselevadoras.com\/wp-content\/uploads\/2021\/09\/n7g7v345.png 800w\" sizes=\"(max-width: 300px) 100vw, 300px\" \/>                                                              <\/div>\n              <div class=\"box-text text-left\" >\n                 <p><\/p>\n              <\/div>\n            <\/div>\n            <\/a>          <\/div>\n         <\/div><\/div>\n\t\t<\/div>\n\t<\/div>\n\t\n<\/div>\n<div class=\"accordion\">\n\t<div id=\"accordion-2445278385\" class=\"accordion-item\">\n\t\t<a id=\"accordion-2445278385-label\" class=\"accordion-title plain\" href=\"#accordion-item-prestaciones\" aria-expanded=\"false\" aria-controls=\"accordion-2445278385-content\" >\n\t\t\t<button class=\"toggle\" aria-label=\"Toggle\"><i class=\"icon-angle-down\"><\/i><\/button>\n\t\t\t<span>Prestaciones<\/span>\n\t\t<\/a>\n\t\t<div id=\"accordion-2445278385-content\" class=\"accordion-inner\" aria-labelledby=\"accordion-2445278385-label\" >\n\t\t\t\n<h1>4,0 km\/h<\/h1>\n<p>Velocidad max. marcha adelante<\/p>\n<h1>800 kg<\/h1>\n<p>Capacidad de tracci\u00f3n max. en plano (sin contrapesos)<\/p>\n<h1>1.000 kg<\/h1>\n<p>Capacidad de tracci\u00f3n max.en plano ( con contrapesos )<\/p>\n<h1>15 %<\/h1>\n<p>Pendiente max con carga<\/p>\n\t\t<\/div>\n\t<\/div>\n\t\n<\/div>\n\t\t<\/div>\n\t\t\t\t\n<style>\n#col-2109306342 > .col-inner {\n  padding: 0px 0px 0px 34px;\n}\n<\/style>\n\t<\/div>\n\n\t\n<\/div>\n\t\t<\/div>\n\n\t\t\n<style>\n#section_627747218 {\n  padding-top: 75px;\n  padding-bottom: 75px;\n  background-color: rgb(249, 249, 249);\n}\n@media (min-width:850px) {\n  #section_627747218 {\n    padding-top: 45px;\n    padding-bottom: 45px;\n  }\n}\n<\/style>\n\t<\/section>\n\t\n\n\t<section class=\"section\" id=\"section_1172351414\">\n\t\t<div class=\"section-bg fill\" >\n\t\t\t\t\t\t\t\t\t\n\t\t\t\n\n\t\t<\/div>\n\n\t\t\n\n\t\t<div class=\"section-content relative\">\n\t\t\t\r\n\r\n<div class=\"row row-collapse align-middle\"  id=\"row-1489907733\">\r\n\r\n\n\t<div id=\"col-1602968249\" class=\"col small-12 large-12\"  >\n\t\t\t\t<div class=\"col-inner\"  >\n\t\t\t\n\t\t\t\r\n\r\n\t<div id=\"text-1059598916\" class=\"text\">\n\t\t\r\n\r\n<h2 style=\"text-align: center;\"><span style=\"color: #ff9900;\"><a style=\"color: #ff9900;\" href=\"https:\/\/padillacarretillaselevadoras.com\/solicitar-informacion\/\"><strong>Click Here to request more information about the product!<\/strong><\/a><\/span><\/h2>\r\n\t\t\n<style>\n#text-1059598916 {\n  text-align: center;\n}\n<\/style>\n\t<\/div>\n\t\r\n\r\n\t\t<\/div>\n\t\t\t\t\t<\/div>\n\n\t\r\n\r\n<\/div>\r\n\r\n\t\t<\/div>\n\n\t\t\n<style>\n#section_1172351414 {\n  padding-top: 94px;\n  padding-bottom: 94px;\n}\n<\/style>\n\t<\/section>\n\t\n","protected":false},"excerpt":{"rendered":"<h2><span style=\"color: #f99b1c;\">M1 es la soluci\u00f3n ideal para eliminar la manipulaci\u00f3n manual de cargas.<\/span><\/h2>\n<ul>\n<li>para cargas de hasta 1.000 kg<\/li>\n<li>vers\u00e1til y compacto<\/li>\n<li>paquete de bater\u00edas intercambiables para garantizar 24\/7<\/li>\n<li>bot\u00f3n opcional para ajuste de 2 velocidades<\/li>\n<li>Amplia gama de ganchos est\u00e1ndar o personalizables bajo pedido<\/li>\n<\/ul>\n<h2><span style=\"color: #f99b1c;\">M1 es \u00fatil para manejar cargas tales como:<\/span><\/h2>\n<ul>\n<li>contenedores de malla con ruedas<\/li>\n<li>carros de lavander\u00eda<\/li>\n<li>contenedores de residuos y basura<\/li>\n<li>carros m\u00e9dicos y hospitalarios<\/li>\n<li>carros de almac\u00e9n<\/li>\n<li>carros de taller<\/li>\n<li>carros de servicio<\/li>\n<li>carros para dispositivos m\u00e9dicos<\/li>\n<li>contenedores industriales con ruedas<\/li>\n<\/ul>\n<a href=\"https:\/\/padillacarretillaselevadoras.com\/solicitar-informacion\" class=\"button primary is-primary is-medium\"  >\n\t\t<span>Solicitar Informaci\u00f3n<\/span>\n\t<\/a>\n\n","protected":false},"featured_media":16743,"template":"","meta":[],"product_cat":[925,414,926],"product_tag":[],"yoast_head":"<!-- This site is optimized with the Yoast SEO plugin v20.6 - https:\/\/yoast.com\/wordpress\/plugins\/seo\/ -->\n<title>M1 - Arrastrador el\u00e9ctrico - Padilla Carretillas Elevadoras 4.0<\/title>\n<meta name=\"robots\" content=\"index, follow, max-snippet:-1, max-image-preview:large, max-video-preview:-1\" \/>\n<link rel=\"canonical\" href=\"https:\/\/padillacarretillaselevadoras.com\/en\/catalogo\/m1-arrastrador-electrico\/\" \/>\n<meta property=\"og:locale\" content=\"en_US\" \/>\n<meta property=\"og:type\" content=\"article\" \/>\n<meta property=\"og:title\" content=\"M1 - Arrastrador el\u00e9ctrico - Padilla Carretillas Elevadoras 4.0\" \/>\n<meta property=\"og:description\" content=\"M1 es la soluci\u00f3n ideal para eliminar la manipulaci\u00f3n manual de cargas.   para cargas de hasta 1.000 kg  vers\u00e1til y compacto  paquete de bater\u00edas intercambiables para garantizar 24\/7  bot\u00f3n opcional para ajuste de 2 velocidades  Amplia gama de ganchos est\u00e1ndar o personalizables bajo pedido  M1 es \u00fatil para manejar cargas tales como:   contenedores de malla con ruedas  carros de lavander\u00eda  contenedores de residuos y basura  carros m\u00e9dicos y hospitalarios  carros de almac\u00e9n  carros de taller  carros de servicio  carros para dispositivos m\u00e9dicos  contenedores industriales con ruedas\" \/>\n<meta property=\"og:url\" content=\"https:\/\/padillacarretillaselevadoras.com\/en\/catalogo\/m1-arrastrador-electrico\/\" \/>\n<meta property=\"og:site_name\" content=\"Padilla Carretillas Elevadoras 4.0\" \/>\n<meta property=\"article:modified_time\" content=\"2021-10-05T11:19:32+00:00\" \/>\n<meta property=\"og:image\" content=\"https:\/\/padillacarretillaselevadoras.com\/wp-content\/uploads\/2021\/09\/lbs2dybm-2.png\" \/>\n\t<meta property=\"og:image:width\" content=\"800\" \/>\n\t<meta property=\"og:image:height\" content=\"698\" \/>\n\t<meta property=\"og:image:type\" content=\"image\/png\" \/>\n<meta name=\"twitter:card\" content=\"summary_large_image\" \/>\n<meta name=\"twitter:label1\" content=\"Est. reading time\" \/>\n\t<meta name=\"twitter:data1\" content=\"2 minutes\" \/>\n<script type=\"application\/ld+json\" class=\"yoast-schema-graph\">{\"@context\":\"https:\/\/schema.org\",\"@graph\":[{\"@type\":\"WebPage\",\"@id\":\"https:\/\/padillacarretillaselevadoras.com\/en\/catalogo\/m1-arrastrador-electrico\/\",\"url\":\"https:\/\/padillacarretillaselevadoras.com\/en\/catalogo\/m1-arrastrador-electrico\/\",\"name\":\"M1 - Arrastrador el\u00e9ctrico - Padilla Carretillas Elevadoras 4.0\",\"isPartOf\":{\"@id\":\"https:\/\/padillacarretillaselevadoras.com\/#website\"},\"datePublished\":\"2021-10-05T11:05:04+00:00\",\"dateModified\":\"2021-10-05T11:19:32+00:00\",\"breadcrumb\":{\"@id\":\"https:\/\/padillacarretillaselevadoras.com\/en\/catalogo\/m1-arrastrador-electrico\/#breadcrumb\"},\"inLanguage\":\"en-US\",\"potentialAction\":[{\"@type\":\"ReadAction\",\"target\":[\"https:\/\/padillacarretillaselevadoras.com\/en\/catalogo\/m1-arrastrador-electrico\/\"]}]},{\"@type\":\"BreadcrumbList\",\"@id\":\"https:\/\/padillacarretillaselevadoras.com\/en\/catalogo\/m1-arrastrador-electrico\/#breadcrumb\",\"itemListElement\":[{\"@type\":\"ListItem\",\"position\":1,\"name\":\"Portada\",\"item\":\"https:\/\/padillacarretillaselevadoras.com\/en\/\"},{\"@type\":\"ListItem\",\"position\":2,\"name\":\"Tienda\",\"item\":\"https:\/\/padillacarretillaselevadoras.com\/tienda\/\"},{\"@type\":\"ListItem\",\"position\":3,\"name\":\"M1 &#8211; Arrastrador el\u00e9ctrico\"}]},{\"@type\":\"WebSite\",\"@id\":\"https:\/\/padillacarretillaselevadoras.com\/#website\",\"url\":\"https:\/\/padillacarretillaselevadoras.com\/\",\"name\":\"Padilla Carretillas Elevadoras 4.0\",\"description\":\"Carretillas elevadoras en Tenerife\",\"publisher\":{\"@id\":\"https:\/\/padillacarretillaselevadoras.com\/#organization\"},\"potentialAction\":[{\"@type\":\"SearchAction\",\"target\":{\"@type\":\"EntryPoint\",\"urlTemplate\":\"https:\/\/padillacarretillaselevadoras.com\/?s={search_term_string}\"},\"query-input\":\"required name=search_term_string\"}],\"inLanguage\":\"en-US\"},{\"@type\":\"Organization\",\"@id\":\"https:\/\/padillacarretillaselevadoras.com\/#organization\",\"name\":\"Padilla Carretillas Elevadoras 4.0\",\"url\":\"https:\/\/padillacarretillaselevadoras.com\/\",\"logo\":{\"@type\":\"ImageObject\",\"inLanguage\":\"en-US\",\"@id\":\"https:\/\/padillacarretillaselevadoras.com\/#\/schema\/logo\/image\/\",\"url\":\"https:\/\/padillacarretillaselevadoras.com\/wp-content\/uploads\/2018\/01\/logoWeb.png\",\"contentUrl\":\"https:\/\/padillacarretillaselevadoras.com\/wp-content\/uploads\/2018\/01\/logoWeb.png\",\"width\":255,\"height\":76,\"caption\":\"Padilla Carretillas Elevadoras 4.0\"},\"image\":{\"@id\":\"https:\/\/padillacarretillaselevadoras.com\/#\/schema\/logo\/image\/\"}}]}<\/script>\n<!-- \/ Yoast SEO plugin. -->","yoast_head_json":{"title":"M1 - Arrastrador el\u00e9ctrico - Padilla Carretillas Elevadoras 4.0","robots":{"index":"index","follow":"follow","max-snippet":"max-snippet:-1","max-image-preview":"max-image-preview:large","max-video-preview":"max-video-preview:-1"},"canonical":"https:\/\/padillacarretillaselevadoras.com\/en\/catalogo\/m1-arrastrador-electrico\/","og_locale":"en_US","og_type":"article","og_title":"M1 - Arrastrador el\u00e9ctrico - Padilla Carretillas Elevadoras 4.0","og_description":"M1 es la soluci\u00f3n ideal para eliminar la manipulaci\u00f3n manual de cargas.   para cargas de hasta 1.000 kg  vers\u00e1til y compacto  paquete de bater\u00edas intercambiables para garantizar 24\/7  bot\u00f3n opcional para ajuste de 2 velocidades  Amplia gama de ganchos est\u00e1ndar o personalizables bajo pedido  M1 es \u00fatil para manejar cargas tales como:   contenedores de malla con ruedas  carros de lavander\u00eda  contenedores de residuos y basura  carros m\u00e9dicos y hospitalarios  carros de almac\u00e9n  carros de taller  carros de servicio  carros para dispositivos m\u00e9dicos  contenedores industriales con ruedas","og_url":"https:\/\/padillacarretillaselevadoras.com\/en\/catalogo\/m1-arrastrador-electrico\/","og_site_name":"Padilla Carretillas Elevadoras 4.0","article_modified_time":"2021-10-05T11:19:32+00:00","og_image":[{"width":800,"height":698,"url":"https:\/\/padillacarretillaselevadoras.com\/wp-content\/uploads\/2021\/09\/lbs2dybm-2.png","type":"image\/png"}],"twitter_card":"summary_large_image","twitter_misc":{"Est. reading time":"2 minutes"},"schema":{"@context":"https:\/\/schema.org","@graph":[{"@type":"WebPage","@id":"https:\/\/padillacarretillaselevadoras.com\/en\/catalogo\/m1-arrastrador-electrico\/","url":"https:\/\/padillacarretillaselevadoras.com\/en\/catalogo\/m1-arrastrador-electrico\/","name":"M1 - Arrastrador el\u00e9ctrico - Padilla Carretillas Elevadoras 4.0","isPartOf":{"@id":"https:\/\/padillacarretillaselevadoras.com\/#website"},"datePublished":"2021-10-05T11:05:04+00:00","dateModified":"2021-10-05T11:19:32+00:00","breadcrumb":{"@id":"https:\/\/padillacarretillaselevadoras.com\/en\/catalogo\/m1-arrastrador-electrico\/#breadcrumb"},"inLanguage":"en-US","potentialAction":[{"@type":"ReadAction","target":["https:\/\/padillacarretillaselevadoras.com\/en\/catalogo\/m1-arrastrador-electrico\/"]}]},{"@type":"BreadcrumbList","@id":"https:\/\/padillacarretillaselevadoras.com\/en\/catalogo\/m1-arrastrador-electrico\/#breadcrumb","itemListElement":[{"@type":"ListItem","position":1,"name":"Portada","item":"https:\/\/padillacarretillaselevadoras.com\/en\/"},{"@type":"ListItem","position":2,"name":"Tienda","item":"https:\/\/padillacarretillaselevadoras.com\/tienda\/"},{"@type":"ListItem","position":3,"name":"M1 &#8211; Arrastrador el\u00e9ctrico"}]},{"@type":"WebSite","@id":"https:\/\/padillacarretillaselevadoras.com\/#website","url":"https:\/\/padillacarretillaselevadoras.com\/","name":"Padilla Carretillas Elevadoras 4.0","description":"Carretillas elevadoras en Tenerife","publisher":{"@id":"https:\/\/padillacarretillaselevadoras.com\/#organization"},"potentialAction":[{"@type":"SearchAction","target":{"@type":"EntryPoint","urlTemplate":"https:\/\/padillacarretillaselevadoras.com\/?s={search_term_string}"},"query-input":"required name=search_term_string"}],"inLanguage":"en-US"},{"@type":"Organization","@id":"https:\/\/padillacarretillaselevadoras.com\/#organization","name":"Padilla Carretillas Elevadoras 4.0","url":"https:\/\/padillacarretillaselevadoras.com\/","logo":{"@type":"ImageObject","inLanguage":"en-US","@id":"https:\/\/padillacarretillaselevadoras.com\/#\/schema\/logo\/image\/","url":"https:\/\/padillacarretillaselevadoras.com\/wp-content\/uploads\/2018\/01\/logoWeb.png","contentUrl":"https:\/\/padillacarretillaselevadoras.com\/wp-content\/uploads\/2018\/01\/logoWeb.png","width":255,"height":76,"caption":"Padilla Carretillas Elevadoras 4.0"},"image":{"@id":"https:\/\/padillacarretillaselevadoras.com\/#\/schema\/logo\/image\/"}}]}},"_links":{"self":[{"href":"https:\/\/padillacarretillaselevadoras.com\/en\/wp-json\/wp\/v2\/product\/18079"}],"collection":[{"href":"https:\/\/padillacarretillaselevadoras.com\/en\/wp-json\/wp\/v2\/product"}],"about":[{"href":"https:\/\/padillacarretillaselevadoras.com\/en\/wp-json\/wp\/v2\/types\/product"}],"wp:featuredmedia":[{"embeddable":true,"href":"https:\/\/padillacarretillaselevadoras.com\/en\/wp-json\/wp\/v2\/media\/16743"}],"wp:attachment":[{"href":"https:\/\/padillacarretillaselevadoras.com\/en\/wp-json\/wp\/v2\/media?parent=18079"}],"wp:term":[{"taxonomy":"product_cat","embeddable":true,"href":"https:\/\/padillacarretillaselevadoras.com\/en\/wp-json\/wp\/v2\/product_cat?post=18079"},{"taxonomy":"product_tag","embeddable":true,"href":"https:\/\/padillacarretillaselevadoras.com\/en\/wp-json\/wp\/v2\/product_tag?post=18079"}],"curies":[{"name":"wp","href":"https:\/\/api.w.org\/{rel}","templated":true}]}}