{"id":18102,"date":"2021-09-02T07:58:48","date_gmt":"2021-10-05T11:23:44","guid":{"rendered":"https:\/\/padillacarretillaselevadoras.com\/?post_type=product&#038;p=18102"},"modified":"2021-10-05T11:23:46","modified_gmt":"2021-10-05T11:23:46","slug":"tr-30-carro-motorizado-de-ruedas","status":"publish","type":"product","link":"https:\/\/padillacarretillaselevadoras.com\/en\/catalogo\/tr-30-carro-motorizado-de-ruedas\/","title":{"rendered":"TR 30 &#8211; Carro motorizado de ruedas"},"content":{"rendered":"\n\t<section class=\"section\" id=\"section_1674562554\">\n\t\t<div class=\"section-bg fill\" >\n\t\t\t\t\t\t\t\t\t\n\t\t\t\n\n\t\t<\/div>\n\n\t\t\n\n\t\t<div class=\"section-content relative\">\n\t\t\t\n\t\t<\/div>\n\n\t\t\n<style>\n#section_1674562554 {\n  padding-top: 18px;\n  padding-bottom: 18px;\n  margin-bottom: -4px;\n}\n<\/style>\n\t<\/section>\n\t\n\n\n\t<section class=\"section\" id=\"section_1547380650\">\n\t\t<div class=\"section-bg fill\" >\n\t\t\t\t\t\t\t\t\t\n\t\t\t\n\n\t\t<\/div>\n\n\t\t\n\n\t\t<div class=\"section-content relative\">\n\t\t\t\n<div class=\"row row-large align-middle align-center\" style=\"max-width:1300px\" id=\"row-1689907144\">\n\n\t<div id=\"col-57403293\" class=\"col medium-10 small-12 large-12\"  >\n\t\t\t\t<div class=\"col-inner\"  >\n\t\t\t\n\t\t\t\n<div class=\"accordion\">\n\t<div id=\"accordion-3897551963\" class=\"accordion-item\">\n\t\t<a id=\"accordion-3897551963-label\" class=\"accordion-title plain\" href=\"#accordion-item-aplicaciones\" aria-expanded=\"false\" aria-controls=\"accordion-3897551963-content\" >\n\t\t\t<button class=\"toggle\" aria-label=\"Toggle\"><i class=\"icon-angle-down\"><\/i><\/button>\n\t\t\t<span>Aplicaciones<\/span>\n\t\t<\/a>\n\t\t<div id=\"accordion-3897551963-content\" class=\"accordion-inner\" aria-labelledby=\"accordion-3897551963-label\" >\n\t\t\t\n\n  \n    <div class=\"row large-columns-4 medium-columns-3 small-columns-2\" >\n  <div class=\"gallery-col col\" >\n          <div class=\"col-inner\">\n            <a class=\"image-lightbox lightbox-gallery\" href=\"https:\/\/padillacarretillaselevadoras.com\/wp-content\/uploads\/2021\/09\/b6jrrsmq.jpg\" title=\"\">            <div class=\"box has-hover gallery-box box-overlay dark\">\n              <div class=\"box-image image-cover\" style=\"padding-top:100%;\">\n                <img width=\"300\" height=\"225\" src=\"https:\/\/padillacarretillaselevadoras.com\/wp-content\/uploads\/2021\/09\/b6jrrsmq-300x225.jpg\" class=\"attachment-medium size-medium\" alt=\"\" loading=\"lazy\" ids=\"16786,16789,16798,16801\" image_height=\"100%\" srcset=\"https:\/\/padillacarretillaselevadoras.com\/wp-content\/uploads\/2021\/09\/b6jrrsmq-300x225.jpg 300w, https:\/\/padillacarretillaselevadoras.com\/wp-content\/uploads\/2021\/09\/b6jrrsmq-768x576.jpg 768w, https:\/\/padillacarretillaselevadoras.com\/wp-content\/uploads\/2021\/09\/b6jrrsmq-247x185.jpg 247w, https:\/\/padillacarretillaselevadoras.com\/wp-content\/uploads\/2021\/09\/b6jrrsmq-510x383.jpg 510w, https:\/\/padillacarretillaselevadoras.com\/wp-content\/uploads\/2021\/09\/b6jrrsmq.jpg 800w\" sizes=\"(max-width: 300px) 100vw, 300px\" \/>                                  <div class=\"overlay fill\"\n                      style=\"background-color: rgba(0,0,0,.15)\">\n                  <\/div>\n                                                              <\/div>\n              <div class=\"box-text text-left\" >\n                 <p><\/p>\n              <\/div>\n            <\/div>\n            <\/a>          <\/div>\n         <\/div><div class=\"gallery-col col\" >\n          <div class=\"col-inner\">\n            <a class=\"image-lightbox lightbox-gallery\" href=\"https:\/\/padillacarretillaselevadoras.com\/wp-content\/uploads\/2021\/09\/2fbgmd1o-1024x691.png\" title=\"\">            <div class=\"box has-hover gallery-box box-overlay dark\">\n              <div class=\"box-image image-cover\" style=\"padding-top:100%;\">\n                <img width=\"300\" height=\"203\" src=\"https:\/\/padillacarretillaselevadoras.com\/wp-content\/uploads\/2021\/09\/2fbgmd1o-300x203.png\" class=\"attachment-medium size-medium\" alt=\"\" loading=\"lazy\" ids=\"16786,16789,16798,16801\" image_height=\"100%\" srcset=\"https:\/\/padillacarretillaselevadoras.com\/wp-content\/uploads\/2021\/09\/2fbgmd1o-300x203.png 300w, https:\/\/padillacarretillaselevadoras.com\/wp-content\/uploads\/2021\/09\/2fbgmd1o-1024x691.png 1024w, https:\/\/padillacarretillaselevadoras.com\/wp-content\/uploads\/2021\/09\/2fbgmd1o-768x518.png 768w, https:\/\/padillacarretillaselevadoras.com\/wp-content\/uploads\/2021\/09\/2fbgmd1o-247x167.png 247w, https:\/\/padillacarretillaselevadoras.com\/wp-content\/uploads\/2021\/09\/2fbgmd1o-510x344.png 510w, https:\/\/padillacarretillaselevadoras.com\/wp-content\/uploads\/2021\/09\/2fbgmd1o.png 1034w\" sizes=\"(max-width: 300px) 100vw, 300px\" \/>                                  <div class=\"overlay fill\"\n                      style=\"background-color: rgba(0,0,0,.15)\">\n                  <\/div>\n                                                              <\/div>\n              <div class=\"box-text text-left\" >\n                 <p><\/p>\n              <\/div>\n            <\/div>\n            <\/a>          <\/div>\n         <\/div><div class=\"gallery-col col\" >\n          <div class=\"col-inner\">\n            <a class=\"image-lightbox lightbox-gallery\" href=\"https:\/\/padillacarretillaselevadoras.com\/wp-content\/uploads\/2021\/09\/wc6doj6u-1.jpg\" title=\"\">            <div class=\"box has-hover gallery-box box-overlay dark\">\n              <div class=\"box-image image-cover\" style=\"padding-top:100%;\">\n                <img width=\"300\" height=\"262\" src=\"https:\/\/padillacarretillaselevadoras.com\/wp-content\/uploads\/2021\/09\/wc6doj6u-1-300x262.jpg\" class=\"attachment-medium size-medium\" alt=\"\" loading=\"lazy\" ids=\"16786,16789,16798,16801\" image_height=\"100%\" srcset=\"https:\/\/padillacarretillaselevadoras.com\/wp-content\/uploads\/2021\/09\/wc6doj6u-1-300x262.jpg 300w, https:\/\/padillacarretillaselevadoras.com\/wp-content\/uploads\/2021\/09\/wc6doj6u-1-247x216.jpg 247w, https:\/\/padillacarretillaselevadoras.com\/wp-content\/uploads\/2021\/09\/wc6doj6u-1-510x445.jpg 510w, https:\/\/padillacarretillaselevadoras.com\/wp-content\/uploads\/2021\/09\/wc6doj6u-1.jpg 550w\" sizes=\"(max-width: 300px) 100vw, 300px\" \/>                                  <div class=\"overlay fill\"\n                      style=\"background-color: rgba(0,0,0,.15)\">\n                  <\/div>\n                                                              <\/div>\n              <div class=\"box-text text-left\" >\n                 <p><\/p>\n              <\/div>\n            <\/div>\n            <\/a>          <\/div>\n         <\/div><div class=\"gallery-col col\" >\n          <div class=\"col-inner\">\n            <a class=\"image-lightbox lightbox-gallery\" href=\"https:\/\/padillacarretillaselevadoras.com\/wp-content\/uploads\/2021\/09\/q45oao86.png\" title=\"\">            <div class=\"box has-hover gallery-box box-overlay dark\">\n              <div class=\"box-image image-cover\" style=\"padding-top:100%;\">\n                <img width=\"300\" height=\"262\" src=\"https:\/\/padillacarretillaselevadoras.com\/wp-content\/uploads\/2021\/09\/q45oao86-300x262.png\" class=\"attachment-medium size-medium\" alt=\"\" loading=\"lazy\" ids=\"16786,16789,16798,16801\" image_height=\"100%\" srcset=\"https:\/\/padillacarretillaselevadoras.com\/wp-content\/uploads\/2021\/09\/q45oao86-300x262.png 300w, https:\/\/padillacarretillaselevadoras.com\/wp-content\/uploads\/2021\/09\/q45oao86-768x670.png 768w, https:\/\/padillacarretillaselevadoras.com\/wp-content\/uploads\/2021\/09\/q45oao86-247x216.png 247w, https:\/\/padillacarretillaselevadoras.com\/wp-content\/uploads\/2021\/09\/q45oao86-510x445.png 510w, https:\/\/padillacarretillaselevadoras.com\/wp-content\/uploads\/2021\/09\/q45oao86.png 800w\" sizes=\"(max-width: 300px) 100vw, 300px\" \/>                                  <div class=\"overlay fill\"\n                      style=\"background-color: rgba(0,0,0,.15)\">\n                  <\/div>\n                                                              <\/div>\n              <div class=\"box-text text-left\" >\n                 <p><\/p>\n              <\/div>\n            <\/div>\n            <\/a>          <\/div>\n         <\/div><\/div>\n\t\t<\/div>\n\t<\/div>\n\t\n<\/div>\n<div class=\"accordion\">\n\t<div id=\"accordion-4113209266\" class=\"accordion-item\">\n\t\t<a id=\"accordion-4113209266-label\" class=\"accordion-title plain\" href=\"#accordion-item-opciones-y-accesorios\" aria-expanded=\"false\" aria-controls=\"accordion-4113209266-content\" >\n\t\t\t<button class=\"toggle\" aria-label=\"Toggle\"><i class=\"icon-angle-down\"><\/i><\/button>\n\t\t\t<span>Opciones y accesorios<\/span>\n\t\t<\/a>\n\t\t<div id=\"accordion-4113209266-content\" class=\"accordion-inner\" aria-labelledby=\"accordion-4113209266-label\" >\n\t\t\t\n\n  \n    <div class=\"row large-columns-4 medium-columns-3 small-columns-2\" >\n  <div class=\"gallery-col col\" >\n          <div class=\"col-inner\">\n            <a class=\"image-lightbox lightbox-gallery\" href=\"https:\/\/padillacarretillaselevadoras.com\/wp-content\/uploads\/2021\/09\/ix3mnz05.png\" title=\"\">            <div class=\"box has-hover gallery-box box-normal\">\n              <div class=\"box-image\" >\n                <img width=\"300\" height=\"262\" src=\"https:\/\/padillacarretillaselevadoras.com\/wp-content\/uploads\/2021\/09\/ix3mnz05-300x262.png\" class=\"attachment-medium size-medium\" alt=\"\" loading=\"lazy\" ids=\"16804,16807,16810,16813\" style=\"normal\" srcset=\"https:\/\/padillacarretillaselevadoras.com\/wp-content\/uploads\/2021\/09\/ix3mnz05-300x262.png 300w, https:\/\/padillacarretillaselevadoras.com\/wp-content\/uploads\/2021\/09\/ix3mnz05-768x670.png 768w, https:\/\/padillacarretillaselevadoras.com\/wp-content\/uploads\/2021\/09\/ix3mnz05-247x216.png 247w, https:\/\/padillacarretillaselevadoras.com\/wp-content\/uploads\/2021\/09\/ix3mnz05-510x445.png 510w, https:\/\/padillacarretillaselevadoras.com\/wp-content\/uploads\/2021\/09\/ix3mnz05.png 800w\" sizes=\"(max-width: 300px) 100vw, 300px\" \/>                                                              <\/div>\n              <div class=\"box-text text-left\" >\n                 <p><\/p>\n              <\/div>\n            <\/div>\n            <\/a>          <\/div>\n         <\/div><div class=\"gallery-col col\" >\n          <div class=\"col-inner\">\n            <a class=\"image-lightbox lightbox-gallery\" href=\"https:\/\/padillacarretillaselevadoras.com\/wp-content\/uploads\/2021\/09\/f50c1xmp.png\" title=\"\">            <div class=\"box has-hover gallery-box box-normal\">\n              <div class=\"box-image\" >\n                <img width=\"300\" height=\"262\" src=\"https:\/\/padillacarretillaselevadoras.com\/wp-content\/uploads\/2021\/09\/f50c1xmp-300x262.png\" class=\"attachment-medium size-medium\" alt=\"\" loading=\"lazy\" ids=\"16804,16807,16810,16813\" style=\"normal\" srcset=\"https:\/\/padillacarretillaselevadoras.com\/wp-content\/uploads\/2021\/09\/f50c1xmp-300x262.png 300w, https:\/\/padillacarretillaselevadoras.com\/wp-content\/uploads\/2021\/09\/f50c1xmp-768x670.png 768w, https:\/\/padillacarretillaselevadoras.com\/wp-content\/uploads\/2021\/09\/f50c1xmp-247x216.png 247w, https:\/\/padillacarretillaselevadoras.com\/wp-content\/uploads\/2021\/09\/f50c1xmp-510x445.png 510w, https:\/\/padillacarretillaselevadoras.com\/wp-content\/uploads\/2021\/09\/f50c1xmp.png 800w\" sizes=\"(max-width: 300px) 100vw, 300px\" \/>                                                              <\/div>\n              <div class=\"box-text text-left\" >\n                 <p><\/p>\n              <\/div>\n            <\/div>\n            <\/a>          <\/div>\n         <\/div><div class=\"gallery-col col\" >\n          <div class=\"col-inner\">\n            <a class=\"image-lightbox lightbox-gallery\" href=\"https:\/\/padillacarretillaselevadoras.com\/wp-content\/uploads\/2021\/09\/7ra77l5s-1.jpg\" title=\"\">            <div class=\"box has-hover gallery-box box-normal\">\n              <div class=\"box-image\" >\n                <img width=\"300\" height=\"262\" src=\"https:\/\/padillacarretillaselevadoras.com\/wp-content\/uploads\/2021\/09\/7ra77l5s-1-300x262.jpg\" class=\"attachment-medium size-medium\" alt=\"\" loading=\"lazy\" ids=\"16804,16807,16810,16813\" style=\"normal\" srcset=\"https:\/\/padillacarretillaselevadoras.com\/wp-content\/uploads\/2021\/09\/7ra77l5s-1-300x262.jpg 300w, https:\/\/padillacarretillaselevadoras.com\/wp-content\/uploads\/2021\/09\/7ra77l5s-1-768x670.jpg 768w, https:\/\/padillacarretillaselevadoras.com\/wp-content\/uploads\/2021\/09\/7ra77l5s-1-247x216.jpg 247w, https:\/\/padillacarretillaselevadoras.com\/wp-content\/uploads\/2021\/09\/7ra77l5s-1-510x445.jpg 510w, https:\/\/padillacarretillaselevadoras.com\/wp-content\/uploads\/2021\/09\/7ra77l5s-1.jpg 800w\" sizes=\"(max-width: 300px) 100vw, 300px\" \/>                                                              <\/div>\n              <div class=\"box-text text-left\" >\n                 <p><\/p>\n              <\/div>\n            <\/div>\n            <\/a>          <\/div>\n         <\/div><div class=\"gallery-col col\" >\n          <div class=\"col-inner\">\n            <a class=\"image-lightbox lightbox-gallery\" href=\"https:\/\/padillacarretillaselevadoras.com\/wp-content\/uploads\/2021\/09\/bke7l0i3.png\" title=\"\">            <div class=\"box has-hover gallery-box box-normal\">\n              <div class=\"box-image\" >\n                <img width=\"300\" height=\"262\" src=\"https:\/\/padillacarretillaselevadoras.com\/wp-content\/uploads\/2021\/09\/bke7l0i3-300x262.png\" class=\"attachment-medium size-medium\" alt=\"\" loading=\"lazy\" ids=\"16804,16807,16810,16813\" style=\"normal\" srcset=\"https:\/\/padillacarretillaselevadoras.com\/wp-content\/uploads\/2021\/09\/bke7l0i3-300x262.png 300w, https:\/\/padillacarretillaselevadoras.com\/wp-content\/uploads\/2021\/09\/bke7l0i3-768x670.png 768w, https:\/\/padillacarretillaselevadoras.com\/wp-content\/uploads\/2021\/09\/bke7l0i3-247x216.png 247w, https:\/\/padillacarretillaselevadoras.com\/wp-content\/uploads\/2021\/09\/bke7l0i3-510x445.png 510w, https:\/\/padillacarretillaselevadoras.com\/wp-content\/uploads\/2021\/09\/bke7l0i3.png 800w\" sizes=\"(max-width: 300px) 100vw, 300px\" \/>                                                              <\/div>\n              <div class=\"box-text text-left\" >\n                 <p><\/p>\n              <\/div>\n            <\/div>\n            <\/a>          <\/div>\n         <\/div><\/div>\n\t\t<\/div>\n\t<\/div>\n\t\n<\/div>\n<div class=\"accordion\">\n\t<div id=\"accordion-3460749598\" class=\"accordion-item\">\n\t\t<a id=\"accordion-3460749598-label\" class=\"accordion-title plain\" href=\"#accordion-item-prestaciones\" aria-expanded=\"false\" aria-controls=\"accordion-3460749598-content\" >\n\t\t\t<button class=\"toggle\" aria-label=\"Toggle\"><i class=\"icon-angle-down\"><\/i><\/button>\n\t\t\t<span>Prestaciones<\/span>\n\t\t<\/a>\n\t\t<div id=\"accordion-3460749598-content\" class=\"accordion-inner\" aria-labelledby=\"accordion-3460749598-label\" >\n\t\t\t\n<h1>4,5 km\/h<\/h1>\n<p>Velocidad max. marcha adelante<\/p>\n<h1>300 kg<\/h1>\n<p>Capacidad de carga en plano<\/p>\n<h1>30%<\/h1>\n<p>Pendiente max con carga<\/p>\n\t\t<\/div>\n\t<\/div>\n\t\n<\/div>\n\t\t<\/div>\n\t\t\t\t\n<style>\n#col-57403293 > .col-inner {\n  padding: 0px 0px 0px 34px;\n}\n<\/style>\n\t<\/div>\n\n\t\n<\/div>\n\t\t<\/div>\n\n\t\t\n<style>\n#section_1547380650 {\n  padding-top: 75px;\n  padding-bottom: 75px;\n  background-color: rgb(249, 249, 249);\n}\n@media (min-width:850px) {\n  #section_1547380650 {\n    padding-top: 45px;\n    padding-bottom: 45px;\n  }\n}\n<\/style>\n\t<\/section>\n\t\n\n\t<section class=\"section\" id=\"section_1672820704\">\n\t\t<div class=\"section-bg fill\" >\n\t\t\t\t\t\t\t\t\t\n\t\t\t\n\n\t\t<\/div>\n\n\t\t\n\n\t\t<div class=\"section-content relative\">\n\t\t\t\r\n\r\n<div class=\"row row-collapse align-middle\"  id=\"row-1039147740\">\r\n\r\n\n\t<div id=\"col-516901648\" class=\"col small-12 large-12\"  >\n\t\t\t\t<div class=\"col-inner\"  >\n\t\t\t\n\t\t\t\r\n\r\n\t<div id=\"text-1759147163\" class=\"text\">\n\t\t\r\n\r\n<h2 style=\"text-align: center;\"><span style=\"color: #ff9900;\"><a style=\"color: #ff9900;\" href=\"https:\/\/padillacarretillaselevadoras.com\/solicitar-informacion\/\"><strong>Click Here to request more information about the product!<\/strong><\/a><\/span><\/h2>\r\n\t\t\n<style>\n#text-1759147163 {\n  text-align: center;\n}\n<\/style>\n\t<\/div>\n\t\r\n\r\n\t\t<\/div>\n\t\t\t\t\t<\/div>\n\n\t\r\n\r\n<\/div>\r\n\r\n\t\t<\/div>\n\n\t\t\n<style>\n#section_1672820704 {\n  padding-top: 94px;\n  padding-bottom: 94px;\n}\n<\/style>\n\t<\/section>\n\t\n","protected":false},"excerpt":{"rendered":"<h2><span style=\"color: #f99b1c;\">TR 30 es la soluci\u00f3n ideal para eliminar la manipulaci\u00f3n manual de cargas.<\/span><\/h2>\n<ul>\n<li>para cargas de hasta 300 kg<\/li>\n<li>con ruedas neum\u00e1ticas para uso interior y exterior<\/li>\n<li>bot\u00f3n opcional para ajuste de 2 velocidades<\/li>\n<li>amplia gama de plataformas est\u00e1ndar o personalizables bajo pedido<\/li>\n<\/ul>\n<a href=\"https:\/\/padillacarretillaselevadoras.com\/solicitar-informacion\" class=\"button primary is-primary is-medium\"  >\n\t\t<span>Solicitar Informaci\u00f3n<\/span>\n\t<\/a>\n\n","protected":false},"featured_media":16816,"template":"","meta":[],"product_cat":[414,444,926],"product_tag":[],"yoast_head":"<!-- This site is optimized with the Yoast SEO plugin v20.6 - https:\/\/yoast.com\/wordpress\/plugins\/seo\/ -->\n<title>TR 30 - Carro motorizado de ruedas - Padilla Carretillas Elevadoras 4.0<\/title>\n<meta name=\"robots\" content=\"index, follow, max-snippet:-1, max-image-preview:large, max-video-preview:-1\" \/>\n<link rel=\"canonical\" href=\"https:\/\/padillacarretillaselevadoras.com\/en\/catalogo\/tr-30-carro-motorizado-de-ruedas\/\" \/>\n<meta property=\"og:locale\" content=\"en_US\" \/>\n<meta property=\"og:type\" content=\"article\" \/>\n<meta property=\"og:title\" content=\"TR 30 - Carro motorizado de ruedas - Padilla Carretillas Elevadoras 4.0\" \/>\n<meta property=\"og:description\" content=\"TR 30 es la soluci\u00f3n ideal para eliminar la manipulaci\u00f3n manual de cargas.   para cargas de hasta 300 kg  con ruedas neum\u00e1ticas para uso interior y exterior  bot\u00f3n opcional para ajuste de 2 velocidades  amplia gama de plataformas est\u00e1ndar o personalizables bajo pedido\" \/>\n<meta property=\"og:url\" content=\"https:\/\/padillacarretillaselevadoras.com\/en\/catalogo\/tr-30-carro-motorizado-de-ruedas\/\" \/>\n<meta property=\"og:site_name\" content=\"Padilla Carretillas Elevadoras 4.0\" \/>\n<meta property=\"article:modified_time\" content=\"2021-10-05T11:23:46+00:00\" \/>\n<meta property=\"og:image\" content=\"https:\/\/padillacarretillaselevadoras.com\/wp-content\/uploads\/2021\/09\/PRINC-7.png\" \/>\n\t<meta property=\"og:image:width\" content=\"800\" \/>\n\t<meta property=\"og:image:height\" content=\"698\" \/>\n\t<meta property=\"og:image:type\" content=\"image\/png\" \/>\n<meta name=\"twitter:card\" content=\"summary_large_image\" \/>\n<meta name=\"twitter:label1\" content=\"Est. reading time\" \/>\n\t<meta name=\"twitter:data1\" content=\"2 minutes\" \/>\n<script type=\"application\/ld+json\" class=\"yoast-schema-graph\">{\"@context\":\"https:\/\/schema.org\",\"@graph\":[{\"@type\":\"WebPage\",\"@id\":\"https:\/\/padillacarretillaselevadoras.com\/en\/catalogo\/tr-30-carro-motorizado-de-ruedas\/\",\"url\":\"https:\/\/padillacarretillaselevadoras.com\/en\/catalogo\/tr-30-carro-motorizado-de-ruedas\/\",\"name\":\"TR 30 - Carro motorizado de ruedas - Padilla Carretillas Elevadoras 4.0\",\"isPartOf\":{\"@id\":\"https:\/\/padillacarretillaselevadoras.com\/#website\"},\"datePublished\":\"2021-10-05T11:23:44+00:00\",\"dateModified\":\"2021-10-05T11:23:46+00:00\",\"breadcrumb\":{\"@id\":\"https:\/\/padillacarretillaselevadoras.com\/en\/catalogo\/tr-30-carro-motorizado-de-ruedas\/#breadcrumb\"},\"inLanguage\":\"en-US\",\"potentialAction\":[{\"@type\":\"ReadAction\",\"target\":[\"https:\/\/padillacarretillaselevadoras.com\/en\/catalogo\/tr-30-carro-motorizado-de-ruedas\/\"]}]},{\"@type\":\"BreadcrumbList\",\"@id\":\"https:\/\/padillacarretillaselevadoras.com\/en\/catalogo\/tr-30-carro-motorizado-de-ruedas\/#breadcrumb\",\"itemListElement\":[{\"@type\":\"ListItem\",\"position\":1,\"name\":\"Portada\",\"item\":\"https:\/\/padillacarretillaselevadoras.com\/en\/\"},{\"@type\":\"ListItem\",\"position\":2,\"name\":\"Tienda\",\"item\":\"https:\/\/padillacarretillaselevadoras.com\/tienda\/\"},{\"@type\":\"ListItem\",\"position\":3,\"name\":\"TR 30 &#8211; Carro motorizado de ruedas\"}]},{\"@type\":\"WebSite\",\"@id\":\"https:\/\/padillacarretillaselevadoras.com\/#website\",\"url\":\"https:\/\/padillacarretillaselevadoras.com\/\",\"name\":\"Padilla Carretillas Elevadoras 4.0\",\"description\":\"Carretillas elevadoras en Tenerife\",\"publisher\":{\"@id\":\"https:\/\/padillacarretillaselevadoras.com\/#organization\"},\"potentialAction\":[{\"@type\":\"SearchAction\",\"target\":{\"@type\":\"EntryPoint\",\"urlTemplate\":\"https:\/\/padillacarretillaselevadoras.com\/?s={search_term_string}\"},\"query-input\":\"required name=search_term_string\"}],\"inLanguage\":\"en-US\"},{\"@type\":\"Organization\",\"@id\":\"https:\/\/padillacarretillaselevadoras.com\/#organization\",\"name\":\"Padilla Carretillas Elevadoras 4.0\",\"url\":\"https:\/\/padillacarretillaselevadoras.com\/\",\"logo\":{\"@type\":\"ImageObject\",\"inLanguage\":\"en-US\",\"@id\":\"https:\/\/padillacarretillaselevadoras.com\/#\/schema\/logo\/image\/\",\"url\":\"https:\/\/padillacarretillaselevadoras.com\/wp-content\/uploads\/2018\/01\/logoWeb.png\",\"contentUrl\":\"https:\/\/padillacarretillaselevadoras.com\/wp-content\/uploads\/2018\/01\/logoWeb.png\",\"width\":255,\"height\":76,\"caption\":\"Padilla Carretillas Elevadoras 4.0\"},\"image\":{\"@id\":\"https:\/\/padillacarretillaselevadoras.com\/#\/schema\/logo\/image\/\"}}]}<\/script>\n<!-- \/ Yoast SEO plugin. -->","yoast_head_json":{"title":"TR 30 - Carro motorizado de ruedas - Padilla Carretillas Elevadoras 4.0","robots":{"index":"index","follow":"follow","max-snippet":"max-snippet:-1","max-image-preview":"max-image-preview:large","max-video-preview":"max-video-preview:-1"},"canonical":"https:\/\/padillacarretillaselevadoras.com\/en\/catalogo\/tr-30-carro-motorizado-de-ruedas\/","og_locale":"en_US","og_type":"article","og_title":"TR 30 - Carro motorizado de ruedas - Padilla Carretillas Elevadoras 4.0","og_description":"TR 30 es la soluci\u00f3n ideal para eliminar la manipulaci\u00f3n manual de cargas.   para cargas de hasta 300 kg  con ruedas neum\u00e1ticas para uso interior y exterior  bot\u00f3n opcional para ajuste de 2 velocidades  amplia gama de plataformas est\u00e1ndar o personalizables bajo pedido","og_url":"https:\/\/padillacarretillaselevadoras.com\/en\/catalogo\/tr-30-carro-motorizado-de-ruedas\/","og_site_name":"Padilla Carretillas Elevadoras 4.0","article_modified_time":"2021-10-05T11:23:46+00:00","og_image":[{"width":800,"height":698,"url":"https:\/\/padillacarretillaselevadoras.com\/wp-content\/uploads\/2021\/09\/PRINC-7.png","type":"image\/png"}],"twitter_card":"summary_large_image","twitter_misc":{"Est. reading time":"2 minutes"},"schema":{"@context":"https:\/\/schema.org","@graph":[{"@type":"WebPage","@id":"https:\/\/padillacarretillaselevadoras.com\/en\/catalogo\/tr-30-carro-motorizado-de-ruedas\/","url":"https:\/\/padillacarretillaselevadoras.com\/en\/catalogo\/tr-30-carro-motorizado-de-ruedas\/","name":"TR 30 - Carro motorizado de ruedas - Padilla Carretillas Elevadoras 4.0","isPartOf":{"@id":"https:\/\/padillacarretillaselevadoras.com\/#website"},"datePublished":"2021-10-05T11:23:44+00:00","dateModified":"2021-10-05T11:23:46+00:00","breadcrumb":{"@id":"https:\/\/padillacarretillaselevadoras.com\/en\/catalogo\/tr-30-carro-motorizado-de-ruedas\/#breadcrumb"},"inLanguage":"en-US","potentialAction":[{"@type":"ReadAction","target":["https:\/\/padillacarretillaselevadoras.com\/en\/catalogo\/tr-30-carro-motorizado-de-ruedas\/"]}]},{"@type":"BreadcrumbList","@id":"https:\/\/padillacarretillaselevadoras.com\/en\/catalogo\/tr-30-carro-motorizado-de-ruedas\/#breadcrumb","itemListElement":[{"@type":"ListItem","position":1,"name":"Portada","item":"https:\/\/padillacarretillaselevadoras.com\/en\/"},{"@type":"ListItem","position":2,"name":"Tienda","item":"https:\/\/padillacarretillaselevadoras.com\/tienda\/"},{"@type":"ListItem","position":3,"name":"TR 30 &#8211; Carro motorizado de ruedas"}]},{"@type":"WebSite","@id":"https:\/\/padillacarretillaselevadoras.com\/#website","url":"https:\/\/padillacarretillaselevadoras.com\/","name":"Padilla Carretillas Elevadoras 4.0","description":"Carretillas elevadoras en Tenerife","publisher":{"@id":"https:\/\/padillacarretillaselevadoras.com\/#organization"},"potentialAction":[{"@type":"SearchAction","target":{"@type":"EntryPoint","urlTemplate":"https:\/\/padillacarretillaselevadoras.com\/?s={search_term_string}"},"query-input":"required name=search_term_string"}],"inLanguage":"en-US"},{"@type":"Organization","@id":"https:\/\/padillacarretillaselevadoras.com\/#organization","name":"Padilla Carretillas Elevadoras 4.0","url":"https:\/\/padillacarretillaselevadoras.com\/","logo":{"@type":"ImageObject","inLanguage":"en-US","@id":"https:\/\/padillacarretillaselevadoras.com\/#\/schema\/logo\/image\/","url":"https:\/\/padillacarretillaselevadoras.com\/wp-content\/uploads\/2018\/01\/logoWeb.png","contentUrl":"https:\/\/padillacarretillaselevadoras.com\/wp-content\/uploads\/2018\/01\/logoWeb.png","width":255,"height":76,"caption":"Padilla Carretillas Elevadoras 4.0"},"image":{"@id":"https:\/\/padillacarretillaselevadoras.com\/#\/schema\/logo\/image\/"}}]}},"_links":{"self":[{"href":"https:\/\/padillacarretillaselevadoras.com\/en\/wp-json\/wp\/v2\/product\/18102"}],"collection":[{"href":"https:\/\/padillacarretillaselevadoras.com\/en\/wp-json\/wp\/v2\/product"}],"about":[{"href":"https:\/\/padillacarretillaselevadoras.com\/en\/wp-json\/wp\/v2\/types\/product"}],"wp:featuredmedia":[{"embeddable":true,"href":"https:\/\/padillacarretillaselevadoras.com\/en\/wp-json\/wp\/v2\/media\/16816"}],"wp:attachment":[{"href":"https:\/\/padillacarretillaselevadoras.com\/en\/wp-json\/wp\/v2\/media?parent=18102"}],"wp:term":[{"taxonomy":"product_cat","embeddable":true,"href":"https:\/\/padillacarretillaselevadoras.com\/en\/wp-json\/wp\/v2\/product_cat?post=18102"},{"taxonomy":"product_tag","embeddable":true,"href":"https:\/\/padillacarretillaselevadoras.com\/en\/wp-json\/wp\/v2\/product_tag?post=18102"}],"curies":[{"name":"wp","href":"https:\/\/api.w.org\/{rel}","templated":true}]}}