{"id":18123,"date":"2021-09-02T07:58:36","date_gmt":"2021-10-05T11:28:57","guid":{"rendered":"https:\/\/padillacarretillaselevadoras.com\/?post_type=product&#038;p=18123"},"modified":"2021-10-05T11:28:59","modified_gmt":"2021-10-05T11:28:59","slug":"k2-tractor-de-remolque-electrico","status":"publish","type":"product","link":"https:\/\/padillacarretillaselevadoras.com\/en\/catalogo\/k2-tractor-de-remolque-electrico\/","title":{"rendered":"K2 &#8211; Tractor de remolque el\u00e9ctrico"},"content":{"rendered":"\n\t<section class=\"section\" id=\"section_1979978577\">\n\t\t<div class=\"section-bg fill\" >\n\t\t\t\t\t\t\t\t\t\n\t\t\t\n\n\t\t<\/div>\n\n\t\t\n\n\t\t<div class=\"section-content relative\">\n\t\t\t\n\t\t<\/div>\n\n\t\t\n<style>\n#section_1979978577 {\n  padding-top: 18px;\n  padding-bottom: 18px;\n  margin-bottom: -4px;\n}\n<\/style>\n\t<\/section>\n\t\n\n\n\t<section class=\"section\" id=\"section_893344232\">\n\t\t<div class=\"section-bg fill\" >\n\t\t\t\t\t\t\t\t\t\n\t\t\t\n\n\t\t<\/div>\n\n\t\t\n\n\t\t<div class=\"section-content relative\">\n\t\t\t\n<div class=\"row row-large align-middle align-center\" style=\"max-width:1300px\" id=\"row-26701200\">\n\n\t<div id=\"col-467413504\" class=\"col medium-10 small-12 large-12\"  >\n\t\t\t\t<div class=\"col-inner\"  >\n\t\t\t\n\t\t\t\n<div class=\"accordion\">\n\t<div id=\"accordion-310045672\" class=\"accordion-item\">\n\t\t<a id=\"accordion-310045672-label\" class=\"accordion-title plain\" href=\"#accordion-item-aplicaciones\" aria-expanded=\"false\" aria-controls=\"accordion-310045672-content\" >\n\t\t\t<button class=\"toggle\" aria-label=\"Toggle\"><i class=\"icon-angle-down\"><\/i><\/button>\n\t\t\t<span>Aplicaciones<\/span>\n\t\t<\/a>\n\t\t<div id=\"accordion-310045672-content\" class=\"accordion-inner\" aria-labelledby=\"accordion-310045672-label\" >\n\t\t\t\n\n  \n    <div class=\"row large-columns-4 medium-columns-3 small-columns-2\" >\n  <div class=\"gallery-col col\" >\n          <div class=\"col-inner\">\n            <a class=\"image-lightbox lightbox-gallery\" href=\"https:\/\/padillacarretillaselevadoras.com\/wp-content\/uploads\/2021\/09\/ghej8k4z.jpg\" title=\"\">            <div class=\"box has-hover gallery-box box-overlay dark\">\n              <div class=\"box-image image-cover\" style=\"padding-top:100%;\">\n                <img width=\"300\" height=\"262\" src=\"https:\/\/padillacarretillaselevadoras.com\/wp-content\/uploads\/2021\/09\/ghej8k4z-300x262.jpg\" class=\"attachment-medium size-medium\" alt=\"\" loading=\"lazy\" ids=\"17137,17140,17143,17146\" image_height=\"100%\" srcset=\"https:\/\/padillacarretillaselevadoras.com\/wp-content\/uploads\/2021\/09\/ghej8k4z-300x262.jpg 300w, https:\/\/padillacarretillaselevadoras.com\/wp-content\/uploads\/2021\/09\/ghej8k4z-768x670.jpg 768w, https:\/\/padillacarretillaselevadoras.com\/wp-content\/uploads\/2021\/09\/ghej8k4z-247x216.jpg 247w, https:\/\/padillacarretillaselevadoras.com\/wp-content\/uploads\/2021\/09\/ghej8k4z-510x445.jpg 510w, https:\/\/padillacarretillaselevadoras.com\/wp-content\/uploads\/2021\/09\/ghej8k4z.jpg 800w\" sizes=\"(max-width: 300px) 100vw, 300px\" \/>                                  <div class=\"overlay fill\"\n                      style=\"background-color: rgba(0,0,0,.15)\">\n                  <\/div>\n                                                              <\/div>\n              <div class=\"box-text text-left\" >\n                 <p><\/p>\n              <\/div>\n            <\/div>\n            <\/a>          <\/div>\n         <\/div><div class=\"gallery-col col\" >\n          <div class=\"col-inner\">\n            <a class=\"image-lightbox lightbox-gallery\" href=\"https:\/\/padillacarretillaselevadoras.com\/wp-content\/uploads\/2021\/09\/yj8ljpog.png\" title=\"\">            <div class=\"box has-hover gallery-box box-overlay dark\">\n              <div class=\"box-image image-cover\" style=\"padding-top:100%;\">\n                <img width=\"300\" height=\"262\" src=\"https:\/\/padillacarretillaselevadoras.com\/wp-content\/uploads\/2021\/09\/yj8ljpog-300x262.png\" class=\"attachment-medium size-medium\" alt=\"\" loading=\"lazy\" ids=\"17137,17140,17143,17146\" image_height=\"100%\" srcset=\"https:\/\/padillacarretillaselevadoras.com\/wp-content\/uploads\/2021\/09\/yj8ljpog-300x262.png 300w, https:\/\/padillacarretillaselevadoras.com\/wp-content\/uploads\/2021\/09\/yj8ljpog-768x670.png 768w, https:\/\/padillacarretillaselevadoras.com\/wp-content\/uploads\/2021\/09\/yj8ljpog-247x216.png 247w, https:\/\/padillacarretillaselevadoras.com\/wp-content\/uploads\/2021\/09\/yj8ljpog-510x445.png 510w, https:\/\/padillacarretillaselevadoras.com\/wp-content\/uploads\/2021\/09\/yj8ljpog.png 800w\" sizes=\"(max-width: 300px) 100vw, 300px\" \/>                                  <div class=\"overlay fill\"\n                      style=\"background-color: rgba(0,0,0,.15)\">\n                  <\/div>\n                                                              <\/div>\n              <div class=\"box-text text-left\" >\n                 <p><\/p>\n              <\/div>\n            <\/div>\n            <\/a>          <\/div>\n         <\/div><div class=\"gallery-col col\" >\n          <div class=\"col-inner\">\n            <a class=\"image-lightbox lightbox-gallery\" href=\"https:\/\/padillacarretillaselevadoras.com\/wp-content\/uploads\/2021\/09\/t0ve648p.png\" title=\"\">            <div class=\"box has-hover gallery-box box-overlay dark\">\n              <div class=\"box-image image-cover\" style=\"padding-top:100%;\">\n                <img width=\"300\" height=\"262\" src=\"https:\/\/padillacarretillaselevadoras.com\/wp-content\/uploads\/2021\/09\/t0ve648p-300x262.png\" class=\"attachment-medium size-medium\" alt=\"\" loading=\"lazy\" ids=\"17137,17140,17143,17146\" image_height=\"100%\" srcset=\"https:\/\/padillacarretillaselevadoras.com\/wp-content\/uploads\/2021\/09\/t0ve648p-300x262.png 300w, https:\/\/padillacarretillaselevadoras.com\/wp-content\/uploads\/2021\/09\/t0ve648p-768x670.png 768w, https:\/\/padillacarretillaselevadoras.com\/wp-content\/uploads\/2021\/09\/t0ve648p-247x216.png 247w, https:\/\/padillacarretillaselevadoras.com\/wp-content\/uploads\/2021\/09\/t0ve648p-510x445.png 510w, https:\/\/padillacarretillaselevadoras.com\/wp-content\/uploads\/2021\/09\/t0ve648p.png 800w\" sizes=\"(max-width: 300px) 100vw, 300px\" \/>                                  <div class=\"overlay fill\"\n                      style=\"background-color: rgba(0,0,0,.15)\">\n                  <\/div>\n                                                              <\/div>\n              <div class=\"box-text text-left\" >\n                 <p><\/p>\n              <\/div>\n            <\/div>\n            <\/a>          <\/div>\n         <\/div><div class=\"gallery-col col\" >\n          <div class=\"col-inner\">\n            <a class=\"image-lightbox lightbox-gallery\" href=\"https:\/\/padillacarretillaselevadoras.com\/wp-content\/uploads\/2021\/09\/5kibadte.jpg\" title=\"\">            <div class=\"box has-hover gallery-box box-overlay dark\">\n              <div class=\"box-image image-cover\" style=\"padding-top:100%;\">\n                <img width=\"300\" height=\"262\" src=\"https:\/\/padillacarretillaselevadoras.com\/wp-content\/uploads\/2021\/09\/5kibadte-300x262.jpg\" class=\"attachment-medium size-medium\" alt=\"\" loading=\"lazy\" ids=\"17137,17140,17143,17146\" image_height=\"100%\" srcset=\"https:\/\/padillacarretillaselevadoras.com\/wp-content\/uploads\/2021\/09\/5kibadte-300x262.jpg 300w, https:\/\/padillacarretillaselevadoras.com\/wp-content\/uploads\/2021\/09\/5kibadte-768x670.jpg 768w, https:\/\/padillacarretillaselevadoras.com\/wp-content\/uploads\/2021\/09\/5kibadte-247x216.jpg 247w, https:\/\/padillacarretillaselevadoras.com\/wp-content\/uploads\/2021\/09\/5kibadte-510x445.jpg 510w, https:\/\/padillacarretillaselevadoras.com\/wp-content\/uploads\/2021\/09\/5kibadte.jpg 800w\" sizes=\"(max-width: 300px) 100vw, 300px\" \/>                                  <div class=\"overlay fill\"\n                      style=\"background-color: rgba(0,0,0,.15)\">\n                  <\/div>\n                                                              <\/div>\n              <div class=\"box-text text-left\" >\n                 <p><\/p>\n              <\/div>\n            <\/div>\n            <\/a>          <\/div>\n         <\/div><\/div>\n\t\t<\/div>\n\t<\/div>\n\t\n<\/div>\n<div class=\"accordion\">\n\t<div id=\"accordion-1620149369\" class=\"accordion-item\">\n\t\t<a id=\"accordion-1620149369-label\" class=\"accordion-title plain\" href=\"#accordion-item-opciones-y-accesorios\" aria-expanded=\"false\" aria-controls=\"accordion-1620149369-content\" >\n\t\t\t<button class=\"toggle\" aria-label=\"Toggle\"><i class=\"icon-angle-down\"><\/i><\/button>\n\t\t\t<span>Opciones y accesorios<\/span>\n\t\t<\/a>\n\t\t<div id=\"accordion-1620149369-content\" class=\"accordion-inner\" aria-labelledby=\"accordion-1620149369-label\" >\n\t\t\t\n\n  \n    <div class=\"row large-columns-4 medium-columns-3 small-columns-2\" >\n  <div class=\"gallery-col col\" >\n          <div class=\"col-inner\">\n            <a class=\"image-lightbox lightbox-gallery\" href=\"https:\/\/padillacarretillaselevadoras.com\/wp-content\/uploads\/2021\/09\/w17urpud-3.png\" title=\"\">            <div class=\"box has-hover gallery-box box-normal\">\n              <div class=\"box-image\" >\n                <img width=\"300\" height=\"262\" src=\"https:\/\/padillacarretillaselevadoras.com\/wp-content\/uploads\/2021\/09\/w17urpud-3-300x262.png\" class=\"attachment-medium size-medium\" alt=\"\" loading=\"lazy\" ids=\"17149,17152,17155,17158\" style=\"normal\" srcset=\"https:\/\/padillacarretillaselevadoras.com\/wp-content\/uploads\/2021\/09\/w17urpud-3-300x262.png 300w, https:\/\/padillacarretillaselevadoras.com\/wp-content\/uploads\/2021\/09\/w17urpud-3-768x670.png 768w, https:\/\/padillacarretillaselevadoras.com\/wp-content\/uploads\/2021\/09\/w17urpud-3-247x216.png 247w, https:\/\/padillacarretillaselevadoras.com\/wp-content\/uploads\/2021\/09\/w17urpud-3-510x445.png 510w, https:\/\/padillacarretillaselevadoras.com\/wp-content\/uploads\/2021\/09\/w17urpud-3.png 800w\" sizes=\"(max-width: 300px) 100vw, 300px\" \/>                                                              <\/div>\n              <div class=\"box-text text-left\" >\n                 <p><\/p>\n              <\/div>\n            <\/div>\n            <\/a>          <\/div>\n         <\/div><div class=\"gallery-col col\" >\n          <div class=\"col-inner\">\n            <a class=\"image-lightbox lightbox-gallery\" href=\"https:\/\/padillacarretillaselevadoras.com\/wp-content\/uploads\/2021\/09\/qbcs0c6n.png\" title=\"\">            <div class=\"box has-hover gallery-box box-normal\">\n              <div class=\"box-image\" >\n                <img width=\"300\" height=\"262\" src=\"https:\/\/padillacarretillaselevadoras.com\/wp-content\/uploads\/2021\/09\/qbcs0c6n-300x262.png\" class=\"attachment-medium size-medium\" alt=\"\" loading=\"lazy\" ids=\"17149,17152,17155,17158\" style=\"normal\" srcset=\"https:\/\/padillacarretillaselevadoras.com\/wp-content\/uploads\/2021\/09\/qbcs0c6n-300x262.png 300w, https:\/\/padillacarretillaselevadoras.com\/wp-content\/uploads\/2021\/09\/qbcs0c6n-768x670.png 768w, https:\/\/padillacarretillaselevadoras.com\/wp-content\/uploads\/2021\/09\/qbcs0c6n-247x216.png 247w, https:\/\/padillacarretillaselevadoras.com\/wp-content\/uploads\/2021\/09\/qbcs0c6n-510x445.png 510w, https:\/\/padillacarretillaselevadoras.com\/wp-content\/uploads\/2021\/09\/qbcs0c6n.png 800w\" sizes=\"(max-width: 300px) 100vw, 300px\" \/>                                                              <\/div>\n              <div class=\"box-text text-left\" >\n                 <p><\/p>\n              <\/div>\n            <\/div>\n            <\/a>          <\/div>\n         <\/div><div class=\"gallery-col col\" >\n          <div class=\"col-inner\">\n            <a class=\"image-lightbox lightbox-gallery\" href=\"https:\/\/padillacarretillaselevadoras.com\/wp-content\/uploads\/2021\/09\/2dajfw2r.png\" title=\"\">            <div class=\"box has-hover gallery-box box-normal\">\n              <div class=\"box-image\" >\n                <img width=\"300\" height=\"262\" src=\"https:\/\/padillacarretillaselevadoras.com\/wp-content\/uploads\/2021\/09\/2dajfw2r-300x262.png\" class=\"attachment-medium size-medium\" alt=\"\" loading=\"lazy\" ids=\"17149,17152,17155,17158\" style=\"normal\" srcset=\"https:\/\/padillacarretillaselevadoras.com\/wp-content\/uploads\/2021\/09\/2dajfw2r-300x262.png 300w, https:\/\/padillacarretillaselevadoras.com\/wp-content\/uploads\/2021\/09\/2dajfw2r-768x670.png 768w, https:\/\/padillacarretillaselevadoras.com\/wp-content\/uploads\/2021\/09\/2dajfw2r-247x216.png 247w, https:\/\/padillacarretillaselevadoras.com\/wp-content\/uploads\/2021\/09\/2dajfw2r-510x445.png 510w, https:\/\/padillacarretillaselevadoras.com\/wp-content\/uploads\/2021\/09\/2dajfw2r.png 800w\" sizes=\"(max-width: 300px) 100vw, 300px\" \/>                                                              <\/div>\n              <div class=\"box-text text-left\" >\n                 <p><\/p>\n              <\/div>\n            <\/div>\n            <\/a>          <\/div>\n         <\/div><div class=\"gallery-col col\" >\n          <div class=\"col-inner\">\n            <a class=\"image-lightbox lightbox-gallery\" href=\"https:\/\/padillacarretillaselevadoras.com\/wp-content\/uploads\/2021\/09\/1f0f6bti.png\" title=\"\">            <div class=\"box has-hover gallery-box box-normal\">\n              <div class=\"box-image\" >\n                <img width=\"300\" height=\"262\" src=\"https:\/\/padillacarretillaselevadoras.com\/wp-content\/uploads\/2021\/09\/1f0f6bti-300x262.png\" class=\"attachment-medium size-medium\" alt=\"\" loading=\"lazy\" ids=\"17149,17152,17155,17158\" style=\"normal\" srcset=\"https:\/\/padillacarretillaselevadoras.com\/wp-content\/uploads\/2021\/09\/1f0f6bti-300x262.png 300w, https:\/\/padillacarretillaselevadoras.com\/wp-content\/uploads\/2021\/09\/1f0f6bti-768x670.png 768w, https:\/\/padillacarretillaselevadoras.com\/wp-content\/uploads\/2021\/09\/1f0f6bti-247x216.png 247w, https:\/\/padillacarretillaselevadoras.com\/wp-content\/uploads\/2021\/09\/1f0f6bti-510x445.png 510w, https:\/\/padillacarretillaselevadoras.com\/wp-content\/uploads\/2021\/09\/1f0f6bti.png 800w\" sizes=\"(max-width: 300px) 100vw, 300px\" \/>                                                              <\/div>\n              <div class=\"box-text text-left\" >\n                 <p><\/p>\n              <\/div>\n            <\/div>\n            <\/a>          <\/div>\n         <\/div><\/div>\n\t\t<\/div>\n\t<\/div>\n\t\n<\/div>\n<div class=\"accordion\">\n\t<div id=\"accordion-2731694284\" class=\"accordion-item\">\n\t\t<a id=\"accordion-2731694284-label\" class=\"accordion-title plain\" href=\"#accordion-item-prestaciones\" aria-expanded=\"false\" aria-controls=\"accordion-2731694284-content\" >\n\t\t\t<button class=\"toggle\" aria-label=\"Toggle\"><i class=\"icon-angle-down\"><\/i><\/button>\n\t\t\t<span>Prestaciones<\/span>\n\t\t<\/a>\n\t\t<div id=\"accordion-2731694284-content\" class=\"accordion-inner\" aria-labelledby=\"accordion-2731694284-label\" >\n\t\t\t\n<h1>10,0 km\/h<\/h1>\n<p>Velocidad max. marcha adelante<\/p>\n<h1>1500 kg<\/h1>\n<p>Capacidad de tracci\u00f3n max.en plano ( con contrapesos )<\/p>\n<h1>1<\/h1>\n<p>Operadores N \u00b0<\/p>\n\t\t<\/div>\n\t<\/div>\n\t\n<\/div>\n\t\t<\/div>\n\t\t\t\t\n<style>\n#col-467413504 > .col-inner {\n  padding: 0px 0px 0px 34px;\n}\n<\/style>\n\t<\/div>\n\n\t\n<\/div>\n\t\t<\/div>\n\n\t\t\n<style>\n#section_893344232 {\n  padding-top: 75px;\n  padding-bottom: 75px;\n  background-color: rgb(249, 249, 249);\n}\n@media (min-width:850px) {\n  #section_893344232 {\n    padding-top: 45px;\n    padding-bottom: 45px;\n  }\n}\n<\/style>\n\t<\/section>\n\t\n\n\t<section class=\"section\" id=\"section_237302702\">\n\t\t<div class=\"section-bg fill\" >\n\t\t\t\t\t\t\t\t\t\n\t\t\t\n\n\t\t<\/div>\n\n\t\t\n\n\t\t<div class=\"section-content relative\">\n\t\t\t\r\n\r\n<div class=\"row row-collapse align-middle\"  id=\"row-1833026343\">\r\n\r\n\n\t<div id=\"col-2115129450\" class=\"col small-12 large-12\"  >\n\t\t\t\t<div class=\"col-inner\"  >\n\t\t\t\n\t\t\t\r\n\r\n\t<div id=\"text-1711062278\" class=\"text\">\n\t\t\r\n\r\n<h2 style=\"text-align: center;\"><span style=\"color: #ff9900;\"><a style=\"color: #ff9900;\" href=\"https:\/\/padillacarretillaselevadoras.com\/solicitar-informacion\/\"><strong>Click Here to request more information about the product!<\/strong><\/a><\/span><\/h2>\r\n\t\t\n<style>\n#text-1711062278 {\n  text-align: center;\n}\n<\/style>\n\t<\/div>\n\t\r\n\r\n\t\t<\/div>\n\t\t\t\t\t<\/div>\n\n\t\r\n\r\n<\/div>\r\n\r\n\t\t<\/div>\n\n\t\t\n<style>\n#section_237302702 {\n  padding-top: 94px;\n  padding-bottom: 94px;\n}\n<\/style>\n\t<\/section>\n\t\n","protected":false},"excerpt":{"rendered":"<h2><span style=\"color: #f99b1c;\">K2 es la soluci\u00f3n ideal para eliminar la manipulaci\u00f3n manual de cargas y acelerar el movimiento<\/span><\/h2>\n<ul>\n<li>para cargas de hasta 1500 kg<\/li>\n<li>vers\u00e1til y compacto<\/li>\n<li>con ruedas que no dejan marcas para uso en interiores<\/li>\n<li>con retardador de velocidad de direcci\u00f3n opcional<\/li>\n<li>bot\u00f3n para ajuste de 5 velocidades<\/li>\n<li>Amplia gama de ganchos est\u00e1ndar o personalizables bajo pedido<\/li>\n<\/ul>\n<a href=\"https:\/\/padillacarretillaselevadoras.com\/solicitar-informacion\" class=\"button primary is-primary is-medium\"  >\n\t\t<span>Solicitar Informaci\u00f3n<\/span>\n\t<\/a>\n\n","protected":false},"featured_media":17161,"template":"","meta":[],"product_cat":[925,414,444,926],"product_tag":[],"yoast_head":"<!-- This site is optimized with the Yoast SEO plugin v20.6 - https:\/\/yoast.com\/wordpress\/plugins\/seo\/ -->\n<title>K2 - Tractor de remolque el\u00e9ctrico - Padilla Carretillas Elevadoras 4.0<\/title>\n<meta name=\"robots\" content=\"index, follow, max-snippet:-1, max-image-preview:large, max-video-preview:-1\" \/>\n<link rel=\"canonical\" href=\"https:\/\/padillacarretillaselevadoras.com\/en\/catalogo\/k2-tractor-de-remolque-electrico\/\" \/>\n<meta property=\"og:locale\" content=\"en_US\" \/>\n<meta property=\"og:type\" content=\"article\" \/>\n<meta property=\"og:title\" content=\"K2 - Tractor de remolque el\u00e9ctrico - Padilla Carretillas Elevadoras 4.0\" \/>\n<meta property=\"og:description\" content=\"K2 es la soluci\u00f3n ideal para eliminar la manipulaci\u00f3n manual de cargas y acelerar el movimiento   para cargas de hasta 1500 kg  vers\u00e1til y compacto  con ruedas que no dejan marcas para uso en interiores  con retardador de velocidad de direcci\u00f3n opcional  bot\u00f3n para ajuste de 5 velocidades  Amplia gama de ganchos est\u00e1ndar o personalizables bajo pedido\" \/>\n<meta property=\"og:url\" content=\"https:\/\/padillacarretillaselevadoras.com\/en\/catalogo\/k2-tractor-de-remolque-electrico\/\" \/>\n<meta property=\"og:site_name\" content=\"Padilla Carretillas Elevadoras 4.0\" \/>\n<meta property=\"article:modified_time\" content=\"2021-10-05T11:28:59+00:00\" \/>\n<meta property=\"og:image\" content=\"https:\/\/padillacarretillaselevadoras.com\/wp-content\/uploads\/2021\/09\/PRINC-12.jpg\" \/>\n\t<meta property=\"og:image:width\" content=\"800\" \/>\n\t<meta property=\"og:image:height\" content=\"698\" \/>\n\t<meta property=\"og:image:type\" content=\"image\/jpeg\" \/>\n<meta name=\"twitter:card\" content=\"summary_large_image\" \/>\n<meta name=\"twitter:label1\" content=\"Est. reading time\" \/>\n\t<meta name=\"twitter:data1\" content=\"2 minutes\" \/>\n<script type=\"application\/ld+json\" class=\"yoast-schema-graph\">{\"@context\":\"https:\/\/schema.org\",\"@graph\":[{\"@type\":\"WebPage\",\"@id\":\"https:\/\/padillacarretillaselevadoras.com\/en\/catalogo\/k2-tractor-de-remolque-electrico\/\",\"url\":\"https:\/\/padillacarretillaselevadoras.com\/en\/catalogo\/k2-tractor-de-remolque-electrico\/\",\"name\":\"K2 - Tractor de remolque el\u00e9ctrico - Padilla Carretillas Elevadoras 4.0\",\"isPartOf\":{\"@id\":\"https:\/\/padillacarretillaselevadoras.com\/#website\"},\"datePublished\":\"2021-10-05T11:28:57+00:00\",\"dateModified\":\"2021-10-05T11:28:59+00:00\",\"breadcrumb\":{\"@id\":\"https:\/\/padillacarretillaselevadoras.com\/en\/catalogo\/k2-tractor-de-remolque-electrico\/#breadcrumb\"},\"inLanguage\":\"en-US\",\"potentialAction\":[{\"@type\":\"ReadAction\",\"target\":[\"https:\/\/padillacarretillaselevadoras.com\/en\/catalogo\/k2-tractor-de-remolque-electrico\/\"]}]},{\"@type\":\"BreadcrumbList\",\"@id\":\"https:\/\/padillacarretillaselevadoras.com\/en\/catalogo\/k2-tractor-de-remolque-electrico\/#breadcrumb\",\"itemListElement\":[{\"@type\":\"ListItem\",\"position\":1,\"name\":\"Portada\",\"item\":\"https:\/\/padillacarretillaselevadoras.com\/en\/\"},{\"@type\":\"ListItem\",\"position\":2,\"name\":\"Tienda\",\"item\":\"https:\/\/padillacarretillaselevadoras.com\/tienda\/\"},{\"@type\":\"ListItem\",\"position\":3,\"name\":\"K2 &#8211; Tractor de remolque el\u00e9ctrico\"}]},{\"@type\":\"WebSite\",\"@id\":\"https:\/\/padillacarretillaselevadoras.com\/#website\",\"url\":\"https:\/\/padillacarretillaselevadoras.com\/\",\"name\":\"Padilla Carretillas Elevadoras 4.0\",\"description\":\"Carretillas elevadoras en Tenerife\",\"publisher\":{\"@id\":\"https:\/\/padillacarretillaselevadoras.com\/#organization\"},\"potentialAction\":[{\"@type\":\"SearchAction\",\"target\":{\"@type\":\"EntryPoint\",\"urlTemplate\":\"https:\/\/padillacarretillaselevadoras.com\/?s={search_term_string}\"},\"query-input\":\"required name=search_term_string\"}],\"inLanguage\":\"en-US\"},{\"@type\":\"Organization\",\"@id\":\"https:\/\/padillacarretillaselevadoras.com\/#organization\",\"name\":\"Padilla Carretillas Elevadoras 4.0\",\"url\":\"https:\/\/padillacarretillaselevadoras.com\/\",\"logo\":{\"@type\":\"ImageObject\",\"inLanguage\":\"en-US\",\"@id\":\"https:\/\/padillacarretillaselevadoras.com\/#\/schema\/logo\/image\/\",\"url\":\"https:\/\/padillacarretillaselevadoras.com\/wp-content\/uploads\/2018\/01\/logoWeb.png\",\"contentUrl\":\"https:\/\/padillacarretillaselevadoras.com\/wp-content\/uploads\/2018\/01\/logoWeb.png\",\"width\":255,\"height\":76,\"caption\":\"Padilla Carretillas Elevadoras 4.0\"},\"image\":{\"@id\":\"https:\/\/padillacarretillaselevadoras.com\/#\/schema\/logo\/image\/\"}}]}<\/script>\n<!-- \/ Yoast SEO plugin. -->","yoast_head_json":{"title":"K2 - Tractor de remolque el\u00e9ctrico - Padilla Carretillas Elevadoras 4.0","robots":{"index":"index","follow":"follow","max-snippet":"max-snippet:-1","max-image-preview":"max-image-preview:large","max-video-preview":"max-video-preview:-1"},"canonical":"https:\/\/padillacarretillaselevadoras.com\/en\/catalogo\/k2-tractor-de-remolque-electrico\/","og_locale":"en_US","og_type":"article","og_title":"K2 - Tractor de remolque el\u00e9ctrico - Padilla Carretillas Elevadoras 4.0","og_description":"K2 es la soluci\u00f3n ideal para eliminar la manipulaci\u00f3n manual de cargas y acelerar el movimiento   para cargas de hasta 1500 kg  vers\u00e1til y compacto  con ruedas que no dejan marcas para uso en interiores  con retardador de velocidad de direcci\u00f3n opcional  bot\u00f3n para ajuste de 5 velocidades  Amplia gama de ganchos est\u00e1ndar o personalizables bajo pedido","og_url":"https:\/\/padillacarretillaselevadoras.com\/en\/catalogo\/k2-tractor-de-remolque-electrico\/","og_site_name":"Padilla Carretillas Elevadoras 4.0","article_modified_time":"2021-10-05T11:28:59+00:00","og_image":[{"width":800,"height":698,"url":"https:\/\/padillacarretillaselevadoras.com\/wp-content\/uploads\/2021\/09\/PRINC-12.jpg","type":"image\/jpeg"}],"twitter_card":"summary_large_image","twitter_misc":{"Est. reading time":"2 minutes"},"schema":{"@context":"https:\/\/schema.org","@graph":[{"@type":"WebPage","@id":"https:\/\/padillacarretillaselevadoras.com\/en\/catalogo\/k2-tractor-de-remolque-electrico\/","url":"https:\/\/padillacarretillaselevadoras.com\/en\/catalogo\/k2-tractor-de-remolque-electrico\/","name":"K2 - Tractor de remolque el\u00e9ctrico - Padilla Carretillas Elevadoras 4.0","isPartOf":{"@id":"https:\/\/padillacarretillaselevadoras.com\/#website"},"datePublished":"2021-10-05T11:28:57+00:00","dateModified":"2021-10-05T11:28:59+00:00","breadcrumb":{"@id":"https:\/\/padillacarretillaselevadoras.com\/en\/catalogo\/k2-tractor-de-remolque-electrico\/#breadcrumb"},"inLanguage":"en-US","potentialAction":[{"@type":"ReadAction","target":["https:\/\/padillacarretillaselevadoras.com\/en\/catalogo\/k2-tractor-de-remolque-electrico\/"]}]},{"@type":"BreadcrumbList","@id":"https:\/\/padillacarretillaselevadoras.com\/en\/catalogo\/k2-tractor-de-remolque-electrico\/#breadcrumb","itemListElement":[{"@type":"ListItem","position":1,"name":"Portada","item":"https:\/\/padillacarretillaselevadoras.com\/en\/"},{"@type":"ListItem","position":2,"name":"Tienda","item":"https:\/\/padillacarretillaselevadoras.com\/tienda\/"},{"@type":"ListItem","position":3,"name":"K2 &#8211; Tractor de remolque el\u00e9ctrico"}]},{"@type":"WebSite","@id":"https:\/\/padillacarretillaselevadoras.com\/#website","url":"https:\/\/padillacarretillaselevadoras.com\/","name":"Padilla Carretillas Elevadoras 4.0","description":"Carretillas elevadoras en Tenerife","publisher":{"@id":"https:\/\/padillacarretillaselevadoras.com\/#organization"},"potentialAction":[{"@type":"SearchAction","target":{"@type":"EntryPoint","urlTemplate":"https:\/\/padillacarretillaselevadoras.com\/?s={search_term_string}"},"query-input":"required name=search_term_string"}],"inLanguage":"en-US"},{"@type":"Organization","@id":"https:\/\/padillacarretillaselevadoras.com\/#organization","name":"Padilla Carretillas Elevadoras 4.0","url":"https:\/\/padillacarretillaselevadoras.com\/","logo":{"@type":"ImageObject","inLanguage":"en-US","@id":"https:\/\/padillacarretillaselevadoras.com\/#\/schema\/logo\/image\/","url":"https:\/\/padillacarretillaselevadoras.com\/wp-content\/uploads\/2018\/01\/logoWeb.png","contentUrl":"https:\/\/padillacarretillaselevadoras.com\/wp-content\/uploads\/2018\/01\/logoWeb.png","width":255,"height":76,"caption":"Padilla Carretillas Elevadoras 4.0"},"image":{"@id":"https:\/\/padillacarretillaselevadoras.com\/#\/schema\/logo\/image\/"}}]}},"_links":{"self":[{"href":"https:\/\/padillacarretillaselevadoras.com\/en\/wp-json\/wp\/v2\/product\/18123"}],"collection":[{"href":"https:\/\/padillacarretillaselevadoras.com\/en\/wp-json\/wp\/v2\/product"}],"about":[{"href":"https:\/\/padillacarretillaselevadoras.com\/en\/wp-json\/wp\/v2\/types\/product"}],"wp:featuredmedia":[{"embeddable":true,"href":"https:\/\/padillacarretillaselevadoras.com\/en\/wp-json\/wp\/v2\/media\/17161"}],"wp:attachment":[{"href":"https:\/\/padillacarretillaselevadoras.com\/en\/wp-json\/wp\/v2\/media?parent=18123"}],"wp:term":[{"taxonomy":"product_cat","embeddable":true,"href":"https:\/\/padillacarretillaselevadoras.com\/en\/wp-json\/wp\/v2\/product_cat?post=18123"},{"taxonomy":"product_tag","embeddable":true,"href":"https:\/\/padillacarretillaselevadoras.com\/en\/wp-json\/wp\/v2\/product_tag?post=18123"}],"curies":[{"name":"wp","href":"https:\/\/api.w.org\/{rel}","templated":true}]}}