{"id":10911,"date":"2021-02-25T16:41:39","date_gmt":"2021-02-25T16:41:39","guid":{"rendered":"https:\/\/padillacarretillaselevadoras.com\/machinerie\/"},"modified":"2021-03-08T14:13:55","modified_gmt":"2021-03-08T14:13:55","slug":"machinerie","status":"publish","type":"page","link":"https:\/\/padillacarretillaselevadoras.com\/fr\/machinerie\/","title":{"rendered":"Machinerie"},"content":{"rendered":"\n\t<section class=\"section\" id=\"section_883368594\">\n\t\t<div class=\"section-bg fill\" >\n\t\t\t<img width=\"2560\" height=\"1709\" src=\"https:\/\/padillacarretillaselevadoras.com\/wp-content\/uploads\/2021\/02\/Padilla-005_AL74824-scaled.jpg\" class=\"bg attachment- size-\" alt=\"\" loading=\"lazy\" \/>\t\t\t\t\t\t<div class=\"section-bg-overlay absolute fill\"><\/div>\n\t\t\t\n\n\t\t<\/div>\n\n\t\t\n\n\t\t<div class=\"section-content relative\">\n\t\t\t\n<div class=\"row\"  id=\"row-1567847048\">\n\n\t<div id=\"col-2059186855\" class=\"col small-12 large-12\"  >\n\t\t\t\t<div class=\"col-inner\"  >\n\t\t\t\n\t\t\t\n\t<div id=\"gap-279850714\" class=\"gap-element clearfix\" style=\"display:block; height:auto;\">\n\t\t\n<style>\n#gap-279850714 {\n  padding-top: 30px;\n}\n<\/style>\n\t<\/div>\n\t\n<h1 style=\"text-align: center;\"><span style=\"color: #f0f0f0;\">NOUVELLES MACHINES<\/span><\/h1>\n<div class=\"text-center\"><div class=\"is-divider divider clearfix\" style=\"max-width:100px;height:4px;background-color:rgb(255, 139, 0);\"><\/div><\/div>\n\t\t<\/div>\n\t\t\t\t\t<\/div>\n\n\t\n<\/div>\n\t\t<\/div>\n\n\t\t\n<style>\n#section_883368594 {\n  padding-top: 41px;\n  padding-bottom: 41px;\n}\n#section_883368594 .section-bg-overlay {\n  background-color: rgba(52, 52, 52, 0.814);\n}\n<\/style>\n\t<\/section>\n\t\n\n\t<section class=\"section has-mask mask-angled-right\" id=\"section_1775544471\">\n\t\t<div class=\"section-bg fill\" >\n\t\t\t\t\t\t\t\t\t<button class=\"scroll-for-more z-5 icon absolute bottom h-center\" aria-label=\"Fais d\u00e9filer pour en savoir plus\"><i class=\"icon-angle-down\" style=\"font-size:42px;\" ><\/i><\/button>\n\t\t\t\n\n\t\t<\/div>\n\n\t\t\n\n\t\t<div class=\"section-content relative\">\n\t\t\t\n<div class=\"row row-large row-full-width align-middle align-center\"  id=\"row-1395229390\">\n\n\t<div id=\"col-1634326968\" class=\"col medium-12 small-12 large-4 medium-col-first\"  >\n\t\t\t\t<div class=\"col-inner\"  >\n\t\t\t\n\t\t\t\n\t<div class=\"img has-hover x md-x lg-x y md-y lg-y\" id=\"image_1726520956\">\n\t\t\t\t\t\t\t\t<div class=\"img-inner dark\" >\n\t\t\t<img width=\"900\" height=\"900\" src=\"https:\/\/padillacarretillaselevadoras.com\/wp-content\/uploads\/2021\/02\/apiladores-et-hero-1.png\" class=\"attachment-large size-large\" alt=\"maquinaria\" loading=\"lazy\" srcset=\"https:\/\/padillacarretillaselevadoras.com\/wp-content\/uploads\/2021\/02\/apiladores-et-hero-1.png 900w, https:\/\/padillacarretillaselevadoras.com\/wp-content\/uploads\/2021\/02\/apiladores-et-hero-1-300x300.png 300w, https:\/\/padillacarretillaselevadoras.com\/wp-content\/uploads\/2021\/02\/apiladores-et-hero-1-150x150.png 150w, https:\/\/padillacarretillaselevadoras.com\/wp-content\/uploads\/2021\/02\/apiladores-et-hero-1-768x768.png 768w, https:\/\/padillacarretillaselevadoras.com\/wp-content\/uploads\/2021\/02\/apiladores-et-hero-1-247x247.png 247w, https:\/\/padillacarretillaselevadoras.com\/wp-content\/uploads\/2021\/02\/apiladores-et-hero-1-510x510.png 510w, https:\/\/padillacarretillaselevadoras.com\/wp-content\/uploads\/2021\/02\/apiladores-et-hero-1-100x100.png 100w\" sizes=\"(max-width: 900px) 100vw, 900px\" \/>\t\t\t\t\t\t\n\t\t\t\t\t<\/div>\n\t\t\t\t\t\t\t\t\n<style>\n#image_1726520956 {\n  width: 100%;\n}\n<\/style>\n\t<\/div>\n\t\n\t\t<\/div>\n\t\t\t\t\t<\/div>\n\n\t\n\n\t<div id=\"col-1186365236\" class=\"col medium-10 small-10 large-6\"  >\n\t\t\t\t<div class=\"col-inner dark\"  >\n\t\t\t\n\t\t\t\n\t<div id=\"gap-135042991\" class=\"gap-element clearfix\" style=\"display:block; height:auto;\">\n\t\t\n<style>\n#gap-135042991 {\n  padding-top: 0px;\n}\n@media (min-width:550px) {\n  #gap-135042991 {\n    padding-top: 30px;\n  }\n}\n<\/style>\n\t<\/div>\n\t\n<div class=\"is-divider divider clearfix\" style=\"max-width:100px;height:4px;background-color:rgb(255, 139, 0);\"><\/div>\n\t<div id=\"text-2183830447\" class=\"text\">\n\t\t\n<div id=\"text-4228431061\" class=\"text\">\n<h3 class=\"uppercase\"><span style=\"color: #333333;\"><strong>LE MEILLEUR DES NOUVELLES MACHINES.<\/strong><\/span><\/h3>\n<h2 class=\"uppercase\"><span style=\"color: #333333;\">MACHINES DE MANUTENTION ET INDUSTRIELLES<\/span><\/h2>\n<p><span style=\"color: #333333;\">Nous avons une large gamme de nouvelles machines pour d\u00e9placer les mat\u00e9riaux de votre entrep\u00f4t. Distributeur CROWN pour la province de Tenerife. Le meilleur de la maintenance avec MB Forklift.<\/span><\/p>\n<\/div>\n\t\t\n<style>\n#text-2183830447 {\n  font-size: 1.75rem;\n  color: #191919;\n}\n#text-2183830447 > * {\n  color: #191919;\n}\n@media (min-width:550px) {\n  #text-2183830447 {\n    font-size: 1.25rem;\n  }\n}\n<\/style>\n\t<\/div>\n\t\n\t<div id=\"gap-1751031699\" class=\"gap-element clearfix\" style=\"display:block; height:auto;\">\n\t\t\n<style>\n#gap-1751031699 {\n  padding-top: 10px;\n}\n<\/style>\n\t<\/div>\n\t\n<a href=\"https:\/\/padillacarretillaselevadoras.com\/fr\/manutention-et-machines-industrielles\/\" class=\"button primary is-outline box-shadow-5-hover\"  style=\"border-radius:3px;padding:5px 30px 5px 30px;\">\n\t\t<span>voir les produits<\/span>\n\t<\/a>\n\n\t\t<\/div>\n\t\t\t\t\n<style>\n#col-1186365236 > .col-inner {\n  border-radius: 8px;\n}\n<\/style>\n\t<\/div>\n\n\t\n<\/div>\n\t\t<\/div>\n\n\t\t\n<style>\n#section_1775544471 {\n  padding-top: 37px;\n  padding-bottom: 37px;\n  background-color: rgb(255, 255, 255);\n}\n<\/style>\n\t<\/section>\n\t\n\n\t<section class=\"section has-mask mask-angled-right\" id=\"section_1416837668\">\n\t\t<div class=\"section-bg fill\" >\n\t\t\t\t\t\t\t\t\t<button class=\"scroll-for-more z-5 icon absolute bottom h-center\" aria-label=\"Fais d\u00e9filer pour en savoir plus\"><i class=\"icon-angle-down\" style=\"font-size:42px;\" ><\/i><\/button>\n\t\t\t\n\n\t\t<\/div>\n\n\t\t\n\n\t\t<div class=\"section-content relative\">\n\t\t\t\n<div class=\"row row-large row-full-width align-middle align-center\"  id=\"row-164504255\">\n\n\t<div id=\"col-1503412834\" class=\"col medium-10 small-10 large-6\"  >\n\t\t\t\t<div class=\"col-inner dark\"  >\n\t\t\t\n\t\t\t\n\t<div id=\"gap-754072113\" class=\"gap-element clearfix\" style=\"display:block; height:auto;\">\n\t\t\n<style>\n#gap-754072113 {\n  padding-top: 0px;\n}\n@media (min-width:550px) {\n  #gap-754072113 {\n    padding-top: 30px;\n  }\n}\n<\/style>\n\t<\/div>\n\t\n<div class=\"is-divider divider clearfix\" style=\"max-width:100px;height:4px;background-color:rgb(255, 139, 0);\"><\/div>\n\t<div id=\"text-2097895692\" class=\"text\">\n\t\t\n<h3 class=\"uppercase\"><strong>LE MEILLEUR DES NOUVELLES MACHINES.<\/strong><\/h3>\n<h2 class=\"uppercase\">MACHINES DE NETTOYAGE ET DE D\u00c9SINFECTION<\/h2>\n<p>\u00c9purateurs et balayeuses pour le nettoyage et la d\u00e9sinfection de vos installations et \/ ou entrep\u00f4t.<br \/>\n\t\t\n<style>\n#text-2097895692 {\n  font-size: 1.75rem;\n  color: #191919;\n}\n#text-2097895692 > * {\n  color: #191919;\n}\n@media (min-width:550px) {\n  #text-2097895692 {\n    font-size: 1.25rem;\n  }\n}\n<\/style>\n\t<\/div>\n\t\n\t<div id=\"gap-1022511359\" class=\"gap-element clearfix\" style=\"display:block; height:auto;\">\n\t\t\n<style>\n#gap-1022511359 {\n  padding-top: 10px;\n}\n<\/style>\n\t<\/div>\n\t\n<a href=\"https:\/\/padillacarretillaselevadoras.com\/fr\/categoria-producto\/maquinaria-de-limpieza-y-desinfeccion-fr\/\" class=\"button primary is-outline box-shadow-5-hover\"  style=\"border-radius:3px;padding:5px 30px 5px 30px;\">\n\t\t<span>voir les produits<\/span>\n\t<\/a>\n\n\t\t<\/div>\n\t\t\t\t\n<style>\n#col-1503412834 > .col-inner {\n  border-radius: 8px;\n}\n<\/style>\n\t<\/div>\n\n\t\n\n\t<div id=\"col-668676625\" class=\"col medium-12 small-12 large-4 medium-col-first\"  >\n\t\t\t\t<div class=\"col-inner\"  >\n\t\t\t\n\t\t\t\n\t<div class=\"img has-hover x md-x lg-x y md-y lg-y\" id=\"image_58153669\">\n\t\t\t\t\t\t\t\t<div class=\"img-inner dark\" >\n\t\t\t<img width=\"900\" height=\"900\" src=\"https:\/\/padillacarretillaselevadoras.com\/wp-content\/uploads\/2021\/02\/limpieza.png\" class=\"attachment-large size-large\" alt=\"maquinaria carretillas elevadoras en Tenerife\" loading=\"lazy\" srcset=\"https:\/\/padillacarretillaselevadoras.com\/wp-content\/uploads\/2021\/02\/limpieza.png 900w, https:\/\/padillacarretillaselevadoras.com\/wp-content\/uploads\/2021\/02\/limpieza-300x300.png 300w, https:\/\/padillacarretillaselevadoras.com\/wp-content\/uploads\/2021\/02\/limpieza-150x150.png 150w, https:\/\/padillacarretillaselevadoras.com\/wp-content\/uploads\/2021\/02\/limpieza-768x768.png 768w, https:\/\/padillacarretillaselevadoras.com\/wp-content\/uploads\/2021\/02\/limpieza-247x247.png 247w, https:\/\/padillacarretillaselevadoras.com\/wp-content\/uploads\/2021\/02\/limpieza-510x510.png 510w, https:\/\/padillacarretillaselevadoras.com\/wp-content\/uploads\/2021\/02\/limpieza-100x100.png 100w\" sizes=\"(max-width: 900px) 100vw, 900px\" \/>\t\t\t\t\t\t\n\t\t\t\t\t<\/div>\n\t\t\t\t\t\t\t\t\n<style>\n#image_58153669 {\n  width: 87%;\n}\n<\/style>\n\t<\/div>\n\t\n\t\t<\/div>\n\t\t\t\t\t<\/div>\n\n\t\n<\/div>\n\t\t<\/div>\n\n\t\t\n<style>\n#section_1416837668 {\n  padding-top: 37px;\n  padding-bottom: 37px;\n  background-color: rgb(255, 255, 255);\n}\n<\/style>\n\t<\/section>\n\t\n\n\t<section class=\"section has-mask mask-angled-right\" id=\"section_1588279333\">\n\t\t<div class=\"section-bg fill\" >\n\t\t\t\t\t\t\t\t\t\n\t\t\t\n\n\t\t<\/div>\n\n\t\t\n\n\t\t<div class=\"section-content relative\">\n\t\t\t\n<div class=\"row row-large row-full-width align-middle align-center\"  id=\"row-339033938\">\n\n\t<div id=\"col-1227216114\" class=\"col medium-12 small-12 large-4 medium-col-first\"  >\n\t\t\t\t<div class=\"col-inner\"  >\n\t\t\t\n\t\t\t\n\t<div class=\"img has-hover x md-x lg-x y md-y lg-y\" id=\"image_1962994046\">\n\t\t\t\t\t\t\t\t<div class=\"img-inner dark\" >\n\t\t\t<img width=\"627\" height=\"1024\" src=\"https:\/\/padillacarretillaselevadoras.com\/wp-content\/uploads\/2021\/02\/SAP1600-1-627x1024.png\" class=\"attachment-large size-large\" alt=\"maquinaria, carretillas elevadoras en Tenerife\" loading=\"lazy\" srcset=\"https:\/\/padillacarretillaselevadoras.com\/wp-content\/uploads\/2021\/02\/SAP1600-1-627x1024.png 627w, https:\/\/padillacarretillaselevadoras.com\/wp-content\/uploads\/2021\/02\/SAP1600-1-184x300.png 184w, https:\/\/padillacarretillaselevadoras.com\/wp-content\/uploads\/2021\/02\/SAP1600-1-768x1254.png 768w, https:\/\/padillacarretillaselevadoras.com\/wp-content\/uploads\/2021\/02\/SAP1600-1-941x1536.png 941w, https:\/\/padillacarretillaselevadoras.com\/wp-content\/uploads\/2021\/02\/SAP1600-1-1255x2048.png 1255w, https:\/\/padillacarretillaselevadoras.com\/wp-content\/uploads\/2021\/02\/SAP1600-1-247x403.png 247w, https:\/\/padillacarretillaselevadoras.com\/wp-content\/uploads\/2021\/02\/SAP1600-1-510x832.png 510w\" sizes=\"(max-width: 627px) 100vw, 627px\" \/>\t\t\t\t\t\t\n\t\t\t\t\t<\/div>\n\t\t\t\t\t\t\t\t\n<style>\n#image_1962994046 {\n  width: 87%;\n}\n<\/style>\n\t<\/div>\n\t\n\t\t<\/div>\n\t\t\t\t\t<\/div>\n\n\t\n\n\t<div id=\"col-656944058\" class=\"col medium-10 small-10 large-5\"  >\n\t\t\t\t<div class=\"col-inner dark\"  >\n\t\t\t\n\t\t\t\n\t<div id=\"gap-1978329289\" class=\"gap-element clearfix\" style=\"display:block; height:auto;\">\n\t\t\n<style>\n#gap-1978329289 {\n  padding-top: 0px;\n}\n@media (min-width:550px) {\n  #gap-1978329289 {\n    padding-top: 30px;\n  }\n}\n<\/style>\n\t<\/div>\n\t\n<div class=\"is-divider divider clearfix\" style=\"max-width:100px;height:4px;background-color:rgb(255, 139, 0);\"><\/div>\n\t<div id=\"text-3628187534\" class=\"text\">\n\t\t\n<h3><strong>TOUT EN AGV<\/strong><\/h3>\n<h2 class=\"uppercase\">MACHINES SP\u00c9CIALES<\/h2>\n<p>V\u00e9hicules \u00e0 guidage automatique pour le transport de toutes sortes de marchandises comme dernier maillon de sa cha\u00eene bas\u00e9 sur le concept de la Division Emballage. AGV Smarlogy<br \/>\n\t\t\n<style>\n#text-3628187534 {\n  font-size: 1.75rem;\n  color: #191919;\n}\n#text-3628187534 > * {\n  color: #191919;\n}\n@media (min-width:550px) {\n  #text-3628187534 {\n    font-size: 1.25rem;\n  }\n}\n<\/style>\n\t<\/div>\n\t\n\t<div id=\"gap-2051973089\" class=\"gap-element clearfix\" style=\"display:block; height:auto;\">\n\t\t\n<style>\n#gap-2051973089 {\n  padding-top: 10px;\n}\n<\/style>\n\t<\/div>\n\t\n<a href=\"https:\/\/padillacarretillaselevadoras.com\/fr\/machines-speciales\/\" class=\"button primary is-outline box-shadow-5-hover\"  style=\"border-radius:3px;padding:5px 30px 5px 30px;\">\n\t\t<span>voir les produits<\/span>\n\t<\/a>\n\n\t\t<\/div>\n\t\t\t\t\n<style>\n#col-656944058 > .col-inner {\n  border-radius: 8px;\n}\n<\/style>\n\t<\/div>\n\n\t\n<\/div>\n\t\t<\/div>\n\n\t\t\n<style>\n#section_1588279333 {\n  padding-top: 37px;\n  padding-bottom: 37px;\n  background-color: rgb(255, 255, 255);\n}\n<\/style>\n\t<\/section>\n\t\n\n\t<section class=\"section dark\" id=\"section_725372214\">\n\t\t<div class=\"section-bg fill\" >\n\t\t\t<img width=\"875\" height=\"600\" src=\"https:\/\/padillacarretillaselevadoras.com\/wp-content\/uploads\/2020\/08\/mejorar-la-eficacia-del-almac\u00e9n.jpg\" class=\"bg attachment- size-\" alt=\"mejorar la eficacia del almac\u00e9n\" loading=\"lazy\" \/>\t\t\t\t\t\t<div class=\"section-bg-overlay absolute fill\"><\/div>\n\t\t\t\n\n\t\t<\/div>\n\n\t\t\n\n\t\t<div class=\"section-content relative\">\n\t\t\t\n<div class=\"row\" style=\"max-width:1300px\" id=\"row-1527959969\">\n\n\t<div id=\"col-1517062239\" class=\"col small-12 large-12\"  >\n\t\t\t\t<div class=\"col-inner\"  >\n\t\t\t\n\t\t\t\n<div class=\"text-center\"><div class=\"is-divider divider clearfix\" style=\"max-width:100px;height:4px;background-color:rgb(255, 255, 255);\"><\/div><\/div>\n\t<div id=\"text-581536768\" class=\"text\">\n\t\t\n<h2 class=\"uppercase\">SUIVEZ-NOUS SUR NOS R\u00c9SEAUX<\/h2>\n\t\t\n<style>\n#text-581536768 {\n  font-size: 1.5rem;\n  text-align: center;\n}\n<\/style>\n\t<\/div>\n\t\n\t<div id=\"text-3622764042\" class=\"text\">\n\t\t\n<h6><span style=\"color: #ff9500;\"><a style=\"color: #ff9500;\" href=\"https:\/\/www.instagram.com\/padillacarretillaselevadoras\/\"><em><strong>@padillacarbarrow<\/strong><\/em><\/a><\/span><\/h6>\n\t\t\n<style>\n#text-3622764042 {\n  font-size: 1.25rem;\n  text-align: center;\n}\n<\/style>\n\t<\/div>\n\t\n\t\t<\/div>\n\t\t\t\t\t<\/div>\n\n\t\n<\/div>\n\t\t<\/div>\n\n\t\t\n<style>\n#section_725372214 {\n  padding-top: 39px;\n  padding-bottom: 39px;\n  background-color: rgb(25, 25, 25);\n}\n#section_725372214 .section-bg-overlay {\n  background-color: rgba(0, 0, 0, 0.826);\n}\n<\/style>\n\t<\/section>\n\t\n","protected":false},"excerpt":{"rendered":"","protected":false},"author":1,"featured_media":0,"parent":0,"menu_order":0,"comment_status":"closed","ping_status":"closed","template":"page-blank.php","meta":[],"yoast_head":"<!-- This site is optimized with the Yoast SEO plugin v20.6 - https:\/\/yoast.com\/wordpress\/plugins\/seo\/ -->\n<title>Machinerie - Padilla Carretillas Elevadoras 4.0<\/title>\n<meta name=\"robots\" content=\"index, follow, max-snippet:-1, max-image-preview:large, max-video-preview:-1\" \/>\n<link rel=\"canonical\" href=\"https:\/\/padillacarretillaselevadoras.com\/fr\/machinerie\/\" \/>\n<meta property=\"og:locale\" content=\"fr_FR\" \/>\n<meta property=\"og:type\" content=\"article\" \/>\n<meta property=\"og:title\" content=\"Machinerie - Padilla Carretillas Elevadoras 4.0\" \/>\n<meta property=\"og:url\" content=\"https:\/\/padillacarretillaselevadoras.com\/fr\/machinerie\/\" \/>\n<meta property=\"og:site_name\" content=\"Padilla Carretillas Elevadoras 4.0\" \/>\n<meta property=\"article:modified_time\" content=\"2021-03-08T14:13:55+00:00\" \/>\n<meta name=\"twitter:card\" content=\"summary_large_image\" \/>\n<meta name=\"twitter:label1\" content=\"Dur\u00e9e de lecture estim\u00e9e\" \/>\n\t<meta name=\"twitter:data1\" content=\"2 minutes\" \/>\n<script type=\"application\/ld+json\" class=\"yoast-schema-graph\">{\"@context\":\"https:\/\/schema.org\",\"@graph\":[{\"@type\":\"WebPage\",\"@id\":\"https:\/\/padillacarretillaselevadoras.com\/fr\/machinerie\/\",\"url\":\"https:\/\/padillacarretillaselevadoras.com\/fr\/machinerie\/\",\"name\":\"Machinerie - Padilla Carretillas Elevadoras 4.0\",\"isPartOf\":{\"@id\":\"https:\/\/padillacarretillaselevadoras.com\/#website\"},\"datePublished\":\"2021-02-25T16:41:39+00:00\",\"dateModified\":\"2021-03-08T14:13:55+00:00\",\"breadcrumb\":{\"@id\":\"https:\/\/padillacarretillaselevadoras.com\/fr\/machinerie\/#breadcrumb\"},\"inLanguage\":\"fr-FR\",\"potentialAction\":[{\"@type\":\"ReadAction\",\"target\":[\"https:\/\/padillacarretillaselevadoras.com\/fr\/machinerie\/\"]}]},{\"@type\":\"BreadcrumbList\",\"@id\":\"https:\/\/padillacarretillaselevadoras.com\/fr\/machinerie\/#breadcrumb\",\"itemListElement\":[{\"@type\":\"ListItem\",\"position\":1,\"name\":\"Portada\",\"item\":\"https:\/\/padillacarretillaselevadoras.com\/fr\/\"},{\"@type\":\"ListItem\",\"position\":2,\"name\":\"Machinerie\"}]},{\"@type\":\"WebSite\",\"@id\":\"https:\/\/padillacarretillaselevadoras.com\/#website\",\"url\":\"https:\/\/padillacarretillaselevadoras.com\/\",\"name\":\"Padilla Carretillas Elevadoras 4.0\",\"description\":\"Carretillas elevadoras en Tenerife\",\"publisher\":{\"@id\":\"https:\/\/padillacarretillaselevadoras.com\/#organization\"},\"potentialAction\":[{\"@type\":\"SearchAction\",\"target\":{\"@type\":\"EntryPoint\",\"urlTemplate\":\"https:\/\/padillacarretillaselevadoras.com\/?s={search_term_string}\"},\"query-input\":\"required name=search_term_string\"}],\"inLanguage\":\"fr-FR\"},{\"@type\":\"Organization\",\"@id\":\"https:\/\/padillacarretillaselevadoras.com\/#organization\",\"name\":\"Padilla Carretillas Elevadoras 4.0\",\"url\":\"https:\/\/padillacarretillaselevadoras.com\/\",\"logo\":{\"@type\":\"ImageObject\",\"inLanguage\":\"fr-FR\",\"@id\":\"https:\/\/padillacarretillaselevadoras.com\/#\/schema\/logo\/image\/\",\"url\":\"https:\/\/padillacarretillaselevadoras.com\/wp-content\/uploads\/2018\/01\/logoWeb.png\",\"contentUrl\":\"https:\/\/padillacarretillaselevadoras.com\/wp-content\/uploads\/2018\/01\/logoWeb.png\",\"width\":255,\"height\":76,\"caption\":\"Padilla Carretillas Elevadoras 4.0\"},\"image\":{\"@id\":\"https:\/\/padillacarretillaselevadoras.com\/#\/schema\/logo\/image\/\"}}]}<\/script>\n<!-- \/ Yoast SEO plugin. -->","yoast_head_json":{"title":"Machinerie - Padilla Carretillas Elevadoras 4.0","robots":{"index":"index","follow":"follow","max-snippet":"max-snippet:-1","max-image-preview":"max-image-preview:large","max-video-preview":"max-video-preview:-1"},"canonical":"https:\/\/padillacarretillaselevadoras.com\/fr\/machinerie\/","og_locale":"fr_FR","og_type":"article","og_title":"Machinerie - Padilla Carretillas Elevadoras 4.0","og_url":"https:\/\/padillacarretillaselevadoras.com\/fr\/machinerie\/","og_site_name":"Padilla Carretillas Elevadoras 4.0","article_modified_time":"2021-03-08T14:13:55+00:00","twitter_card":"summary_large_image","twitter_misc":{"Dur\u00e9e de lecture estim\u00e9e":"2 minutes"},"schema":{"@context":"https:\/\/schema.org","@graph":[{"@type":"WebPage","@id":"https:\/\/padillacarretillaselevadoras.com\/fr\/machinerie\/","url":"https:\/\/padillacarretillaselevadoras.com\/fr\/machinerie\/","name":"Machinerie - Padilla Carretillas Elevadoras 4.0","isPartOf":{"@id":"https:\/\/padillacarretillaselevadoras.com\/#website"},"datePublished":"2021-02-25T16:41:39+00:00","dateModified":"2021-03-08T14:13:55+00:00","breadcrumb":{"@id":"https:\/\/padillacarretillaselevadoras.com\/fr\/machinerie\/#breadcrumb"},"inLanguage":"fr-FR","potentialAction":[{"@type":"ReadAction","target":["https:\/\/padillacarretillaselevadoras.com\/fr\/machinerie\/"]}]},{"@type":"BreadcrumbList","@id":"https:\/\/padillacarretillaselevadoras.com\/fr\/machinerie\/#breadcrumb","itemListElement":[{"@type":"ListItem","position":1,"name":"Portada","item":"https:\/\/padillacarretillaselevadoras.com\/fr\/"},{"@type":"ListItem","position":2,"name":"Machinerie"}]},{"@type":"WebSite","@id":"https:\/\/padillacarretillaselevadoras.com\/#website","url":"https:\/\/padillacarretillaselevadoras.com\/","name":"Padilla Carretillas Elevadoras 4.0","description":"Carretillas elevadoras en Tenerife","publisher":{"@id":"https:\/\/padillacarretillaselevadoras.com\/#organization"},"potentialAction":[{"@type":"SearchAction","target":{"@type":"EntryPoint","urlTemplate":"https:\/\/padillacarretillaselevadoras.com\/?s={search_term_string}"},"query-input":"required name=search_term_string"}],"inLanguage":"fr-FR"},{"@type":"Organization","@id":"https:\/\/padillacarretillaselevadoras.com\/#organization","name":"Padilla Carretillas Elevadoras 4.0","url":"https:\/\/padillacarretillaselevadoras.com\/","logo":{"@type":"ImageObject","inLanguage":"fr-FR","@id":"https:\/\/padillacarretillaselevadoras.com\/#\/schema\/logo\/image\/","url":"https:\/\/padillacarretillaselevadoras.com\/wp-content\/uploads\/2018\/01\/logoWeb.png","contentUrl":"https:\/\/padillacarretillaselevadoras.com\/wp-content\/uploads\/2018\/01\/logoWeb.png","width":255,"height":76,"caption":"Padilla Carretillas Elevadoras 4.0"},"image":{"@id":"https:\/\/padillacarretillaselevadoras.com\/#\/schema\/logo\/image\/"}}]}},"_links":{"self":[{"href":"https:\/\/padillacarretillaselevadoras.com\/fr\/wp-json\/wp\/v2\/pages\/10911"}],"collection":[{"href":"https:\/\/padillacarretillaselevadoras.com\/fr\/wp-json\/wp\/v2\/pages"}],"about":[{"href":"https:\/\/padillacarretillaselevadoras.com\/fr\/wp-json\/wp\/v2\/types\/page"}],"author":[{"embeddable":true,"href":"https:\/\/padillacarretillaselevadoras.com\/fr\/wp-json\/wp\/v2\/users\/1"}],"replies":[{"embeddable":true,"href":"https:\/\/padillacarretillaselevadoras.com\/fr\/wp-json\/wp\/v2\/comments?post=10911"}],"version-history":[{"count":9,"href":"https:\/\/padillacarretillaselevadoras.com\/fr\/wp-json\/wp\/v2\/pages\/10911\/revisions"}],"predecessor-version":[{"id":14002,"href":"https:\/\/padillacarretillaselevadoras.com\/fr\/wp-json\/wp\/v2\/pages\/10911\/revisions\/14002"}],"wp:attachment":[{"href":"https:\/\/padillacarretillaselevadoras.com\/fr\/wp-json\/wp\/v2\/media?parent=10911"}],"curies":[{"name":"wp","href":"https:\/\/api.w.org\/{rel}","templated":true}]}}