{"id":14589,"date":"2021-03-22T11:59:46","date_gmt":"2021-03-22T11:59:46","guid":{"rendered":"https:\/\/padillacarretillaselevadoras.com\/producto\/carretilla-electrica-contrapesada-mitusibhi-fbnt16\/"},"modified":"2021-03-22T15:01:48","modified_gmt":"2021-03-22T15:01:48","slug":"carretilla-electrica-contrapesada-mitusibhi-fbnt16","status":"publish","type":"product","link":"https:\/\/padillacarretillaselevadoras.com\/fr\/catalogo\/carretilla-electrica-contrapesada-mitusibhi-fbnt16\/","title":{"rendered":"CHARIOT \u00c9LECTRIQUE CONTRE-\u00c9QUILIBR\u00c9 MITUSIBHI FBNT16"},"content":{"rendered":"<p id=\"tw-target-text\" class=\"tw-data-text tw-text-large XcVN5d tw-ta\" dir=\"ltr\" data-placeholder=\"Traducci\u00f3n\"><span lang=\"fr\">Chariot \u00e9l\u00e9vateur \u00e9lectrique \u00e0 contrepoids enregistr\u00e9. Il dispose d&rsquo;un m\u00e2t Triplex de 4 700 millim\u00e8tres et d&rsquo;une capacit\u00e9 maximale de 1 600 kilos.<\/span><\/p>\n<p id=\"tw-target-text\" class=\"tw-data-text tw-text-large XcVN5d tw-ta\" dir=\"ltr\" data-placeholder=\"Traducci\u00f3n\"><span lang=\"fr\">Il a subi une refonte compl\u00e8te et une mise au point.<\/span><\/p>\n","protected":false},"excerpt":{"rendered":"<p id=\"tw-target-text\" class=\"tw-data-text tw-text-large XcVN5d tw-ta\" dir=\"ltr\" data-placeholder=\"Traducci\u00f3n\"><span lang=\"fr\">CHARIOT \u00c9LECTRIQUE CONTRE-\u00c9QUILIBR\u00c9<\/span><\/p>\n","protected":false},"featured_media":14572,"template":"","meta":[],"product_cat":[784,784,845,845,576,576],"product_tag":[],"yoast_head":"<!-- This site is optimized with the Yoast SEO plugin v20.6 - https:\/\/yoast.com\/wordpress\/plugins\/seo\/ -->\n<title>CHARIOT \u00c9LECTRIQUE CONTRE-\u00c9QUILIBR\u00c9 MITUSIBHI FBNT16 - Padilla Carretillas Elevadoras 4.0<\/title>\n<meta name=\"robots\" content=\"index, follow, max-snippet:-1, max-image-preview:large, max-video-preview:-1\" \/>\n<link rel=\"canonical\" href=\"https:\/\/padillacarretillaselevadoras.com\/fr\/catalogo\/carretilla-electrica-contrapesada-mitusibhi-fbnt16\/\" \/>\n<meta property=\"og:locale\" content=\"fr_FR\" \/>\n<meta property=\"og:type\" content=\"article\" \/>\n<meta property=\"og:title\" content=\"CHARIOT \u00c9LECTRIQUE CONTRE-\u00c9QUILIBR\u00c9 MITUSIBHI FBNT16 - Padilla Carretillas Elevadoras 4.0\" \/>\n<meta property=\"og:description\" content=\"CHARIOT \u00c9LECTRIQUE CONTRE-\u00c9QUILIBR\u00c9\" \/>\n<meta property=\"og:url\" content=\"https:\/\/padillacarretillaselevadoras.com\/fr\/catalogo\/carretilla-electrica-contrapesada-mitusibhi-fbnt16\/\" \/>\n<meta property=\"og:site_name\" content=\"Padilla Carretillas Elevadoras 4.0\" \/>\n<meta property=\"article:modified_time\" content=\"2021-03-22T15:01:48+00:00\" \/>\n<meta property=\"og:image\" content=\"https:\/\/padillacarretillaselevadoras.com\/wp-content\/uploads\/2021\/03\/af77feb0-c819-446a-ae0c-2a85713516a4.jpg\" \/>\n\t<meta property=\"og:image:width\" content=\"2048\" \/>\n\t<meta property=\"og:image:height\" content=\"2048\" \/>\n\t<meta property=\"og:image:type\" content=\"image\/jpeg\" \/>\n<meta name=\"twitter:card\" content=\"summary_large_image\" \/>\n<meta name=\"twitter:label1\" content=\"Dur\u00e9e de lecture estim\u00e9e\" \/>\n\t<meta name=\"twitter:data1\" content=\"1 minute\" \/>\n<script type=\"application\/ld+json\" class=\"yoast-schema-graph\">{\"@context\":\"https:\/\/schema.org\",\"@graph\":[{\"@type\":\"WebPage\",\"@id\":\"https:\/\/padillacarretillaselevadoras.com\/fr\/catalogo\/carretilla-electrica-contrapesada-mitusibhi-fbnt16\/\",\"url\":\"https:\/\/padillacarretillaselevadoras.com\/fr\/catalogo\/carretilla-electrica-contrapesada-mitusibhi-fbnt16\/\",\"name\":\"CHARIOT \u00c9LECTRIQUE CONTRE-\u00c9QUILIBR\u00c9 MITUSIBHI FBNT16 - Padilla Carretillas Elevadoras 4.0\",\"isPartOf\":{\"@id\":\"https:\/\/padillacarretillaselevadoras.com\/#website\"},\"datePublished\":\"2021-03-22T11:59:46+00:00\",\"dateModified\":\"2021-03-22T15:01:48+00:00\",\"breadcrumb\":{\"@id\":\"https:\/\/padillacarretillaselevadoras.com\/fr\/catalogo\/carretilla-electrica-contrapesada-mitusibhi-fbnt16\/#breadcrumb\"},\"inLanguage\":\"fr-FR\",\"potentialAction\":[{\"@type\":\"ReadAction\",\"target\":[\"https:\/\/padillacarretillaselevadoras.com\/fr\/catalogo\/carretilla-electrica-contrapesada-mitusibhi-fbnt16\/\"]}]},{\"@type\":\"BreadcrumbList\",\"@id\":\"https:\/\/padillacarretillaselevadoras.com\/fr\/catalogo\/carretilla-electrica-contrapesada-mitusibhi-fbnt16\/#breadcrumb\",\"itemListElement\":[{\"@type\":\"ListItem\",\"position\":1,\"name\":\"Portada\",\"item\":\"https:\/\/padillacarretillaselevadoras.com\/fr\/\"},{\"@type\":\"ListItem\",\"position\":2,\"name\":\"Tienda\",\"item\":\"https:\/\/padillacarretillaselevadoras.com\/tienda\/\"},{\"@type\":\"ListItem\",\"position\":3,\"name\":\"CHARIOT \u00c9LECTRIQUE CONTRE-\u00c9QUILIBR\u00c9 MITUSIBHI FBNT16\"}]},{\"@type\":\"WebSite\",\"@id\":\"https:\/\/padillacarretillaselevadoras.com\/#website\",\"url\":\"https:\/\/padillacarretillaselevadoras.com\/\",\"name\":\"Padilla Carretillas Elevadoras 4.0\",\"description\":\"Carretillas elevadoras en Tenerife\",\"publisher\":{\"@id\":\"https:\/\/padillacarretillaselevadoras.com\/#organization\"},\"potentialAction\":[{\"@type\":\"SearchAction\",\"target\":{\"@type\":\"EntryPoint\",\"urlTemplate\":\"https:\/\/padillacarretillaselevadoras.com\/?s={search_term_string}\"},\"query-input\":\"required name=search_term_string\"}],\"inLanguage\":\"fr-FR\"},{\"@type\":\"Organization\",\"@id\":\"https:\/\/padillacarretillaselevadoras.com\/#organization\",\"name\":\"Padilla Carretillas Elevadoras 4.0\",\"url\":\"https:\/\/padillacarretillaselevadoras.com\/\",\"logo\":{\"@type\":\"ImageObject\",\"inLanguage\":\"fr-FR\",\"@id\":\"https:\/\/padillacarretillaselevadoras.com\/#\/schema\/logo\/image\/\",\"url\":\"https:\/\/padillacarretillaselevadoras.com\/wp-content\/uploads\/2018\/01\/logoWeb.png\",\"contentUrl\":\"https:\/\/padillacarretillaselevadoras.com\/wp-content\/uploads\/2018\/01\/logoWeb.png\",\"width\":255,\"height\":76,\"caption\":\"Padilla Carretillas Elevadoras 4.0\"},\"image\":{\"@id\":\"https:\/\/padillacarretillaselevadoras.com\/#\/schema\/logo\/image\/\"}}]}<\/script>\n<!-- \/ Yoast SEO plugin. -->","yoast_head_json":{"title":"CHARIOT \u00c9LECTRIQUE CONTRE-\u00c9QUILIBR\u00c9 MITUSIBHI FBNT16 - Padilla Carretillas Elevadoras 4.0","robots":{"index":"index","follow":"follow","max-snippet":"max-snippet:-1","max-image-preview":"max-image-preview:large","max-video-preview":"max-video-preview:-1"},"canonical":"https:\/\/padillacarretillaselevadoras.com\/fr\/catalogo\/carretilla-electrica-contrapesada-mitusibhi-fbnt16\/","og_locale":"fr_FR","og_type":"article","og_title":"CHARIOT \u00c9LECTRIQUE CONTRE-\u00c9QUILIBR\u00c9 MITUSIBHI FBNT16 - Padilla Carretillas Elevadoras 4.0","og_description":"CHARIOT \u00c9LECTRIQUE CONTRE-\u00c9QUILIBR\u00c9","og_url":"https:\/\/padillacarretillaselevadoras.com\/fr\/catalogo\/carretilla-electrica-contrapesada-mitusibhi-fbnt16\/","og_site_name":"Padilla Carretillas Elevadoras 4.0","article_modified_time":"2021-03-22T15:01:48+00:00","og_image":[{"width":2048,"height":2048,"url":"https:\/\/padillacarretillaselevadoras.com\/wp-content\/uploads\/2021\/03\/af77feb0-c819-446a-ae0c-2a85713516a4.jpg","type":"image\/jpeg"}],"twitter_card":"summary_large_image","twitter_misc":{"Dur\u00e9e de lecture estim\u00e9e":"1 minute"},"schema":{"@context":"https:\/\/schema.org","@graph":[{"@type":"WebPage","@id":"https:\/\/padillacarretillaselevadoras.com\/fr\/catalogo\/carretilla-electrica-contrapesada-mitusibhi-fbnt16\/","url":"https:\/\/padillacarretillaselevadoras.com\/fr\/catalogo\/carretilla-electrica-contrapesada-mitusibhi-fbnt16\/","name":"CHARIOT \u00c9LECTRIQUE CONTRE-\u00c9QUILIBR\u00c9 MITUSIBHI FBNT16 - Padilla Carretillas Elevadoras 4.0","isPartOf":{"@id":"https:\/\/padillacarretillaselevadoras.com\/#website"},"datePublished":"2021-03-22T11:59:46+00:00","dateModified":"2021-03-22T15:01:48+00:00","breadcrumb":{"@id":"https:\/\/padillacarretillaselevadoras.com\/fr\/catalogo\/carretilla-electrica-contrapesada-mitusibhi-fbnt16\/#breadcrumb"},"inLanguage":"fr-FR","potentialAction":[{"@type":"ReadAction","target":["https:\/\/padillacarretillaselevadoras.com\/fr\/catalogo\/carretilla-electrica-contrapesada-mitusibhi-fbnt16\/"]}]},{"@type":"BreadcrumbList","@id":"https:\/\/padillacarretillaselevadoras.com\/fr\/catalogo\/carretilla-electrica-contrapesada-mitusibhi-fbnt16\/#breadcrumb","itemListElement":[{"@type":"ListItem","position":1,"name":"Portada","item":"https:\/\/padillacarretillaselevadoras.com\/fr\/"},{"@type":"ListItem","position":2,"name":"Tienda","item":"https:\/\/padillacarretillaselevadoras.com\/tienda\/"},{"@type":"ListItem","position":3,"name":"CHARIOT \u00c9LECTRIQUE CONTRE-\u00c9QUILIBR\u00c9 MITUSIBHI FBNT16"}]},{"@type":"WebSite","@id":"https:\/\/padillacarretillaselevadoras.com\/#website","url":"https:\/\/padillacarretillaselevadoras.com\/","name":"Padilla Carretillas Elevadoras 4.0","description":"Carretillas elevadoras en Tenerife","publisher":{"@id":"https:\/\/padillacarretillaselevadoras.com\/#organization"},"potentialAction":[{"@type":"SearchAction","target":{"@type":"EntryPoint","urlTemplate":"https:\/\/padillacarretillaselevadoras.com\/?s={search_term_string}"},"query-input":"required name=search_term_string"}],"inLanguage":"fr-FR"},{"@type":"Organization","@id":"https:\/\/padillacarretillaselevadoras.com\/#organization","name":"Padilla Carretillas Elevadoras 4.0","url":"https:\/\/padillacarretillaselevadoras.com\/","logo":{"@type":"ImageObject","inLanguage":"fr-FR","@id":"https:\/\/padillacarretillaselevadoras.com\/#\/schema\/logo\/image\/","url":"https:\/\/padillacarretillaselevadoras.com\/wp-content\/uploads\/2018\/01\/logoWeb.png","contentUrl":"https:\/\/padillacarretillaselevadoras.com\/wp-content\/uploads\/2018\/01\/logoWeb.png","width":255,"height":76,"caption":"Padilla Carretillas Elevadoras 4.0"},"image":{"@id":"https:\/\/padillacarretillaselevadoras.com\/#\/schema\/logo\/image\/"}}]}},"_links":{"self":[{"href":"https:\/\/padillacarretillaselevadoras.com\/fr\/wp-json\/wp\/v2\/product\/14589"}],"collection":[{"href":"https:\/\/padillacarretillaselevadoras.com\/fr\/wp-json\/wp\/v2\/product"}],"about":[{"href":"https:\/\/padillacarretillaselevadoras.com\/fr\/wp-json\/wp\/v2\/types\/product"}],"wp:featuredmedia":[{"embeddable":true,"href":"https:\/\/padillacarretillaselevadoras.com\/fr\/wp-json\/wp\/v2\/media\/14572"}],"wp:attachment":[{"href":"https:\/\/padillacarretillaselevadoras.com\/fr\/wp-json\/wp\/v2\/media?parent=14589"}],"wp:term":[{"taxonomy":"product_cat","embeddable":true,"href":"https:\/\/padillacarretillaselevadoras.com\/fr\/wp-json\/wp\/v2\/product_cat?post=14589"},{"taxonomy":"product_tag","embeddable":true,"href":"https:\/\/padillacarretillaselevadoras.com\/fr\/wp-json\/wp\/v2\/product_tag?post=14589"}],"curies":[{"name":"wp","href":"https:\/\/api.w.org\/{rel}","templated":true}]}}