{"id":14600,"date":"2021-03-22T12:33:34","date_gmt":"2021-03-22T12:33:34","guid":{"rendered":"https:\/\/padillacarretillaselevadoras.com\/producto\/transpaleta-electrica-crown-wp3015-1-6\/"},"modified":"2021-03-22T12:37:24","modified_gmt":"2021-03-22T12:37:24","slug":"transpaleta-electrica-crown-wp3015-1-6","status":"publish","type":"product","link":"https:\/\/padillacarretillaselevadoras.com\/fr\/catalogo\/transpaleta-electrica-crown-wp3015-1-6\/","title":{"rendered":"TRANSPALETTE \u00c9LECTRIQUE \u00c0 PALETTESCROWN WP3015-1.6"},"content":{"rendered":"<p id=\"tw-target-text\" class=\"tw-data-text tw-text-large XcVN5d tw-ta\" dir=\"ltr\" data-placeholder=\"Traducci\u00f3n\"><span lang=\"fr\">Transpalette \u00e9lectrique de marque Crown d&rsquo;une capacit\u00e9 maximale de 1600 kilos. <\/span><\/p>\n<p class=\"tw-data-text tw-text-large XcVN5d tw-ta\" dir=\"ltr\" data-placeholder=\"Traducci\u00f3n\"><span lang=\"fr\">Il est destin\u00e9 \u00e0 une palette europ\u00e9enne et dispose d&rsquo;une grille de protection des marchandises. <\/span><\/p>\n<p class=\"tw-data-text tw-text-large XcVN5d tw-ta\" dir=\"ltr\" data-placeholder=\"Traducci\u00f3n\"><span lang=\"fr\">Il n&rsquo;a que 200 heures d&rsquo;utilisation.<\/span><\/p>\n","protected":false},"excerpt":{"rendered":"<p>Transpalette \u00e9lectrique<\/p>\n","protected":false},"featured_media":14595,"template":"","meta":[],"product_cat":[846,576,851],"product_tag":[],"yoast_head":"<!-- This site is optimized with the Yoast SEO plugin v20.6 - https:\/\/yoast.com\/wordpress\/plugins\/seo\/ -->\n<title>TRANSPALETTE \u00c9LECTRIQUE \u00c0 PALETTESCROWN WP3015-1.6 - Padilla Carretillas Elevadoras 4.0<\/title>\n<meta name=\"robots\" content=\"index, follow, max-snippet:-1, max-image-preview:large, max-video-preview:-1\" \/>\n<link rel=\"canonical\" href=\"https:\/\/padillacarretillaselevadoras.com\/fr\/catalogo\/transpaleta-electrica-crown-wp3015-1-6\/\" \/>\n<meta property=\"og:locale\" content=\"fr_FR\" \/>\n<meta property=\"og:type\" content=\"article\" \/>\n<meta property=\"og:title\" content=\"TRANSPALETTE \u00c9LECTRIQUE \u00c0 PALETTESCROWN WP3015-1.6 - Padilla Carretillas Elevadoras 4.0\" \/>\n<meta property=\"og:description\" content=\"Transpalette \u00e9lectrique\" \/>\n<meta property=\"og:url\" content=\"https:\/\/padillacarretillaselevadoras.com\/fr\/catalogo\/transpaleta-electrica-crown-wp3015-1-6\/\" \/>\n<meta property=\"og:site_name\" content=\"Padilla Carretillas Elevadoras 4.0\" \/>\n<meta property=\"article:modified_time\" content=\"2021-03-22T12:37:24+00:00\" \/>\n<meta property=\"og:image\" content=\"https:\/\/padillacarretillaselevadoras.com\/wp-content\/uploads\/2021\/03\/WhatsApp-Image-2019-03-05-at-09.37.52.jpeg\" \/>\n\t<meta property=\"og:image:width\" content=\"1600\" \/>\n\t<meta property=\"og:image:height\" content=\"1133\" \/>\n\t<meta property=\"og:image:type\" content=\"image\/jpeg\" \/>\n<meta name=\"twitter:card\" content=\"summary_large_image\" \/>\n<meta name=\"twitter:label1\" content=\"Dur\u00e9e de lecture estim\u00e9e\" \/>\n\t<meta name=\"twitter:data1\" content=\"1 minute\" \/>\n<script type=\"application\/ld+json\" class=\"yoast-schema-graph\">{\"@context\":\"https:\/\/schema.org\",\"@graph\":[{\"@type\":\"WebPage\",\"@id\":\"https:\/\/padillacarretillaselevadoras.com\/fr\/catalogo\/transpaleta-electrica-crown-wp3015-1-6\/\",\"url\":\"https:\/\/padillacarretillaselevadoras.com\/fr\/catalogo\/transpaleta-electrica-crown-wp3015-1-6\/\",\"name\":\"TRANSPALETTE \u00c9LECTRIQUE \u00c0 PALETTESCROWN WP3015-1.6 - Padilla Carretillas Elevadoras 4.0\",\"isPartOf\":{\"@id\":\"https:\/\/padillacarretillaselevadoras.com\/#website\"},\"datePublished\":\"2021-03-22T12:33:34+00:00\",\"dateModified\":\"2021-03-22T12:37:24+00:00\",\"breadcrumb\":{\"@id\":\"https:\/\/padillacarretillaselevadoras.com\/fr\/catalogo\/transpaleta-electrica-crown-wp3015-1-6\/#breadcrumb\"},\"inLanguage\":\"fr-FR\",\"potentialAction\":[{\"@type\":\"ReadAction\",\"target\":[\"https:\/\/padillacarretillaselevadoras.com\/fr\/catalogo\/transpaleta-electrica-crown-wp3015-1-6\/\"]}]},{\"@type\":\"BreadcrumbList\",\"@id\":\"https:\/\/padillacarretillaselevadoras.com\/fr\/catalogo\/transpaleta-electrica-crown-wp3015-1-6\/#breadcrumb\",\"itemListElement\":[{\"@type\":\"ListItem\",\"position\":1,\"name\":\"Portada\",\"item\":\"https:\/\/padillacarretillaselevadoras.com\/fr\/\"},{\"@type\":\"ListItem\",\"position\":2,\"name\":\"Tienda\",\"item\":\"https:\/\/padillacarretillaselevadoras.com\/tienda\/\"},{\"@type\":\"ListItem\",\"position\":3,\"name\":\"TRANSPALETTE \u00c9LECTRIQUE \u00c0 PALETTESCROWN WP3015-1.6\"}]},{\"@type\":\"WebSite\",\"@id\":\"https:\/\/padillacarretillaselevadoras.com\/#website\",\"url\":\"https:\/\/padillacarretillaselevadoras.com\/\",\"name\":\"Padilla Carretillas Elevadoras 4.0\",\"description\":\"Carretillas elevadoras en Tenerife\",\"publisher\":{\"@id\":\"https:\/\/padillacarretillaselevadoras.com\/#organization\"},\"potentialAction\":[{\"@type\":\"SearchAction\",\"target\":{\"@type\":\"EntryPoint\",\"urlTemplate\":\"https:\/\/padillacarretillaselevadoras.com\/?s={search_term_string}\"},\"query-input\":\"required name=search_term_string\"}],\"inLanguage\":\"fr-FR\"},{\"@type\":\"Organization\",\"@id\":\"https:\/\/padillacarretillaselevadoras.com\/#organization\",\"name\":\"Padilla Carretillas Elevadoras 4.0\",\"url\":\"https:\/\/padillacarretillaselevadoras.com\/\",\"logo\":{\"@type\":\"ImageObject\",\"inLanguage\":\"fr-FR\",\"@id\":\"https:\/\/padillacarretillaselevadoras.com\/#\/schema\/logo\/image\/\",\"url\":\"https:\/\/padillacarretillaselevadoras.com\/wp-content\/uploads\/2018\/01\/logoWeb.png\",\"contentUrl\":\"https:\/\/padillacarretillaselevadoras.com\/wp-content\/uploads\/2018\/01\/logoWeb.png\",\"width\":255,\"height\":76,\"caption\":\"Padilla Carretillas Elevadoras 4.0\"},\"image\":{\"@id\":\"https:\/\/padillacarretillaselevadoras.com\/#\/schema\/logo\/image\/\"}}]}<\/script>\n<!-- \/ Yoast SEO plugin. -->","yoast_head_json":{"title":"TRANSPALETTE \u00c9LECTRIQUE \u00c0 PALETTESCROWN WP3015-1.6 - Padilla Carretillas Elevadoras 4.0","robots":{"index":"index","follow":"follow","max-snippet":"max-snippet:-1","max-image-preview":"max-image-preview:large","max-video-preview":"max-video-preview:-1"},"canonical":"https:\/\/padillacarretillaselevadoras.com\/fr\/catalogo\/transpaleta-electrica-crown-wp3015-1-6\/","og_locale":"fr_FR","og_type":"article","og_title":"TRANSPALETTE \u00c9LECTRIQUE \u00c0 PALETTESCROWN WP3015-1.6 - Padilla Carretillas Elevadoras 4.0","og_description":"Transpalette \u00e9lectrique","og_url":"https:\/\/padillacarretillaselevadoras.com\/fr\/catalogo\/transpaleta-electrica-crown-wp3015-1-6\/","og_site_name":"Padilla Carretillas Elevadoras 4.0","article_modified_time":"2021-03-22T12:37:24+00:00","og_image":[{"width":1600,"height":1133,"url":"https:\/\/padillacarretillaselevadoras.com\/wp-content\/uploads\/2021\/03\/WhatsApp-Image-2019-03-05-at-09.37.52.jpeg","type":"image\/jpeg"}],"twitter_card":"summary_large_image","twitter_misc":{"Dur\u00e9e de lecture estim\u00e9e":"1 minute"},"schema":{"@context":"https:\/\/schema.org","@graph":[{"@type":"WebPage","@id":"https:\/\/padillacarretillaselevadoras.com\/fr\/catalogo\/transpaleta-electrica-crown-wp3015-1-6\/","url":"https:\/\/padillacarretillaselevadoras.com\/fr\/catalogo\/transpaleta-electrica-crown-wp3015-1-6\/","name":"TRANSPALETTE \u00c9LECTRIQUE \u00c0 PALETTESCROWN WP3015-1.6 - Padilla Carretillas Elevadoras 4.0","isPartOf":{"@id":"https:\/\/padillacarretillaselevadoras.com\/#website"},"datePublished":"2021-03-22T12:33:34+00:00","dateModified":"2021-03-22T12:37:24+00:00","breadcrumb":{"@id":"https:\/\/padillacarretillaselevadoras.com\/fr\/catalogo\/transpaleta-electrica-crown-wp3015-1-6\/#breadcrumb"},"inLanguage":"fr-FR","potentialAction":[{"@type":"ReadAction","target":["https:\/\/padillacarretillaselevadoras.com\/fr\/catalogo\/transpaleta-electrica-crown-wp3015-1-6\/"]}]},{"@type":"BreadcrumbList","@id":"https:\/\/padillacarretillaselevadoras.com\/fr\/catalogo\/transpaleta-electrica-crown-wp3015-1-6\/#breadcrumb","itemListElement":[{"@type":"ListItem","position":1,"name":"Portada","item":"https:\/\/padillacarretillaselevadoras.com\/fr\/"},{"@type":"ListItem","position":2,"name":"Tienda","item":"https:\/\/padillacarretillaselevadoras.com\/tienda\/"},{"@type":"ListItem","position":3,"name":"TRANSPALETTE \u00c9LECTRIQUE \u00c0 PALETTESCROWN WP3015-1.6"}]},{"@type":"WebSite","@id":"https:\/\/padillacarretillaselevadoras.com\/#website","url":"https:\/\/padillacarretillaselevadoras.com\/","name":"Padilla Carretillas Elevadoras 4.0","description":"Carretillas elevadoras en Tenerife","publisher":{"@id":"https:\/\/padillacarretillaselevadoras.com\/#organization"},"potentialAction":[{"@type":"SearchAction","target":{"@type":"EntryPoint","urlTemplate":"https:\/\/padillacarretillaselevadoras.com\/?s={search_term_string}"},"query-input":"required name=search_term_string"}],"inLanguage":"fr-FR"},{"@type":"Organization","@id":"https:\/\/padillacarretillaselevadoras.com\/#organization","name":"Padilla Carretillas Elevadoras 4.0","url":"https:\/\/padillacarretillaselevadoras.com\/","logo":{"@type":"ImageObject","inLanguage":"fr-FR","@id":"https:\/\/padillacarretillaselevadoras.com\/#\/schema\/logo\/image\/","url":"https:\/\/padillacarretillaselevadoras.com\/wp-content\/uploads\/2018\/01\/logoWeb.png","contentUrl":"https:\/\/padillacarretillaselevadoras.com\/wp-content\/uploads\/2018\/01\/logoWeb.png","width":255,"height":76,"caption":"Padilla Carretillas Elevadoras 4.0"},"image":{"@id":"https:\/\/padillacarretillaselevadoras.com\/#\/schema\/logo\/image\/"}}]}},"_links":{"self":[{"href":"https:\/\/padillacarretillaselevadoras.com\/fr\/wp-json\/wp\/v2\/product\/14600"}],"collection":[{"href":"https:\/\/padillacarretillaselevadoras.com\/fr\/wp-json\/wp\/v2\/product"}],"about":[{"href":"https:\/\/padillacarretillaselevadoras.com\/fr\/wp-json\/wp\/v2\/types\/product"}],"wp:featuredmedia":[{"embeddable":true,"href":"https:\/\/padillacarretillaselevadoras.com\/fr\/wp-json\/wp\/v2\/media\/14595"}],"wp:attachment":[{"href":"https:\/\/padillacarretillaselevadoras.com\/fr\/wp-json\/wp\/v2\/media?parent=14600"}],"wp:term":[{"taxonomy":"product_cat","embeddable":true,"href":"https:\/\/padillacarretillaselevadoras.com\/fr\/wp-json\/wp\/v2\/product_cat?post=14600"},{"taxonomy":"product_tag","embeddable":true,"href":"https:\/\/padillacarretillaselevadoras.com\/fr\/wp-json\/wp\/v2\/product_tag?post=14600"}],"curies":[{"name":"wp","href":"https:\/\/api.w.org\/{rel}","templated":true}]}}